{"id":85,"date":"2014-01-19T11:20:07","date_gmt":"2014-01-19T10:20:07","guid":{"rendered":"http:\/\/wp.meditation-marseille.org\/?page_id=85"},"modified":"2018-09-09T17:17:03","modified_gmt":"2018-09-09T15:17:03","slug":"au-service-du-public","status":"publish","type":"page","link":"https:\/\/www.meditation-marseille.org\/wordpress\/au-service-du-public\/","title":{"rendered":"Au service du public"},"content":{"rendered":"<p style=\"text-align: justify;\"><img loading=\"lazy\" decoding=\"async\" class=\"alignleft\" title=\"Service au public\" src=\"http:\/\/www.meditation-marseille.org\/images\/76.jpg\" alt=\"Service au public\" width=\"200\" height=\"144\" \/><b>Accueil du public pour \u00e9changes et renseignements : <\/b>n&rsquo;h\u00e9sitez pas \u00e0 <a href=\"http:\/\/www.meditation-marseille.org\/wordpress\/nous-contacter\/\">nous contacter<\/a>.<\/p>\n<p style=\"text-align: justify;\"><b>Initiation aux enseignements de Bouddha pour les groupes (adultes et scolaires)<\/b>\u00a0<b>en \u00e9cole, en entreprise ou associations<\/b> : renseignement et prise de rendez-vous par t\u00e9l\u00e9phone. Pr\u00e9sentation du bouddhisme, de la tradition Kadampa, de la vie de Bouddha Shakyamouni, et initiation aux enseignements de Bouddha avec une courte m\u00e9ditation \u00e0 la fin de la s\u00e9ance.<\/p>\n<p style=\"text-align: justify;\"><b>Service d&rsquo;aum\u00f4nerie pour le personnel m\u00e9dical et les patients<\/b>\u00a0: sur demande. Possibilit\u00e9 de m\u00e9ditations guid\u00e9es pour g\u00e9rer le stress et am\u00e9liorer sa concentration, sa patience et sa compassion. Pour les patients un soutien spirituel peut \u00eatre dispens\u00e9 sur demande \u00e9galement.<\/p>\n","protected":false},"excerpt":{"rendered":"<p>Accueil du public pour \u00e9changes et renseignements : n&rsquo;h\u00e9sitez pas \u00e0 nous contacter. Initiation aux enseignements de Bouddha pour les groupes (adultes et scolaires)\u00a0en \u00e9cole, en entreprise ou associations : <a class=\"more-link\" href=\"https:\/\/www.meditation-marseille.org\/wordpress\/au-service-du-public\/\">Continue Reading &rarr;<\/a><\/p>\n","protected":false},"author":1,"featured_media":0,"parent":0,"menu_order":0,"comment_status":"closed","ping_status":"closed","template":"","meta":{"footnotes":""},"class_list":["post-85","page","type-page","status-publish","hentry"],"_links":{"self":[{"href":"https:\/\/www.meditation-marseille.org\/wordpress\/wp-json\/wp\/v2\/pages\/85","targetHints":{"allow":["GET"]}}],"collection":[{"href":"https:\/\/www.meditation-marseille.org\/wordpress\/wp-json\/wp\/v2\/pages"}],"about":[{"href":"https:\/\/www.meditation-marseille.org\/wordpress\/wp-json\/wp\/v2\/types\/page"}],"author":[{"embeddable":true,"href":"https:\/\/www.meditation-marseille.org\/wordpress\/wp-json\/wp\/v2\/users\/1"}],"replies":[{"embeddable":true,"href":"https:\/\/www.meditation-marseille.org\/wordpress\/wp-json\/wp\/v2\/comments?post=85"}],"version-history":[{"count":9,"href":"https:\/\/www.meditation-marseille.org\/wordpress\/wp-json\/wp\/v2\/pages\/85\/revisions"}],"predecessor-version":[{"id":3346,"href":"https:\/\/www.meditation-marseille.org\/wordpress\/wp-json\/wp\/v2\/pages\/85\/revisions\/3346"}],"wp:attachment":[{"href":"https:\/\/www.meditation-marseille.org\/wordpress\/wp-json\/wp\/v2\/media?parent=85"}],"curies":[{"name":"wp","href":"https:\/\/api.w.org\/{rel}","templated":true}]}}