{"id":8384,"date":"2026-04-27T23:53:59","date_gmt":"2026-04-27T21:53:59","guid":{"rendered":"https:\/\/www.meditation-marseille.org\/wordpress\/?page_id=8384"},"modified":"2026-04-27T23:55:55","modified_gmt":"2026-04-27T21:55:55","slug":"retraite-de-recitation-de-mantras","status":"publish","type":"page","link":"https:\/\/www.meditation-marseille.org\/wordpress\/retraite-de-recitation-de-mantras\/","title":{"rendered":"Retraite de r\u00e9citation de mantras"},"content":{"rendered":"\n<h4 class=\"wp-block-heading\">Samedi 6 juin \u00e0 Marseille<\/h4>\n\n\n\n<div style=\"height:25px\" aria-hidden=\"true\" class=\"wp-block-spacer\"><\/div>\n\n\n\n<div class=\"wp-block-buttons is-layout-flex wp-block-buttons-is-layout-flex\">\n<div class=\"wp-block-button\"><a class=\"wp-block-button__link wp-element-button\" href=\"https:\/\/www.helloasso.com\/associations\/centre-bouddhiste-kadampa-menlha\/evenements\/retraite-offrande-foi\">Inscription<\/a><\/div>\n<\/div>\n\n\n\n<div style=\"height:23px\" aria-hidden=\"true\" class=\"wp-block-spacer\"><\/div>\n\n\n\n<h4 class=\"wp-block-heading\"><strong>Pourquoi participer \u00e0 cette journ\u00e9e ? <\/strong><\/h4>\n\n\n<div class=\"wp-block-image\">\n<figure class=\"alignright size-full is-resized\"><img loading=\"lazy\" decoding=\"async\" width=\"650\" height=\"649\" src=\"https:\/\/www.meditation-marseille.org\/wordpress\/wp-content\/uploads\/2024\/05\/34335416_1769171043172114_4701029292463620096_n.jpg\" alt=\"\" class=\"wp-image-6575\" style=\"aspect-ratio:1.0015538562175343;width:264px;height:auto\" srcset=\"https:\/\/www.meditation-marseille.org\/wordpress\/wp-content\/uploads\/2024\/05\/34335416_1769171043172114_4701029292463620096_n.jpg 650w, https:\/\/www.meditation-marseille.org\/wordpress\/wp-content\/uploads\/2024\/05\/34335416_1769171043172114_4701029292463620096_n-300x300.jpg 300w, https:\/\/www.meditation-marseille.org\/wordpress\/wp-content\/uploads\/2024\/05\/34335416_1769171043172114_4701029292463620096_n-150x150.jpg 150w\" sizes=\"auto, (max-width: 650px) 100vw, 650px\" \/><\/figure>\n<\/div>\n\n\n<p>\ud83d\udd39 La journ\u00e9e du 4 juin (m\u00eame si nous la f\u00eaterons le 6 juin) est un jour tr\u00e8s sp\u00e9cial dans la Nouvelle Tradition Kadampa. Nous c\u00e9l\u00e9brons ce jour la rotation de la roue du dharma (le moment du premier enseignement de Bouddha, 49 jours apr\u00e8s son illumination) ainsi que la datte d&rsquo;anniversaire du fondateur de la tradition, V\u00e9n\u00e9rable Gu\u00e9sh\u00e9 Kelsang Gyatso Rinpotch\u00e9<br><br>\ud83d\udd39 Une retraite sp\u00e9ciale est organis\u00e9e ce jour-l\u00e0, sur la base de la pri\u00e8re appel\u00e9e <i>Les centaines de d\u00e9it\u00e9s du pays joyeux<\/i> ainsi que la <i>Requ\u00eate au saint guide spirituel<\/i>, <i>V\u00e9n\u00e9rable Gu\u00e9sh\u00e9 Kelsang Gyatso, provenant de ses disciples fid\u00e8les<\/i>. Durant ces s\u00e9ances, l&rsquo;accent est mis sur la r\u00e9citation du mantra nom de Gu\u00e9sh\u00e9-la.<\/p>\n\n\n\n<p>\ud83d\udd39 Cet \u00e9v\u00e8nement exceptionnel est pour nous l&rsquo;occasion d&rsquo;accumuler une grande quantit\u00e9 de karma positif et de cr\u00e9er ou renforcer notre lien avec notre guide spirituel !<\/p>\n\n\n\n<hr class=\"wp-block-separator has-css-opacity is-style-default\"\/>\n\n\n<div class=\"wp-block-image is-style-rounded\">\n<figure class=\"aligncenter size-full is-resized\"><img loading=\"lazy\" decoding=\"async\" width=\"960\" height=\"880\" src=\"https:\/\/www.meditation-marseille.org\/wordpress\/wp-content\/uploads\/2025\/10\/14449964_1224743990880639_3766953018583066834_n-1.jpg\" alt=\"\" class=\"wp-image-7632\" style=\"width:150px;height:150px\" srcset=\"https:\/\/www.meditation-marseille.org\/wordpress\/wp-content\/uploads\/2025\/10\/14449964_1224743990880639_3766953018583066834_n-1.jpg 960w, https:\/\/www.meditation-marseille.org\/wordpress\/wp-content\/uploads\/2025\/10\/14449964_1224743990880639_3766953018583066834_n-1-300x275.jpg 300w, https:\/\/www.meditation-marseille.org\/wordpress\/wp-content\/uploads\/2025\/10\/14449964_1224743990880639_3766953018583066834_n-1-768x704.jpg 768w\" sizes=\"auto, (max-width: 960px) 100vw, 960px\" \/><\/figure>\n<\/div>\n\n\n<blockquote class=\"wp-block-quote has-text-align-center is-style-large is-layout-flow wp-block-quote-is-layout-flow\">\n<p class=\"has-black-color has-text-color has-link-color wp-elements-85e42d90d943a3c6c45c989a5d97bbff\" style=\"font-size:18px\">\u00ab\u00a0Le but ultime de la vie humaine est d\u2019atteindre l\u2019illumination et nous avons besoin pour cela de recevoir continuellement les b\u00e9n\u00e9dictions sp\u00e9ciales de tous les bouddhas par l\u2019interm\u00e9diaire de notre guide spirituel. \u00bb<\/p>\n<cite>\u2014 Gu\u00e9sh\u00e9 Kelsang Gyatso Rinpotch\u00e9<\/cite><\/blockquote>\n\n\n\n<hr class=\"wp-block-separator has-css-opacity is-style-default\"\/>\n\n\n\n<h4 class=\"wp-block-heading\"><strong>Qui peut participer<\/strong> <strong>?<\/strong><\/h4>\n\n\n\n<p>Cette retraite est conseill\u00e9e pour les personnes d\u00e9j\u00e0 famili\u00e8res de la m\u00e9ditation et des pri\u00e8res de la Nouvelle Tradition Kadampa. <br>De br\u00e8ves explications seront donn\u00e9es mais il n&rsquo;y a pas d&rsquo;enseignement.<\/p>\n\n\n\n<p><\/p>\n\n\n\n<h4 class=\"wp-block-heading\"><strong>D\u00e9roul\u00e9 des s\u00e9ances <\/strong><\/h4>\n\n\n\n<ul class=\"wp-block-list\">\n<li>Chaque s\u00e9ance comporte des pri\u00e8res chant\u00e9es, des temps de m\u00e9ditation en silence (non guid\u00e9s) ainsi que du temps en silence pour la r\u00e9citation de mantras. <\/li>\n\n\n\n<li>Les pri\u00e8res r\u00e9alis\u00e9es pendant chaque s\u00e9ance sont <i>Les centaines de d\u00e9it\u00e9s du pays joyeux<\/i> ainsi que la <i>Requ\u00eate au saint guide spirituel<\/i>, <i>V\u00e9n\u00e9rable Gu\u00e9sh\u00e9 Kelsang Gyatso, provenant de ses disciples fid\u00e8les<\/i>.<\/li>\n\n\n\n<li>Chaque s\u00e9ance dure entre 1h15 et 1h30. <\/li>\n<\/ul>\n\n\n\n<p><\/p>\n\n\n\n<h4 class=\"wp-block-heading\"><strong>Programme de la journ\u00e9e<\/strong><\/h4>\n\n\n\n<ul class=\"wp-block-list\">\n<li>9h30 : s\u00e9ance 1<\/li>\n\n\n\n<li>11h30 : s\u00e9ance 2<\/li>\n\n\n\n<li>14h30 : s\u00e9ance 3<\/li>\n\n\n\n<li>17h00 : Offrande au Guide Spirituel<\/li>\n<\/ul>\n\n\n\n<p><\/p>\n\n\n\n<h4 class=\"wp-block-heading\"><strong>Infos pratiques<\/strong><\/h4>\n\n\n\n<p>\u2705 Tarif : gratuit<br>\u2705 Lieu : <a title=\"Afficher sur Google Maps\" href=\"https:\/\/www.google.fr\/maps\/place\/8+Place+Pierre+Roux,+13005+Marseille\/@43.2859579,5.3923894,16.5z\/data=!4m5!3m4!1s0x12c9bf5615461b51:0x1fa339ce849dfc59!8m2!3d43.2856424!4d5.3952217\" target=\"_blank\" rel=\"noopener\">8 Place Pierre Roux, 13 005 Marseille (5 min m\u00e9tro Baille)<\/a>.<\/p>\n\n\n\n<p><\/p>\n\n\n\n<h4 class=\"wp-block-heading\"><strong>Qui va animer cet atelier ?<\/strong><\/h4>\n\n\n\n<div class=\"wp-block-media-text has-media-on-the-right is-stacked-on-mobile is-vertically-aligned-center is-image-fill-element\" style=\"grid-template-columns:auto 30%\"><div class=\"wp-block-media-text__content\">\n<p><\/p>\n\n\n\n<p><strong>Gu\u00e8n Kelsang Lhassang<\/strong> est l\u2019enseignante principale du Centre Bouddhiste Kadampa de Marseille.<br><br>Elle nous transmet les enseignements de Bouddha avec patience et douceur en nous donnant des conseils pratiques pour nous permettre de d\u00e9velopper nos qualit\u00e9s et surmonter nos difficult\u00e9s.<br><br>Gu\u00e8n Kelsang Lhassang pratique le Bouddhisme Kadampa depuis pr\u00e8s de 20 ans et a re\u00e7u l\u2019ordination en 2007.<\/p>\n<\/div><figure class=\"wp-block-media-text__media\"><img loading=\"lazy\" decoding=\"async\" width=\"765\" height=\"1024\" src=\"https:\/\/www.meditation-marseille.org\/wordpress\/wp-content\/uploads\/2025\/12\/Guen-Kelsang-Lhassang-2025-765x1024.jpg\" alt=\"\" class=\"wp-image-7792 size-full\" style=\"object-position:49% 32%\" srcset=\"https:\/\/www.meditation-marseille.org\/wordpress\/wp-content\/uploads\/2025\/12\/Guen-Kelsang-Lhassang-2025-765x1024.jpg 765w, https:\/\/www.meditation-marseille.org\/wordpress\/wp-content\/uploads\/2025\/12\/Guen-Kelsang-Lhassang-2025-224x300.jpg 224w, https:\/\/www.meditation-marseille.org\/wordpress\/wp-content\/uploads\/2025\/12\/Guen-Kelsang-Lhassang-2025-768x1028.jpg 768w, https:\/\/www.meditation-marseille.org\/wordpress\/wp-content\/uploads\/2025\/12\/Guen-Kelsang-Lhassang-2025.jpg 983w\" sizes=\"auto, (max-width: 765px) 100vw, 765px\" \/><\/figure><\/div>\n\n\n\n<hr class=\"wp-block-separator has-alpha-channel-opacity\"\/>\n\n\n\n<p><span style=\"font-size: 14pt;\">N\u2019h\u00e9sitez pas \u00e0 consulter<\/span> <span style=\"font-size: 14pt;\"><a title=\"Calendrier des enseignements\" href=\"http:\/\/www.meditation-marseille.org\/wordpress\/calendrier-des-enseignements\/\">le calendrier complet des activit\u00e9s du centre<\/a>.<\/span><\/p>\n","protected":false},"excerpt":{"rendered":"<p>Samedi 6 juin \u00e0 Marseille Pourquoi participer \u00e0 cette journ\u00e9e ? \ud83d\udd39 La journ\u00e9e du 4 juin (m\u00eame si nous la f\u00eaterons le 6 juin) est un jour tr\u00e8s sp\u00e9cial <a class=\"more-link\" href=\"https:\/\/www.meditation-marseille.org\/wordpress\/retraite-de-recitation-de-mantras\/\">Continue Reading &rarr;<\/a><\/p>\n","protected":false},"author":1,"featured_media":0,"parent":0,"menu_order":0,"comment_status":"closed","ping_status":"closed","template":"","meta":{"footnotes":""},"class_list":["post-8384","page","type-page","status-publish","hentry"],"_links":{"self":[{"href":"https:\/\/www.meditation-marseille.org\/wordpress\/wp-json\/wp\/v2\/pages\/8384","targetHints":{"allow":["GET"]}}],"collection":[{"href":"https:\/\/www.meditation-marseille.org\/wordpress\/wp-json\/wp\/v2\/pages"}],"about":[{"href":"https:\/\/www.meditation-marseille.org\/wordpress\/wp-json\/wp\/v2\/types\/page"}],"author":[{"embeddable":true,"href":"https:\/\/www.meditation-marseille.org\/wordpress\/wp-json\/wp\/v2\/users\/1"}],"replies":[{"embeddable":true,"href":"https:\/\/www.meditation-marseille.org\/wordpress\/wp-json\/wp\/v2\/comments?post=8384"}],"version-history":[{"count":4,"href":"https:\/\/www.meditation-marseille.org\/wordpress\/wp-json\/wp\/v2\/pages\/8384\/revisions"}],"predecessor-version":[{"id":8389,"href":"https:\/\/www.meditation-marseille.org\/wordpress\/wp-json\/wp\/v2\/pages\/8384\/revisions\/8389"}],"wp:attachment":[{"href":"https:\/\/www.meditation-marseille.org\/wordpress\/wp-json\/wp\/v2\/media?parent=8384"}],"curies":[{"name":"wp","href":"https:\/\/api.w.org\/{rel}","templated":true}]}}