{"id":8262,"date":"2026-03-22T16:07:33","date_gmt":"2026-03-22T15:07:33","guid":{"rendered":"https:\/\/www.meditation-marseille.org\/wordpress\/?page_id=8262"},"modified":"2026-04-11T16:14:06","modified_gmt":"2026-04-11T14:14:06","slug":"stage-du-weekend-la-mort-dans-le-bouddhisme","status":"publish","type":"page","link":"https:\/\/www.meditation-marseille.org\/wordpress\/stage-du-weekend-la-mort-dans-le-bouddhisme\/","title":{"rendered":"Stage du weekend : la mort dans le bouddhisme"},"content":{"rendered":"\n<h5 class=\"wp-block-heading\">Weekend du 9 et 10 mai 2026<\/h5>\n\n\n\n<p><\/p>\n\n\n\n<div class=\"wp-block-buttons is-layout-flex wp-block-buttons-is-layout-flex\">\n<div class=\"wp-block-button\"><a class=\"wp-block-button__link wp-element-button\" href=\"https:\/\/www.helloasso.com\/associations\/centre-bouddhiste-kadampa-menlha\/evenements\/stage-la-mort-dans-le-bouddhisme\">Inscription<\/a><\/div>\n<\/div>\n\n\n\n<p><\/p>\n\n\n\n<figure class=\"wp-block-image size-large\"><a href=\"https:\/\/www.meditation-marseille.org\/wordpress\/wp-content\/uploads\/2026\/04\/2026-05-09-affiche-FB-mort.jpg\"><img loading=\"lazy\" decoding=\"async\" width=\"1024\" height=\"597\" src=\"https:\/\/www.meditation-marseille.org\/wordpress\/wp-content\/uploads\/2026\/04\/2026-05-09-affiche-FB-mort-1024x597.jpg\" alt=\"\" class=\"wp-image-8310\" srcset=\"https:\/\/www.meditation-marseille.org\/wordpress\/wp-content\/uploads\/2026\/04\/2026-05-09-affiche-FB-mort-1024x597.jpg 1024w, https:\/\/www.meditation-marseille.org\/wordpress\/wp-content\/uploads\/2026\/04\/2026-05-09-affiche-FB-mort-300x175.jpg 300w, https:\/\/www.meditation-marseille.org\/wordpress\/wp-content\/uploads\/2026\/04\/2026-05-09-affiche-FB-mort-768x447.jpg 768w, https:\/\/www.meditation-marseille.org\/wordpress\/wp-content\/uploads\/2026\/04\/2026-05-09-affiche-FB-mort.jpg 1500w\" sizes=\"auto, (max-width: 1024px) 100vw, 1024px\" \/><\/a><\/figure>\n\n\n\n<p><\/p>\n\n\n\n<h4 class=\"wp-block-heading\"><strong>Pourquoi participer \u00e0 ce stage ? <\/strong><\/h4>\n\n\n\n<p>\ud83d\udd39 En g\u00e9n\u00e9ral, nous pr\u00e9f\u00e9rons ne pas trop penser \u00e0 la mort. Nous avons souvent beaucoup d&rsquo;interrogations, de doutes ou de craintes. Et quand nous y sommes confront\u00e9s, pour nous-m\u00eame ou pour les autres, nous sommes souvent choqu\u00e9s. <br>\ud83d\udd39 Bouddha dans ses enseignements propose des explications sur le processus de la mort, sur l&rsquo;\u00e9tat interm\u00e9diaire (appel\u00e9 <em>bardo <\/em>en tib\u00e9tain) et sur ce qui nous attend apr\u00e8s la mort. <br>\ud83d\udd39 En r\u00e9alisant ces enseignements, nous pourrons \u00eatre mieux pr\u00e9parer face \u00e0 notre mort, \u00e0 celle des autres et m\u00eame de venir en aide aux personnes en fin de vie. Nous pourrons alors donner tout son sens \u00e0 notre vie et \u00eatre serein au quotidien. <br>\ud83d\udd39 Durant cet atelier, Gu\u00e8n Lhassang partagera l\u2019\u00e9clairage profond que propose le bouddhisme sur la mort et guidera des m\u00e9ditations pour nous familiariser avec ce sujet en douceur et avec joie.<\/p>\n\n\n\n<h4 class=\"wp-block-heading\"><strong>Qui peut participer ?<\/strong><\/h4>\n\n\n\n<p>\ud83d\udd39 Tout le monde ! Ce stage est ouvert \u00e0 toutes et tous, il n&rsquo;est pas n\u00e9cessaire de connaitre la m\u00e9ditation ni d&rsquo;\u00eatre bouddhiste. <br>\ud83d\udd39 Il n&rsquo;est pas obligatoire de participer au stage complet : vous pouvez participer aux s\u00e9ances de votre choix.<\/p>\n\n\n\n<h4 class=\"wp-block-heading\"><strong>D\u00e9roul\u00e9 des s\u00e9ances<\/strong><\/h4>\n\n\n\n<p>\ud83d\udd39 Chaque s\u00e9ance comporte de ce stage comporte une partie enseignement et une partie m\u00e9ditation guid\u00e9e. Tout le monde peut suivre ces s\u00e9ances, m\u00eame sans aucune exp\u00e9rience de la m\u00e9ditation ou du bouddhisme !<br>\ud83d\udd39 Chaque s\u00e9ance dure environ 1h15.<\/p>\n\n\n\n<h4 class=\"wp-block-heading\"><strong><strong>Programme<\/strong> <strong>du weekend<\/strong><\/strong><\/h4>\n\n\n\n<div class=\"wp-block-group is-horizontal is-content-justification-left is-layout-flex wp-container-core-group-is-layout-9cde4f48 wp-block-group-is-layout-flex\">\n<p><strong>Samedi 9 mai<\/strong><br>&#8211; 9h30 : s\u00e9ance 1<br>&#8211; 11h30 : s\u00e9ance 2<br>&#8211; 14h30 : s\u00e9ance 3<br>&#8211; 17h00 : Joyau qui exauce les souhaits avec tsog (pri\u00e8re chant\u00e9e avec offrande de nourriture)<\/p>\n\n\n\n<p><strong>Dimanche 10 mai<\/strong><br>&#8211; 9h30 : s\u00e9ance 4<br>&#8211; 11h30 : s\u00e9ance 5<br>&#8211; 14h30 : Offrande au Guide Spirituel (pri\u00e8re chant\u00e9e)<\/p>\n<\/div>\n\n\n\n<p><\/p>\n\n\n\n<div class=\"wp-block-group\"><div class=\"wp-block-group__inner-container is-layout-constrained wp-block-group-is-layout-constrained\">\n<h4 class=\"wp-block-heading\"><strong><strong><strong>Qui va animer ce stage ? <\/strong><\/strong><\/strong><\/h4>\n<\/div><\/div>\n\n\n\n<div class=\"wp-block-media-text has-media-on-the-right is-stacked-on-mobile is-vertically-aligned-center is-image-fill-element\" style=\"grid-template-columns:auto 30%\"><div class=\"wp-block-media-text__content\">\n<p><\/p>\n\n\n\n<p><strong>Gu\u00e8n Kelsang Lhassang<\/strong> est l\u2019enseignante principale du Centre Bouddhiste Kadampa de Marseille.<br><br>Elle nous transmet les enseignements de Bouddha avec patience et douceur en nous donnant des conseils pratiques pour nous permettre de d\u00e9velopper nos qualit\u00e9s et surmonter nos difficult\u00e9s.<br><br>Gu\u00e8n Kelsang Lhassang pratique le Bouddhisme Kadampa depuis pr\u00e8s de 20 ans et a re\u00e7u l\u2019ordination en 2007.<\/p>\n<\/div><figure class=\"wp-block-media-text__media\"><img loading=\"lazy\" decoding=\"async\" width=\"765\" height=\"1024\" src=\"https:\/\/www.meditation-marseille.org\/wordpress\/wp-content\/uploads\/2025\/12\/Guen-Kelsang-Lhassang-2025-765x1024.jpg\" alt=\"\" class=\"wp-image-7792 size-full\" style=\"object-position:49% 32%\" srcset=\"https:\/\/www.meditation-marseille.org\/wordpress\/wp-content\/uploads\/2025\/12\/Guen-Kelsang-Lhassang-2025-765x1024.jpg 765w, https:\/\/www.meditation-marseille.org\/wordpress\/wp-content\/uploads\/2025\/12\/Guen-Kelsang-Lhassang-2025-224x300.jpg 224w, https:\/\/www.meditation-marseille.org\/wordpress\/wp-content\/uploads\/2025\/12\/Guen-Kelsang-Lhassang-2025-768x1028.jpg 768w, https:\/\/www.meditation-marseille.org\/wordpress\/wp-content\/uploads\/2025\/12\/Guen-Kelsang-Lhassang-2025.jpg 983w\" sizes=\"auto, (max-width: 765px) 100vw, 765px\" \/><\/figure><\/div>\n\n\n\n<p><\/p>\n\n\n\n<h4 class=\"wp-block-heading\"><strong><strong>Tarifs propos\u00e9s<\/strong><\/strong><\/h4>\n\n\n\n<figure class=\"wp-block-table\"><table><tbody><tr><td>Tarif propos\u00e9<\/td><td class=\"has-text-align-center\" data-align=\"center\">Tarif normal<\/td><td class=\"has-text-align-center\" data-align=\"center\">Tarif r\u00e9duit<\/td><\/tr><tr><td>Weekend complet<\/td><td class=\"has-text-align-center\" data-align=\"center\">35\u20ac<\/td><td class=\"has-text-align-center\" data-align=\"center\">30\u20ac<\/td><\/tr><tr><td>Paiement par s\u00e9ance<\/td><td class=\"has-text-align-center\" data-align=\"center\">8\u20ac<\/td><td class=\"has-text-align-center\" data-align=\"center\">5\u20ac<\/td><\/tr><\/tbody><\/table><figcaption class=\"wp-element-caption\">Personne n&rsquo;est refus\u00e9 pour manque d&rsquo;argent<\/figcaption><\/figure>\n\n\n\n<p>Inscription en ligne conseill\u00e9e. <\/p>\n\n\n\n<h4 class=\"wp-block-heading\"><strong><strong><strong>Infos pratiques<\/strong><\/strong><\/strong><\/h4>\n\n\n\n<p>\ud83d\udccc Lieu : <a href=\"https:\/\/www.google.fr\/maps\/place\/8+Place+Pierre+Roux,+13005+Marseille\/@43.2859579,5.3923894,16.5z\/data=!4m5!3m4!1s0x12c9bf5615461b51:0x1fa339ce849dfc59!8m2!3d43.2856424!4d5.3952217\" target=\"_blank\" rel=\"noreferrer noopener\">8 Place Pierre Roux, 13 005 Marseille (5 min m\u00e9tro Baille)<\/a>.<br>\u2705 Plus d&rsquo;informations : <a href=\"mailto:epc@meditation-marseille.org\">epc@meditation-marseille.org<\/a> \/ T\u00e9l : 09 83 04 55 46 (non surtax\u00e9) ou 06 78 22 40 50<br><\/p>\n\n\n\n<p><\/p>\n","protected":false},"excerpt":{"rendered":"<p>Weekend du 9 et 10 mai 2026 Pourquoi participer \u00e0 ce stage ? \ud83d\udd39 En g\u00e9n\u00e9ral, nous pr\u00e9f\u00e9rons ne pas trop penser \u00e0 la mort. Nous avons souvent beaucoup d&rsquo;interrogations, <a class=\"more-link\" href=\"https:\/\/www.meditation-marseille.org\/wordpress\/stage-du-weekend-la-mort-dans-le-bouddhisme\/\">Continue Reading &rarr;<\/a><\/p>\n","protected":false},"author":1,"featured_media":0,"parent":0,"menu_order":0,"comment_status":"closed","ping_status":"closed","template":"","meta":{"footnotes":""},"class_list":["post-8262","page","type-page","status-publish","hentry"],"_links":{"self":[{"href":"https:\/\/www.meditation-marseille.org\/wordpress\/wp-json\/wp\/v2\/pages\/8262","targetHints":{"allow":["GET"]}}],"collection":[{"href":"https:\/\/www.meditation-marseille.org\/wordpress\/wp-json\/wp\/v2\/pages"}],"about":[{"href":"https:\/\/www.meditation-marseille.org\/wordpress\/wp-json\/wp\/v2\/types\/page"}],"author":[{"embeddable":true,"href":"https:\/\/www.meditation-marseille.org\/wordpress\/wp-json\/wp\/v2\/users\/1"}],"replies":[{"embeddable":true,"href":"https:\/\/www.meditation-marseille.org\/wordpress\/wp-json\/wp\/v2\/comments?post=8262"}],"version-history":[{"count":5,"href":"https:\/\/www.meditation-marseille.org\/wordpress\/wp-json\/wp\/v2\/pages\/8262\/revisions"}],"predecessor-version":[{"id":8313,"href":"https:\/\/www.meditation-marseille.org\/wordpress\/wp-json\/wp\/v2\/pages\/8262\/revisions\/8313"}],"wp:attachment":[{"href":"https:\/\/www.meditation-marseille.org\/wordpress\/wp-json\/wp\/v2\/media?parent=8262"}],"curies":[{"name":"wp","href":"https:\/\/api.w.org\/{rel}","templated":true}]}}