{"id":79,"date":"2014-01-19T11:15:53","date_gmt":"2014-01-19T10:15:53","guid":{"rendered":"http:\/\/wp.meditation-marseille.org\/?page_id=79"},"modified":"2017-10-01T22:02:35","modified_gmt":"2017-10-01T20:02:35","slug":"les-editions-tharpa","status":"publish","type":"page","link":"https:\/\/www.meditation-marseille.org\/wordpress\/les-editions-tharpa\/","title":{"rendered":"Les \u00e9ditions Tharpa"},"content":{"rendered":"<p style=\"text-align: justify;\">Les <a title=\"Tharpa\" href=\"http:\/\/www.tharpa.com\/fr\/\" target=\"_blank\">\u00c9ditions Tharpa<\/a> sont une maison d\u2019\u00e9dition qui met \u00e0 la port\u00e9e de tous la sagesse d\u2019un bouddhisme moderne en publiant les ouvrages de <a title=\"V\u00e9n\u00e9rable Gu\u00e9sh\u00e9 Kelsang Gyatso\" href=\"http:\/\/www.meditation-marseille.org\/wordpress\/venerable-gueshe-kelsang-gyatso\/\">V\u00e9n\u00e9rable Gu\u00e9sh\u00e9 Kelsang Gyatso Rinpoch\u00e9<\/a>, un ma\u00eetre bouddhiste contemporain, auteur prolifique et enseignant de renomm\u00e9e internationale.<\/p>\n<p style=\"text-align: justify;\">R\u00e9dig\u00e9s avec une clart\u00e9 incomparable, les livres de Gu\u00e9sh\u00e9 Kelsang Gyatso proposent une approche pratique qui convient aux besoins de notre \u00e9poque. Ces livres sont traduits dans plusieurs langues et sont tr\u00e8s vari\u00e9s, proposant tant des textes d\u2019introduction que des commentaires d\u00e9taill\u00e9s sur les notions bouddhistes les plus profondes. Ils constituent en outre le fondement m\u00eame des programmes d\u2019\u00e9tudes des plus populaires portant sur le bouddhisme moderne et la m\u00e9ditation. Ces programmes d\u2019\u00e9tudes sont organis\u00e9s dans les centres du monde entier.<\/p>\n<p style=\"text-align: justify;\">Les livres de Tharpa ainsi que les CD de la collection \u00ab M\u00e9diter au quotidien \u00bb sont disponibles sur le site <a title=\"Tharpa\" href=\"http:\/\/www.tharpa.com\/fr\/\" target=\"_blank\">Tharpa.com<\/a> ainsi que dans les grandes librairies.<\/p>\n<p><a title=\"Tous les livres de Gh\u00e9sh\u00e9 Kelsang Gyatso\" href=\"http:\/\/tharpa.com\/fr\/produits-tharpa\/livres-bouddhisme-meditation.html\" target=\"_blank\"><img loading=\"lazy\" decoding=\"async\" class=\"alignleft\" style=\"border: 0px;\" src=\"http:\/\/www.meditation-marseille.org\/wordpress\/wp-content\/uploads\/2014\/01\/home-banner-main_1_870x387_fr.jpg\" alt=\"home-banner-main_1_870x387_fr\" width=\"676\" height=\"277\" \/><\/a><a title=\"Collection m\u00e9diter au quotidien\" href=\"http:\/\/tharpa.com\/fr\/produits-tharpa\/cd-meditations-guidees-audio.html\" target=\"_blank\"><img loading=\"lazy\" decoding=\"async\" class=\"alignleft\" style=\"border: 0px;\" src=\"http:\/\/www.meditation-marseille.org\/wordpress\/wp-content\/uploads\/2014\/01\/home-banner-main_2_870x387_fr.jpg\" alt=\"home-banner-main_2_870x387_fr\" width=\"687\" height=\"311\" \/><\/a><\/p>\n","protected":false},"excerpt":{"rendered":"<p>Les \u00c9ditions Tharpa sont une maison d\u2019\u00e9dition qui met \u00e0 la port\u00e9e de tous la sagesse d\u2019un bouddhisme moderne en publiant les ouvrages de V\u00e9n\u00e9rable Gu\u00e9sh\u00e9 Kelsang Gyatso Rinpoch\u00e9, un <a class=\"more-link\" href=\"https:\/\/www.meditation-marseille.org\/wordpress\/les-editions-tharpa\/\">Continue Reading &rarr;<\/a><\/p>\n","protected":false},"author":1,"featured_media":0,"parent":0,"menu_order":0,"comment_status":"closed","ping_status":"closed","template":"","meta":{"footnotes":""},"class_list":["post-79","page","type-page","status-publish","hentry"],"_links":{"self":[{"href":"https:\/\/www.meditation-marseille.org\/wordpress\/wp-json\/wp\/v2\/pages\/79","targetHints":{"allow":["GET"]}}],"collection":[{"href":"https:\/\/www.meditation-marseille.org\/wordpress\/wp-json\/wp\/v2\/pages"}],"about":[{"href":"https:\/\/www.meditation-marseille.org\/wordpress\/wp-json\/wp\/v2\/types\/page"}],"author":[{"embeddable":true,"href":"https:\/\/www.meditation-marseille.org\/wordpress\/wp-json\/wp\/v2\/users\/1"}],"replies":[{"embeddable":true,"href":"https:\/\/www.meditation-marseille.org\/wordpress\/wp-json\/wp\/v2\/comments?post=79"}],"version-history":[{"count":12,"href":"https:\/\/www.meditation-marseille.org\/wordpress\/wp-json\/wp\/v2\/pages\/79\/revisions"}],"predecessor-version":[{"id":2439,"href":"https:\/\/www.meditation-marseille.org\/wordpress\/wp-json\/wp\/v2\/pages\/79\/revisions\/2439"}],"wp:attachment":[{"href":"https:\/\/www.meditation-marseille.org\/wordpress\/wp-json\/wp\/v2\/media?parent=79"}],"curies":[{"name":"wp","href":"https:\/\/api.w.org\/{rel}","templated":true}]}}