{"id":76,"date":"2014-01-19T11:13:33","date_gmt":"2014-01-19T10:13:33","guid":{"rendered":"http:\/\/wp.meditation-marseille.org\/?page_id=76"},"modified":"2017-04-08T23:56:49","modified_gmt":"2017-04-08T21:56:49","slug":"le-centre-de-meditation-kadampa-france","status":"publish","type":"page","link":"https:\/\/www.meditation-marseille.org\/wordpress\/le-centre-de-meditation-kadampa-france\/","title":{"rendered":"Le Centre de M\u00e9ditation Kadampa France"},"content":{"rendered":"<p style=\"text-align: justify;\"><img loading=\"lazy\" decoding=\"async\" class=\"wp-image-1484 alignright\" style=\"border: 0px;\" title=\"CMK France\" src=\"http:\/\/www.meditation-marseille.org\/wordpress\/wp-content\/uploads\/2014\/01\/cmk_france-300x199.jpg\" alt=\"\" width=\"353\" height=\"234\" srcset=\"https:\/\/www.meditation-marseille.org\/wordpress\/wp-content\/uploads\/2014\/01\/cmk_france-300x199.jpg 300w, https:\/\/www.meditation-marseille.org\/wordpress\/wp-content\/uploads\/2014\/01\/cmk_france-1024x680.jpg 1024w, https:\/\/www.meditation-marseille.org\/wordpress\/wp-content\/uploads\/2014\/01\/cmk_france.jpg 2048w\" sizes=\"auto, (max-width: 353px) 100vw, 353px\" \/>Le <a title=\"Centre de M\u00e9ditation Kadampa France\" href=\"http:\/\/www.kadampafrance.org\/\" target=\"_blank\">CMK France<\/a> est le centre m\u00e8re de la tradition Kadampa en France. Ce centre de m\u00e9ditation est implant\u00e9 au c\u0153ur de 6 hectares de parc, au ch\u00e2teau de Segrais. Celui-ci h\u00e9berge \u00e9galement les <a title=\"Les \u00e9ditions Tharpa\" href=\"http:\/\/www.meditation-marseille.org\/wordpress\/les-editions-tharpa\/\" target=\"_blank\">Editions Tharpa<\/a>. Le CMK France est un lieu d&rsquo;\u00e9tude du\u00a0bouddhisme et de retraite m\u00e9ditative. Les trois programmes d&rsquo;\u00e9tude de la <a title=\"Le bouddhisme kadampa\" href=\"http:\/\/www.meditation-marseille.org\/wordpress\/le-bouddhisme-kadampa\/\" target=\"_blank\">NKT-IKBU<\/a> y sont organis\u00e9s ainsi que de nombreuses retraites en groupe ou solitaire.<\/p>\n<p style=\"text-align: justify;\">Afin <img loading=\"lazy\" decoding=\"async\" class=\"alignleft wp-image-1508 \" style=\"border: 0px;\" src=\"http:\/\/www.meditation-marseille.org\/wordpress\/wp-content\/uploads\/2014\/01\/gompa_3.jpg\" alt=\"Gompa CMK\" width=\"371\" height=\"250\" \/>de faire d\u00e9couvrir le bouddhisme Kadampa, le centre organise des enseignements en semaine, des week-ends \u00e0 th\u00e8me, des visites guid\u00e9es ou des s\u00e9jours pour partager la vie de la communaut\u00e9. Plusieurs \u00e9v\u00e9nements exceptionnels ont lieu tout au long de l&rsquo;ann\u00e9e. Au printemps, le centre accueille le Festival fran\u00e7ais, en automne la C\u00e9l\u00e9bration du Dharma et en hiver les traditionnelles retraites annuelles.<\/p>\n<p style=\"text-align: justify;\">Programme et renseignements\u00a0 sur\u00a0<span style=\"color: #3366ff;\"><a title=\"CMK France\" href=\"http:\/\/www.kadampafrance.org\/\" target=\"_blank\"><span style=\"color: #3366ff;\">www.kadampafrance.org<\/span><\/a><\/span><\/p>\n<p style=\"text-align: justify;\">Les <a href=\"http:\/\/www.tharpa.com\/fr\/\" target=\"_blank\">Editions Tharpa France<\/a>, sont une maison d&rsquo;\u00e9dition qui se charge de distribuer dans le monde francophone les ouvrages et livrets de pri\u00e8res compos\u00e9s par <a title=\"V\u00e9n\u00e9rable Gu\u00e9sh\u00e9 Kelsang Gyatso\" href=\"http:\/\/www.meditation-marseille.org\/wordpress\/venerable-gueshe-kelsang-gyatso\/\">Gu\u00e9sh\u00e9 Kelsang Gyatso<\/a>.<\/p>\n<p>&nbsp;<\/p>\n","protected":false},"excerpt":{"rendered":"<p>Le CMK France est le centre m\u00e8re de la tradition Kadampa en France. Ce centre de m\u00e9ditation est implant\u00e9 au c\u0153ur de 6 hectares de parc, au ch\u00e2teau de Segrais. <a class=\"more-link\" href=\"https:\/\/www.meditation-marseille.org\/wordpress\/le-centre-de-meditation-kadampa-france\/\">Continue Reading &rarr;<\/a><\/p>\n","protected":false},"author":1,"featured_media":0,"parent":0,"menu_order":0,"comment_status":"closed","ping_status":"closed","template":"","meta":{"footnotes":""},"class_list":["post-76","page","type-page","status-publish","hentry"],"_links":{"self":[{"href":"https:\/\/www.meditation-marseille.org\/wordpress\/wp-json\/wp\/v2\/pages\/76","targetHints":{"allow":["GET"]}}],"collection":[{"href":"https:\/\/www.meditation-marseille.org\/wordpress\/wp-json\/wp\/v2\/pages"}],"about":[{"href":"https:\/\/www.meditation-marseille.org\/wordpress\/wp-json\/wp\/v2\/types\/page"}],"author":[{"embeddable":true,"href":"https:\/\/www.meditation-marseille.org\/wordpress\/wp-json\/wp\/v2\/users\/1"}],"replies":[{"embeddable":true,"href":"https:\/\/www.meditation-marseille.org\/wordpress\/wp-json\/wp\/v2\/comments?post=76"}],"version-history":[{"count":10,"href":"https:\/\/www.meditation-marseille.org\/wordpress\/wp-json\/wp\/v2\/pages\/76\/revisions"}],"predecessor-version":[{"id":2138,"href":"https:\/\/www.meditation-marseille.org\/wordpress\/wp-json\/wp\/v2\/pages\/76\/revisions\/2138"}],"wp:attachment":[{"href":"https:\/\/www.meditation-marseille.org\/wordpress\/wp-json\/wp\/v2\/media?parent=76"}],"curies":[{"name":"wp","href":"https:\/\/api.w.org\/{rel}","templated":true}]}}