{"id":7572,"date":"2025-09-21T19:25:52","date_gmt":"2025-09-21T17:25:52","guid":{"rendered":"https:\/\/www.meditation-marseille.org\/wordpress\/?page_id=7572"},"modified":"2025-12-05T20:39:24","modified_gmt":"2025-12-05T19:39:24","slug":"festival-international-automne","status":"publish","type":"page","link":"https:\/\/www.meditation-marseille.org\/wordpress\/festival-international-automne\/","title":{"rendered":"Festival international d&rsquo;automne"},"content":{"rendered":"\n<h4 class=\"wp-block-heading\">Du 9 au 15 octobre 2026 au Centre de M\u00e9ditation Kadampa Espagne \u00e0 Malaga<\/h4>\n\n\n\n<figure class=\"wp-block-image size-large\"><a href=\"https:\/\/kadampafestivals.org\/fr\/automne\"><img loading=\"lazy\" decoding=\"async\" width=\"1024\" height=\"427\" src=\"https:\/\/www.meditation-marseille.org\/wordpress\/wp-content\/uploads\/2025\/12\/FR-Fall-2026-Festival-Banners-ENG-Pop-Under-2160x900-1-1024x427.png\" alt=\"\" class=\"wp-image-7752\" srcset=\"https:\/\/www.meditation-marseille.org\/wordpress\/wp-content\/uploads\/2025\/12\/FR-Fall-2026-Festival-Banners-ENG-Pop-Under-2160x900-1-1024x427.png 1024w, https:\/\/www.meditation-marseille.org\/wordpress\/wp-content\/uploads\/2025\/12\/FR-Fall-2026-Festival-Banners-ENG-Pop-Under-2160x900-1-300x125.png 300w, https:\/\/www.meditation-marseille.org\/wordpress\/wp-content\/uploads\/2025\/12\/FR-Fall-2026-Festival-Banners-ENG-Pop-Under-2160x900-1-768x320.png 768w, https:\/\/www.meditation-marseille.org\/wordpress\/wp-content\/uploads\/2025\/12\/FR-Fall-2026-Festival-Banners-ENG-Pop-Under-2160x900-1-1536x640.png 1536w, https:\/\/www.meditation-marseille.org\/wordpress\/wp-content\/uploads\/2025\/12\/FR-Fall-2026-Festival-Banners-ENG-Pop-Under-2160x900-1.png 2048w\" sizes=\"auto, (max-width: 1024px) 100vw, 1024px\" \/><\/a><\/figure>\n\n\n\n<div style=\"height:0px\" aria-hidden=\"true\" class=\"wp-block-spacer\"><\/div>\n\n\n\n<p><\/p>\n\n\n\n<div class=\"wp-block-buttons is-layout-flex wp-block-buttons-is-layout-flex\">\n<div class=\"wp-block-button\"><a class=\"wp-block-button__link wp-element-button\">Inscription \u00e0 venir<\/a><\/div>\n<\/div>\n\n\n\n<p><\/p>\n\n\n\n<h5 class=\"wp-block-heading has-text-color has-link-color wp-elements-e425b381e35e06d17c81d68c86486645\" style=\"color:#1b5f87\">Notre v\u00e9ritable joyau du c\u0153ur : Transmission de pouvoir de Dj\u00e9 Tsongkhapa et enseignements sur la foi en Gourou Tsongkhapa et la pratique b\u00e9nie de la pri\u00e8re de requ\u00eate Migts\u00e9ma<\/h5>\n\n\n\n<p><\/p>\n\n\n<div class=\"wp-block-image\">\n<figure class=\"alignright size-full is-resized\"><img decoding=\"async\" src=\"https:\/\/www.meditation-marseille.org\/wordpress\/wp-content\/uploads\/2025\/12\/DSC_0102.avif\" alt=\"\" class=\"wp-image-7755\" style=\"width:309px;height:auto\"\/><\/figure>\n<\/div>\n\n\n<p>\u2666 Au cours du festival d&rsquo;automne 2026, Gu\u00e8n-la Kelsang D\u00e9kyong accordera la transmission de pouvoir du Bouddha de la Sagesse Dj\u00e9 Tsongkhapa. Elle expliquera aussi comment d\u00e9velopper et am\u00e9liorer notre foi en notre Guide Spirituel, vu comme un avec Dj\u00e9 Tsongkhapa, et sur la pratique de Migts\u00e9ma, le mantra et la pri\u00e8re de requ\u00eate et de louange sp\u00e9ciales \u00e0 Dj\u00e9 Tsongkhapa.<\/p>\n\n\n\n<p>\u2666 Cette pri\u00e8re est tr\u00e8s b\u00e9nie car elle a \u00e9t\u00e9 dite initialement par Bouddha Mandjoushri, et vient de l&rsquo;\u00e9criture d&rsquo;\u00e9manation de Mandjoushri, qui a \u00e9t\u00e9 transmise directement \u00e0 Dj\u00e9 Tsongkhapa. De nombreux disciples de Dj\u00e9 Tsongkhapa ont atteint de tr\u00e8s hautes r\u00e9alisations gr\u00e2ce \u00e0 la pratique de Migts\u00e9ma combin\u00e9e avec le Gourou Yoga de Dj\u00e9 Tsongkhapa. La pratique de Migts\u00e9ma est la meilleure m\u00e9thode pour acccro\u00eetre notre foi en Dj\u00e9 Tsongkhapa et ses enseignements, et si nous pratiquons les enseignements de Dj\u00e9 Tsongkhapa sinc\u00e8rement avec foi, nous pouvons atteindre la pleine illumination rapidement et facilement.<\/p>\n\n\n<div class=\"wp-block-image\">\n<figure class=\"alignleft size-full is-resized\"><img loading=\"lazy\" decoding=\"async\" width=\"1920\" height=\"1280\" src=\"https:\/\/www.meditation-marseille.org\/wordpress\/wp-content\/uploads\/2025\/12\/Nora_Day2_00032.jpg\" alt=\"\" class=\"wp-image-7756\" style=\"width:288px;height:auto\" srcset=\"https:\/\/www.meditation-marseille.org\/wordpress\/wp-content\/uploads\/2025\/12\/Nora_Day2_00032.jpg 1920w, https:\/\/www.meditation-marseille.org\/wordpress\/wp-content\/uploads\/2025\/12\/Nora_Day2_00032-300x200.jpg 300w, https:\/\/www.meditation-marseille.org\/wordpress\/wp-content\/uploads\/2025\/12\/Nora_Day2_00032-1024x683.jpg 1024w, https:\/\/www.meditation-marseille.org\/wordpress\/wp-content\/uploads\/2025\/12\/Nora_Day2_00032-768x512.jpg 768w, https:\/\/www.meditation-marseille.org\/wordpress\/wp-content\/uploads\/2025\/12\/Nora_Day2_00032-1536x1024.jpg 1536w\" sizes=\"auto, (max-width: 1920px) 100vw, 1920px\" \/><\/figure>\n<\/div>\n\n\n<p>\u2666 Le Centre de M\u00e9ditation Kadampa Espagne est un endroit tr\u00e8s sp\u00e9cial. Situ\u00e9 \u00e0 Alhaur\u00edn el Grande (M\u00e1laga), il est entour\u00e9 de montagnes, d&rsquo;air pur, de paix et de couchers de soleil magiques. C&rsquo;est le 6\u00e8me temple traditionnel de la Nouvelle Tradition Kadampa, il a \u00e9t\u00e9 inaugur\u00e9 en 2022. <\/p>\n\n\n\n<p><\/p>\n\n\n\n<div style=\"height:33px\" aria-hidden=\"true\" class=\"wp-block-spacer\"><\/div>\n\n\n\n<h4 class=\"wp-block-heading\">Qui peut participer ?<\/h4>\n\n\n\n<ul class=\"wp-block-list\">\n<li>Cet \u00e9v\u00e9nement est ouvert et accessible \u00e0 tous : il n\u2019est pas n\u00e9cessaire d\u2019avoir d\u00e9j\u00e0 pratiqu\u00e9 la m\u00e9ditation, d\u2019avoir d\u00e9j\u00e0 re\u00e7u des enseignements, ni d\u2019\u00eatre bouddhiste pour y assister.<\/li>\n\n\n\n<li>Si vous avez des questions, n\u2019h\u00e9sitez pas \u00e0 nous contacter.<\/li>\n<\/ul>\n\n\n\n<h4 class=\"wp-block-heading\">Participation en streaming<\/h4>\n\n\n<div class=\"wp-block-image\">\n<figure class=\"alignleft size-full is-resized\"><img loading=\"lazy\" decoding=\"async\" width=\"796\" height=\"595\" src=\"https:\/\/www.meditation-marseille.org\/wordpress\/wp-content\/uploads\/2025\/09\/Streaming.png\" alt=\"\" class=\"wp-image-7580\" style=\"width:299px;height:auto\" srcset=\"https:\/\/www.meditation-marseille.org\/wordpress\/wp-content\/uploads\/2025\/09\/Streaming.png 796w, https:\/\/www.meditation-marseille.org\/wordpress\/wp-content\/uploads\/2025\/09\/Streaming-300x224.png 300w, https:\/\/www.meditation-marseille.org\/wordpress\/wp-content\/uploads\/2025\/09\/Streaming-768x574.png 768w\" sizes=\"auto, (max-width: 796px) 100vw, 796px\" \/><\/figure>\n<\/div>\n\n\n<ul class=\"wp-block-list\">\n<li>L&rsquo;int\u00e9gralit\u00e9 du festival est accessible en streaming.<\/li>\n\n\n\n<li>Pour ceux qui ont r\u00e9serv\u00e9 leur participation en ligne, chaque enseignement et s\u00e9ance de m\u00e9ditation sera disponible en direct selon le programme du festival et en vid\u00e9o \u00e0 la demande peu apr\u00e8s la fin de la s\u00e9ance en direct.<\/li>\n\n\n\n<li>Traduction : le festival sera donn\u00e9 en anglais et les vid\u00e9os comprendront l&rsquo;option d&rsquo;\u00e9couter les enseignements en fran\u00e7ais.<\/li>\n<\/ul>\n\n\n\n<p><\/p>\n\n\n\n<h4 class=\"wp-block-heading\">Qui va animer ce festival ?<\/h4>\n\n\n<div class=\"wp-block-image\">\n<figure class=\"alignright size-full is-resized\"><img loading=\"lazy\" decoding=\"async\" width=\"720\" height=\"720\" src=\"https:\/\/www.meditation-marseille.org\/wordpress\/wp-content\/uploads\/2025\/09\/Brazil_National_Festival-2023-Genla-DekyongPHOTO-2023-11-04-19-03-292-square-cc1b5f6db1d21bfaa9f36b3897b852a8-w7ogvd968b14.jpeg\" alt=\"\" class=\"wp-image-7581\" style=\"width:237px;height:auto\" srcset=\"https:\/\/www.meditation-marseille.org\/wordpress\/wp-content\/uploads\/2025\/09\/Brazil_National_Festival-2023-Genla-DekyongPHOTO-2023-11-04-19-03-292-square-cc1b5f6db1d21bfaa9f36b3897b852a8-w7ogvd968b14.jpeg 720w, https:\/\/www.meditation-marseille.org\/wordpress\/wp-content\/uploads\/2025\/09\/Brazil_National_Festival-2023-Genla-DekyongPHOTO-2023-11-04-19-03-292-square-cc1b5f6db1d21bfaa9f36b3897b852a8-w7ogvd968b14-300x300.jpeg 300w, https:\/\/www.meditation-marseille.org\/wordpress\/wp-content\/uploads\/2025\/09\/Brazil_National_Festival-2023-Genla-DekyongPHOTO-2023-11-04-19-03-292-square-cc1b5f6db1d21bfaa9f36b3897b852a8-w7ogvd968b14-150x150.jpeg 150w\" sizes=\"auto, (max-width: 720px) 100vw, 720px\" \/><\/figure>\n<\/div>\n\n\n<p><strong>Gu\u00e8n-la D\u00e9kyong<\/strong> est la directrice spirituelle g\u00e9n\u00e9rale de la Nouvelle Tradition Kadampa &#8211; l&rsquo;Union Internationale du Bouddhisme Kadampa. Elle est l&rsquo;enseignante principale du Centre de M\u00e9ditation Kadampa Mandjoushri, le centre m\u00e8re de notre tradition, et elle enseigne r\u00e9guli\u00e8rement \u00e0 l&rsquo;\u00e9chelle internationale. Gu\u00e8n-la a \u00e9tudi\u00e9 et pratiqu\u00e9 pendant de nombreuses ann\u00e9es avec son guide spirituel, V\u00e9n\u00e9rable Gu\u00e9sh\u00e9 Kelsang Gyatso Rinpotch\u00e9, dont elle est une proche disciple. Elle est profond\u00e9ment respect\u00e9e et appr\u00e9ci\u00e9e dans tout le monde kadampa pour sa confiance sinc\u00e8re en son guide spirituel, prenant ses enseignements \u00e0 c\u0153ur et les mettant en pratique dans tous les aspects de sa vie. Elle est reconnue en tant qu&rsquo;enseignante pleinement qualifi\u00e9e du soutra et du tantra.<\/p>\n","protected":false},"excerpt":{"rendered":"<p>Du 9 au 15 octobre 2026 au Centre de M\u00e9ditation Kadampa Espagne \u00e0 Malaga Notre v\u00e9ritable joyau du c\u0153ur : Transmission de pouvoir de Dj\u00e9 Tsongkhapa et enseignements sur la <a class=\"more-link\" href=\"https:\/\/www.meditation-marseille.org\/wordpress\/festival-international-automne\/\">Continue Reading &rarr;<\/a><\/p>\n","protected":false},"author":1,"featured_media":0,"parent":0,"menu_order":0,"comment_status":"closed","ping_status":"closed","template":"","meta":{"footnotes":""},"class_list":["post-7572","page","type-page","status-publish","hentry"],"_links":{"self":[{"href":"https:\/\/www.meditation-marseille.org\/wordpress\/wp-json\/wp\/v2\/pages\/7572","targetHints":{"allow":["GET"]}}],"collection":[{"href":"https:\/\/www.meditation-marseille.org\/wordpress\/wp-json\/wp\/v2\/pages"}],"about":[{"href":"https:\/\/www.meditation-marseille.org\/wordpress\/wp-json\/wp\/v2\/types\/page"}],"author":[{"embeddable":true,"href":"https:\/\/www.meditation-marseille.org\/wordpress\/wp-json\/wp\/v2\/users\/1"}],"replies":[{"embeddable":true,"href":"https:\/\/www.meditation-marseille.org\/wordpress\/wp-json\/wp\/v2\/comments?post=7572"}],"version-history":[{"count":10,"href":"https:\/\/www.meditation-marseille.org\/wordpress\/wp-json\/wp\/v2\/pages\/7572\/revisions"}],"predecessor-version":[{"id":7769,"href":"https:\/\/www.meditation-marseille.org\/wordpress\/wp-json\/wp\/v2\/pages\/7572\/revisions\/7769"}],"wp:attachment":[{"href":"https:\/\/www.meditation-marseille.org\/wordpress\/wp-json\/wp\/v2\/media?parent=7572"}],"curies":[{"name":"wp","href":"https:\/\/api.w.org\/{rel}","templated":true}]}}