{"id":7548,"date":"2025-09-21T18:53:16","date_gmt":"2025-09-21T16:53:16","guid":{"rendered":"https:\/\/www.meditation-marseille.org\/wordpress\/?page_id=7548"},"modified":"2025-09-26T09:23:14","modified_gmt":"2025-09-26T07:23:14","slug":"celebration-dharma-2025","status":"publish","type":"page","link":"https:\/\/www.meditation-marseille.org\/wordpress\/celebration-dharma-2025\/","title":{"rendered":"C\u00e9l\u00e9bration du dharma au CMK France"},"content":{"rendered":"\n<h4 class=\"wp-block-heading\">Du 28 novembre au 1er d\u00e9cembre 2025<\/h4>\n\n\n\n<div style=\"height:25px\" aria-hidden=\"true\" class=\"wp-block-spacer\"><\/div>\n\n\n\n<div class=\"wp-block-buttons is-layout-flex wp-block-buttons-is-layout-flex\">\n<div class=\"wp-block-button\"><a class=\"wp-block-button__link wp-element-button\" href=\"https:\/\/kadampafrance.org\/enseignement\/celebration-du-dharma-2025\/\">Inscription<\/a><\/div>\n<\/div>\n\n\n\n<div style=\"height:23px\" aria-hidden=\"true\" class=\"wp-block-spacer\"><\/div>\n\n\n\n<h5 class=\"wp-block-heading has-text-color has-link-color wp-elements-526631b879c4b356b3a18fced32c2eb5\" style=\"color:#7f1ade\"><\/h5>\n\n\n\n<p><\/p>\n\n\n<div class=\"wp-block-image\">\n<figure class=\"alignright size-full is-resized\"><a href=\"https:\/\/kadampafrance.org\/enseignement\/celebration-du-dharma-2025\/\"><img loading=\"lazy\" decoding=\"async\" width=\"1549\" height=\"998\" src=\"https:\/\/www.meditation-marseille.org\/wordpress\/wp-content\/uploads\/2025\/09\/Celebration-du-dharma-2025-Avalokiteshvara.jpg\" alt=\"\" class=\"wp-image-7549\" style=\"width:309px;height:auto\" srcset=\"https:\/\/www.meditation-marseille.org\/wordpress\/wp-content\/uploads\/2025\/09\/Celebration-du-dharma-2025-Avalokiteshvara.jpg 1549w, https:\/\/www.meditation-marseille.org\/wordpress\/wp-content\/uploads\/2025\/09\/Celebration-du-dharma-2025-Avalokiteshvara-300x193.jpg 300w, https:\/\/www.meditation-marseille.org\/wordpress\/wp-content\/uploads\/2025\/09\/Celebration-du-dharma-2025-Avalokiteshvara-1024x660.jpg 1024w, https:\/\/www.meditation-marseille.org\/wordpress\/wp-content\/uploads\/2025\/09\/Celebration-du-dharma-2025-Avalokiteshvara-768x495.jpg 768w, https:\/\/www.meditation-marseille.org\/wordpress\/wp-content\/uploads\/2025\/09\/Celebration-du-dharma-2025-Avalokiteshvara-1536x990.jpg 1536w\" sizes=\"auto, (max-width: 1549px) 100vw, 1549px\" \/><\/a><\/figure>\n<\/div>\n\n\n<p>\u2666 Et s\u2019il existait, au c\u0153ur de notre quotidien le plus simple, une porte vers quelque chose de merveilleux ?<\/p>\n\n\n\n<p>\u2666 Le monde ordinaire, parfois \u00e9troit et douloureux, peut sembler ferm\u00e9 \u00e0 toute grandeur. Et pourtant\u2026c\u2019est aussi l\u00e0, au c\u0153ur m\u00eame de ce quotidien, que peut se r\u00e9v\u00e9ler la puissance d\u2019un esprit pur. Bouddha nous invite \u00e0 ce changement de regard : vivre plus consciemment, accueillir avec le c\u0153ur, admirer et d\u00e9couvrir, dans l\u2019ordinaire, quelque chose d\u2019extraordinaire.<\/p>\n\n\n<div class=\"wp-block-image\">\n<figure class=\"alignleft size-full is-resized\"><img loading=\"lazy\" decoding=\"async\" width=\"836\" height=\"836\" src=\"https:\/\/www.meditation-marseille.org\/wordpress\/wp-content\/uploads\/2025\/09\/Photos-evenements-nationaux-14.jpg\" alt=\"\" class=\"wp-image-7550\" style=\"width:288px;height:auto\" srcset=\"https:\/\/www.meditation-marseille.org\/wordpress\/wp-content\/uploads\/2025\/09\/Photos-evenements-nationaux-14.jpg 836w, https:\/\/www.meditation-marseille.org\/wordpress\/wp-content\/uploads\/2025\/09\/Photos-evenements-nationaux-14-300x300.jpg 300w, https:\/\/www.meditation-marseille.org\/wordpress\/wp-content\/uploads\/2025\/09\/Photos-evenements-nationaux-14-150x150.jpg 150w, https:\/\/www.meditation-marseille.org\/wordpress\/wp-content\/uploads\/2025\/09\/Photos-evenements-nationaux-14-768x768.jpg 768w\" sizes=\"auto, (max-width: 836px) 100vw, 836px\" \/><\/figure>\n<\/div>\n\n\n<p>\u2666 Une transmission de b\u00e9n\u00e9dictions est un moment rare et pr\u00e9cieux qui r\u00e9unit la sangha et lui fait ressentir l\u2019amour d\u2019un Bouddha. C\u2019est une \u00e9nergie qui porte et qui nous laisse entrevoir ce qu\u2019on ne per\u00e7oit pas avec notre esprit ordinaire.<\/p>\n\n\n\n<p>\u2666 Gr\u00e2ce \u00e0 cette transmission de b\u00e9n\u00e9dictions, nous aurons une connexion sp\u00e9ciale avec Avalokiteshvara. En nous tournant vers le bouddha de la compassion, nous \u00e9carterons un instant le voile de l\u2019ignorance et de l\u2019\u00e9go\u00efsme. Les b\u00e9n\u00e9dictions re\u00e7ues nous feront ressentir le potentiel illimit\u00e9 et extraordinaire qui existe en chacun de nous.<\/p>\n\n\n\n<h4 class=\"wp-block-heading\">Qui peut participer ?<\/h4>\n\n\n\n<ul class=\"wp-block-list\">\n<li>Cet \u00e9v\u00e9nement est ouvert et accessible \u00e0 tous : il n\u2019est pas n\u00e9cessaire d\u2019avoir d\u00e9j\u00e0 pratiqu\u00e9 la m\u00e9ditation, d\u2019avoir d\u00e9j\u00e0 re\u00e7u des enseignements, ni d\u2019\u00eatre bouddhiste pour y assister.<\/li>\n\n\n\n<li>Si vous avez des questions concernant le th\u00e8me, n\u2019h\u00e9sitez pas \u00e0 nous contacter.<\/li>\n<\/ul>\n\n\n\n<h4 class=\"wp-block-heading\">Puis-je venir avec mes enfants ?<\/h4>\n\n\n\n<ul class=\"wp-block-list\">\n<li>Oui. Une salle de retransmission vid\u00e9o est pr\u00e9vue. Plus d\u2019informations \u00e0 venir sur les activit\u00e9s qui seront propos\u00e9es aux enfants.<\/li>\n<\/ul>\n\n\n\n<h4 class=\"wp-block-heading\">Infos pratiques<\/h4>\n\n\n\n<p>\ud83d\udccc Lieu : Centre de M\u00e9ditation Kadampa France : Route de T\u00e9loch\u00e9, Ch\u00e2teau de Segrais 72220 Saint-Mars-d\u2019Outill\u00e9<br>\ud83c\udfe1 H\u00e9bergement et repas possibles sur place<\/p>\n\n\n\n<figure class=\"wp-block-gallery has-nested-images columns-default is-cropped wp-block-gallery-1 is-layout-flex wp-block-gallery-is-layout-flex\">\n<figure class=\"wp-block-image size-large\"><img loading=\"lazy\" decoding=\"async\" width=\"275\" height=\"275\" data-id=\"7552\" src=\"https:\/\/www.meditation-marseille.org\/wordpress\/wp-content\/uploads\/2025\/09\/Photos-evenements-nationaux-5.png\" alt=\"\" class=\"wp-image-7552\" srcset=\"https:\/\/www.meditation-marseille.org\/wordpress\/wp-content\/uploads\/2025\/09\/Photos-evenements-nationaux-5.png 275w, https:\/\/www.meditation-marseille.org\/wordpress\/wp-content\/uploads\/2025\/09\/Photos-evenements-nationaux-5-150x150.png 150w\" sizes=\"auto, (max-width: 275px) 100vw, 275px\" \/><\/figure>\n\n\n\n<figure class=\"wp-block-image size-large\"><img loading=\"lazy\" decoding=\"async\" width=\"275\" height=\"275\" data-id=\"7555\" src=\"https:\/\/www.meditation-marseille.org\/wordpress\/wp-content\/uploads\/2025\/09\/Photos-evenements-nationaux-12.png\" alt=\"\" class=\"wp-image-7555\" srcset=\"https:\/\/www.meditation-marseille.org\/wordpress\/wp-content\/uploads\/2025\/09\/Photos-evenements-nationaux-12.png 275w, https:\/\/www.meditation-marseille.org\/wordpress\/wp-content\/uploads\/2025\/09\/Photos-evenements-nationaux-12-150x150.png 150w\" sizes=\"auto, (max-width: 275px) 100vw, 275px\" \/><\/figure>\n\n\n\n<figure class=\"wp-block-image size-large\"><img loading=\"lazy\" decoding=\"async\" width=\"275\" height=\"275\" data-id=\"7554\" src=\"https:\/\/www.meditation-marseille.org\/wordpress\/wp-content\/uploads\/2025\/09\/Photos-evenements-nationaux-16.png\" alt=\"\" class=\"wp-image-7554\" srcset=\"https:\/\/www.meditation-marseille.org\/wordpress\/wp-content\/uploads\/2025\/09\/Photos-evenements-nationaux-16.png 275w, https:\/\/www.meditation-marseille.org\/wordpress\/wp-content\/uploads\/2025\/09\/Photos-evenements-nationaux-16-150x150.png 150w\" sizes=\"auto, (max-width: 275px) 100vw, 275px\" \/><\/figure>\n<\/figure>\n\n\n\n<div class=\"wp-block-buttons is-layout-flex wp-block-buttons-is-layout-flex\">\n<div class=\"wp-block-button is-style-fill\"><a class=\"wp-block-button__link wp-element-button\" href=\"https:\/\/kadampafrance.org\/enseignement\/celebration-du-dharma-2025\/\">Inscription<\/a><\/div>\n<\/div>\n\n\n\n<p><\/p>\n\n\n\n<h4 class=\"wp-block-heading\">Qui va animer cette c\u00e9l\u00e9bration ?<\/h4>\n\n\n<div class=\"wp-block-image\">\n<figure class=\"alignright size-full is-resized\"><img loading=\"lazy\" decoding=\"async\" width=\"540\" height=\"540\" src=\"https:\/\/www.meditation-marseille.org\/wordpress\/wp-content\/uploads\/2025\/09\/Guen-Eupame.jpg\" alt=\"\" class=\"wp-image-7551\" style=\"width:237px;height:auto\" srcset=\"https:\/\/www.meditation-marseille.org\/wordpress\/wp-content\/uploads\/2025\/09\/Guen-Eupame.jpg 540w, https:\/\/www.meditation-marseille.org\/wordpress\/wp-content\/uploads\/2025\/09\/Guen-Eupame-300x300.jpg 300w, https:\/\/www.meditation-marseille.org\/wordpress\/wp-content\/uploads\/2025\/09\/Guen-Eupame-150x150.jpg 150w\" sizes=\"auto, (max-width: 540px) 100vw, 540px\" \/><\/figure>\n<\/div>\n\n\n<p><strong>Gu\u00e8n Kelsang Eupam\u00e9<\/strong> est le Directeur spirituel national de tradition Kadampa en France et l\u2019enseignant principal du Centre de M\u00e9ditation Kadampa France. Moine bouddhiste depuis plus de 23 ans, il est tr\u00e8s reconnu en France et au-del\u00e0 pour la qualit\u00e9 et la profondeur de son \u00e9tude et de sa pratique spirituelle. D\u2019une grande exp\u00e9rience, il transmet la sagesse mill\u00e9naire bouddhiste de fa\u00e7on particuli\u00e8rement claire, p\u00e9dagogique et adapt\u00e9e \u00e0 notre vie moderne.<\/p>\n","protected":false},"excerpt":{"rendered":"<p>Du 28 novembre au 1er d\u00e9cembre 2025 \u2666 Et s\u2019il existait, au c\u0153ur de notre quotidien le plus simple, une porte vers quelque chose de merveilleux ? \u2666 Le monde <a class=\"more-link\" href=\"https:\/\/www.meditation-marseille.org\/wordpress\/celebration-dharma-2025\/\">Continue Reading &rarr;<\/a><\/p>\n","protected":false},"author":1,"featured_media":0,"parent":0,"menu_order":0,"comment_status":"closed","ping_status":"closed","template":"","meta":{"footnotes":""},"class_list":["post-7548","page","type-page","status-publish","hentry"],"_links":{"self":[{"href":"https:\/\/www.meditation-marseille.org\/wordpress\/wp-json\/wp\/v2\/pages\/7548","targetHints":{"allow":["GET"]}}],"collection":[{"href":"https:\/\/www.meditation-marseille.org\/wordpress\/wp-json\/wp\/v2\/pages"}],"about":[{"href":"https:\/\/www.meditation-marseille.org\/wordpress\/wp-json\/wp\/v2\/types\/page"}],"author":[{"embeddable":true,"href":"https:\/\/www.meditation-marseille.org\/wordpress\/wp-json\/wp\/v2\/users\/1"}],"replies":[{"embeddable":true,"href":"https:\/\/www.meditation-marseille.org\/wordpress\/wp-json\/wp\/v2\/comments?post=7548"}],"version-history":[{"count":6,"href":"https:\/\/www.meditation-marseille.org\/wordpress\/wp-json\/wp\/v2\/pages\/7548\/revisions"}],"predecessor-version":[{"id":7606,"href":"https:\/\/www.meditation-marseille.org\/wordpress\/wp-json\/wp\/v2\/pages\/7548\/revisions\/7606"}],"wp:attachment":[{"href":"https:\/\/www.meditation-marseille.org\/wordpress\/wp-json\/wp\/v2\/media?parent=7548"}],"curies":[{"name":"wp","href":"https:\/\/api.w.org\/{rel}","templated":true}]}}