{"id":7440,"date":"2025-08-19T16:26:24","date_gmt":"2025-08-19T14:26:24","guid":{"rendered":"https:\/\/www.meditation-marseille.org\/wordpress\/?page_id=7440"},"modified":"2026-04-21T21:05:09","modified_gmt":"2026-04-21T19:05:09","slug":"cours-le-samedi","status":"publish","type":"page","link":"https:\/\/www.meditation-marseille.org\/wordpress\/cours-le-samedi\/","title":{"rendered":"Enseignements et m\u00e9ditation le samedi"},"content":{"rendered":"\n<h4 class=\"wp-block-heading\">S\u00e9ances sur la journ\u00e9e ou demi-journ\u00e9e<\/h4>\n\n\n\n<div style=\"height:24px\" aria-hidden=\"true\" class=\"wp-block-spacer\"><\/div>\n\n\n\n<div class=\"wp-block-group\"><div class=\"wp-block-group__inner-container is-layout-constrained wp-block-group-is-layout-constrained\">\n<div class=\"wp-block-media-text alignwide is-stacked-on-mobile is-vertically-aligned-top style=&quot;border: 0px;&quot;\" style=\"grid-template-columns:40% auto\"><figure class=\"wp-block-media-text__media\"><img loading=\"lazy\" decoding=\"async\" width=\"1024\" height=\"880\" src=\"https:\/\/www.meditation-marseille.org\/wordpress\/wp-content\/uploads\/2013\/12\/Stock_Malaga_2022_05393-Copie-1024x880.jpg\" alt=\"\" class=\"wp-image-6028 size-full\" srcset=\"https:\/\/www.meditation-marseille.org\/wordpress\/wp-content\/uploads\/2013\/12\/Stock_Malaga_2022_05393-Copie-1024x880.jpg 1024w, https:\/\/www.meditation-marseille.org\/wordpress\/wp-content\/uploads\/2013\/12\/Stock_Malaga_2022_05393-Copie-300x258.jpg 300w\" sizes=\"auto, (max-width: 1024px) 100vw, 1024px\" \/><\/figure><div class=\"wp-block-media-text__content\">\n<p>Ces journ\u00e9es \u00e0 th\u00e8mes sont l&rsquo;occasion de se poser pour m\u00e9diter et d\u00e9couvrir les conseils que nous donne Bouddha pour am\u00e9liorer notre quotidien et trouver le bonheur.<br><br>Ces s\u00e9ances sont ouvertes \u00e0 toutes et tous. Elles comportent une partie enseignement et des m\u00e9ditations guid\u00e9es, avec une pause collation. <\/p>\n<\/div><\/div>\n\n\n\n<div style=\"height:17px\" aria-hidden=\"true\" class=\"wp-block-spacer\"><\/div>\n\n\n\n<p>\u2705 R\u00e9servation en ligne conseill\u00e9e. Personne n&rsquo;est refus\u00e9 pour manque d&rsquo;argent.<br>\u2705 Enseignements accessibles \u00e0 tous niveaux. Il n&rsquo;est pas n\u00e9cessaire de connaitre la m\u00e9ditation pour venir.<br>\u2705&nbsp;Lieu :&nbsp;<a href=\"https:\/\/goo.gl\/FsCASY\" target=\"_blank\" rel=\"noreferrer noopener\">Centre Bouddhiste Kadampa Menlha, 8 Place Pierre Roux&nbsp; \u00e0 Marseille<\/a>&nbsp;(5 min m\u00e9tro Baille)<\/p>\n\n\n\n<hr class=\"wp-block-separator has-alpha-channel-opacity\"\/>\n\n\n\n<h6 class=\"wp-block-heading\">Programme de janvier \u00e0 juin 2026<\/h6>\n\n\n\n<div style=\"height:50px\" aria-hidden=\"true\" class=\"wp-block-spacer\"><\/div>\n\n\n\n<div class=\"wp-block-media-text is-stacked-on-mobile is-vertically-aligned-top\" style=\"grid-template-columns:35% auto\"><figure class=\"wp-block-media-text__media\"><img loading=\"lazy\" decoding=\"async\" width=\"591\" height=\"591\" src=\"https:\/\/www.meditation-marseille.org\/wordpress\/wp-content\/uploads\/2025\/08\/Meditation-carre-zen-9.jpg\" alt=\"\" class=\"wp-image-7470 size-full\" srcset=\"https:\/\/www.meditation-marseille.org\/wordpress\/wp-content\/uploads\/2025\/08\/Meditation-carre-zen-9.jpg 591w, https:\/\/www.meditation-marseille.org\/wordpress\/wp-content\/uploads\/2025\/08\/Meditation-carre-zen-9-300x300.jpg 300w, https:\/\/www.meditation-marseille.org\/wordpress\/wp-content\/uploads\/2025\/08\/Meditation-carre-zen-9-150x150.jpg 150w\" sizes=\"auto, (max-width: 591px) 100vw, 591px\" \/><\/figure><div class=\"wp-block-media-text__content\">\n<h5 class=\"wp-block-heading\">Comment d\u00e9velopper un esprit paisible ?<\/h5>\n\n\n\n<p><strong>Samedi 24 janvier 2026 de 11h00 \u00e0 17h30<\/strong><br>Chacun peut apporter de la nourriture \u00e0 partager le midi.<\/p>\n\n\n\n<p>Bouddha a enseign\u00e9 que le v\u00e9ritable bonheur provient de la paix mentale. Durant cette journ\u00e9e, nous d\u00e9couvrirons les techniques pour d\u00e9velopper un esprit de plus en plus paisible dans notre quotidien. <br><\/p>\n\n\n\n<div class=\"wp-block-buttons is-layout-flex wp-block-buttons-is-layout-flex\">\n<div class=\"wp-block-button\"><a class=\"wp-block-button__link wp-element-button\" href=\"https:\/\/www.meditation-marseille.org\/wordpress\/stage-esprit-paisible\/\">Inscription<\/a><\/div>\n<\/div>\n<\/div><\/div>\n\n\n\n<div style=\"height:50px\" aria-hidden=\"true\" class=\"wp-block-spacer\"><\/div>\n\n\n\n<div class=\"wp-block-media-text is-stacked-on-mobile is-vertically-aligned-top\" style=\"grid-template-columns:35% auto\"><figure class=\"wp-block-media-text__media\"><img loading=\"lazy\" decoding=\"async\" width=\"591\" height=\"591\" src=\"https:\/\/www.meditation-marseille.org\/wordpress\/wp-content\/uploads\/2025\/08\/Meditation-carre-colere.jpg\" alt=\"\" class=\"wp-image-7472 size-full\" srcset=\"https:\/\/www.meditation-marseille.org\/wordpress\/wp-content\/uploads\/2025\/08\/Meditation-carre-colere.jpg 591w, https:\/\/www.meditation-marseille.org\/wordpress\/wp-content\/uploads\/2025\/08\/Meditation-carre-colere-300x300.jpg 300w, https:\/\/www.meditation-marseille.org\/wordpress\/wp-content\/uploads\/2025\/08\/Meditation-carre-colere-150x150.jpg 150w\" sizes=\"auto, (max-width: 591px) 100vw, 591px\" \/><\/figure><div class=\"wp-block-media-text__content\">\n<h5 class=\"wp-block-heading\">Se lib\u00e9rer de la col\u00e8re<\/h5>\n\n\n\n<p><strong>Samedi 21 f\u00e9vrier de 14h30 \u00e0 17h30<\/strong><\/p>\n\n\n\n<p>Durant ce atelier, nous d\u00e9couvrirons les m\u00e9canismes de la col\u00e8re, comment elle nous empoisonne la vie et comment g\u00e9rer les situations difficiles dans notre vie quotidienne. <br><\/p>\n\n\n\n<div class=\"wp-block-buttons is-layout-flex wp-block-buttons-is-layout-flex\">\n<div class=\"wp-block-button\"><a class=\"wp-block-button__link wp-element-button\" href=\"https:\/\/www.helloasso.com\/associations\/centre-bouddhiste-kadampa-menlha\/evenements\/atelier-se-liberer-de-la-colere\">Inscription<\/a><\/div>\n<\/div>\n<\/div><\/div>\n\n\n\n<div style=\"height:50px\" aria-hidden=\"true\" class=\"wp-block-spacer\"><\/div>\n\n\n\n<div class=\"wp-block-media-text is-stacked-on-mobile is-vertically-aligned-top\" style=\"grid-template-columns:35% auto\"><figure class=\"wp-block-media-text__media\"><img loading=\"lazy\" decoding=\"async\" width=\"591\" height=\"591\" src=\"https:\/\/www.meditation-marseille.org\/wordpress\/wp-content\/uploads\/2025\/08\/Carre-amour.jpg\" alt=\"\" class=\"wp-image-7475 size-full\" srcset=\"https:\/\/www.meditation-marseille.org\/wordpress\/wp-content\/uploads\/2025\/08\/Carre-amour.jpg 591w, https:\/\/www.meditation-marseille.org\/wordpress\/wp-content\/uploads\/2025\/08\/Carre-amour-300x300.jpg 300w, https:\/\/www.meditation-marseille.org\/wordpress\/wp-content\/uploads\/2025\/08\/Carre-amour-150x150.jpg 150w\" sizes=\"auto, (max-width: 591px) 100vw, 591px\" \/><\/figure><div class=\"wp-block-media-text__content\">\n<h5 class=\"wp-block-heading\">Aimer sans souffrir<\/h5>\n\n\n\n<p><strong>Samedi 21 mars de 14h30 \u00e0 17h30<\/strong><\/p>\n\n\n\n<p>Bouddha dans ses enseignements distingue deux notions tr\u00e8s diff\u00e9rentes : l&rsquo;amour et l&rsquo;attachement. Habituellement nous m\u00e9langeons ces deux sentiments, ce qui est la cause de probl\u00e8mes relationnels et nous am\u00e8ne \u00e0 souffrir. <br><br><a href=\"https:\/\/www.meditation-marseille.org\/wordpress\/atelier-amour\/\">Infos et inscriptions<\/a><br><\/p>\n<\/div><\/div>\n\n\n\n<div style=\"height:50px\" aria-hidden=\"true\" class=\"wp-block-spacer\"><\/div>\n\n\n\n<div class=\"wp-block-media-text is-stacked-on-mobile is-vertically-aligned-top\" style=\"grid-template-columns:35% auto\"><figure class=\"wp-block-media-text__media\"><img loading=\"lazy\" decoding=\"async\" width=\"591\" height=\"591\" src=\"https:\/\/www.meditation-marseille.org\/wordpress\/wp-content\/uploads\/2025\/08\/Carre-joyeux.jpg\" alt=\"\" class=\"wp-image-7476 size-full\" srcset=\"https:\/\/www.meditation-marseille.org\/wordpress\/wp-content\/uploads\/2025\/08\/Carre-joyeux.jpg 591w, https:\/\/www.meditation-marseille.org\/wordpress\/wp-content\/uploads\/2025\/08\/Carre-joyeux-300x300.jpg 300w, https:\/\/www.meditation-marseille.org\/wordpress\/wp-content\/uploads\/2025\/08\/Carre-joyeux-150x150.jpg 150w\" sizes=\"auto, (max-width: 591px) 100vw, 591px\" \/><\/figure><div class=\"wp-block-media-text__content\">\n<h5 class=\"wp-block-heading\">Cultiver la joie<\/h5>\n\n\n\n<p><strong>Samedi 27 juin de 14h30 \u00e0 17h30<\/strong><\/p>\n\n\n\n<p>Nous avons toutes et tous envie d&rsquo;\u00eatre joyeux, mais comment faire ? Habituellement nos \u00e9tats d&rsquo;esprits tels que la joie, la tristesse ou la col\u00e8re, d\u00e9pendent fortement de la situation ext\u00e9rieure. En appliquant les m\u00e9thodes appropri\u00e9es, nous pouvons apprendre \u00e0 \u00eatre joyeux, m\u00eame quand les situations ext\u00e9rieures sont d\u00e9favorables. <br><br>Inscriptions \u00e0 venir&#8230;<\/p>\n<\/div><\/div>\n<\/div><\/div>\n\n\n\n<hr class=\"wp-block-separator has-alpha-channel-opacity\"\/>\n\n\n\n<h3 class=\"wp-block-heading\">Qui va animer ces ateliers ? <\/h3>\n\n\n\n<div class=\"wp-block-media-text has-media-on-the-right is-stacked-on-mobile is-vertically-aligned-center is-image-fill-element\" style=\"grid-template-columns:auto 30%\"><div class=\"wp-block-media-text__content\">\n<p><\/p>\n\n\n\n<p><strong>Gu\u00e8n Kelsang Lhassang<\/strong> est l\u2019enseignante principale du Centre Bouddhiste Kadampa de Marseille.<br><br>Elle nous transmet les enseignements de Bouddha avec patience et douceur en nous donnant des conseils pratiques pour nous permettre de d\u00e9velopper nos qualit\u00e9s et surmonter nos difficult\u00e9s.<br><br>Gu\u00e8n Kelsang Lhassang pratique le Bouddhisme Kadampa depuis pr\u00e8s de 20 ans et a re\u00e7u l\u2019ordination en 2007.<\/p>\n<\/div><figure class=\"wp-block-media-text__media\"><img loading=\"lazy\" decoding=\"async\" width=\"765\" height=\"1024\" src=\"https:\/\/www.meditation-marseille.org\/wordpress\/wp-content\/uploads\/2025\/12\/Guen-Kelsang-Lhassang-2025-765x1024.jpg\" alt=\"\" class=\"wp-image-7792 size-full\" style=\"object-position:49% 32%\" srcset=\"https:\/\/www.meditation-marseille.org\/wordpress\/wp-content\/uploads\/2025\/12\/Guen-Kelsang-Lhassang-2025-765x1024.jpg 765w, https:\/\/www.meditation-marseille.org\/wordpress\/wp-content\/uploads\/2025\/12\/Guen-Kelsang-Lhassang-2025-224x300.jpg 224w, https:\/\/www.meditation-marseille.org\/wordpress\/wp-content\/uploads\/2025\/12\/Guen-Kelsang-Lhassang-2025-768x1028.jpg 768w, https:\/\/www.meditation-marseille.org\/wordpress\/wp-content\/uploads\/2025\/12\/Guen-Kelsang-Lhassang-2025.jpg 983w\" sizes=\"auto, (max-width: 765px) 100vw, 765px\" \/><\/figure><\/div>\n","protected":false},"excerpt":{"rendered":"<p>S\u00e9ances sur la journ\u00e9e ou demi-journ\u00e9e Ces journ\u00e9es \u00e0 th\u00e8mes sont l&rsquo;occasion de se poser pour m\u00e9diter et d\u00e9couvrir les conseils que nous donne Bouddha pour am\u00e9liorer notre quotidien et <a class=\"more-link\" href=\"https:\/\/www.meditation-marseille.org\/wordpress\/cours-le-samedi\/\">Continue Reading &rarr;<\/a><\/p>\n","protected":false},"author":1,"featured_media":0,"parent":0,"menu_order":0,"comment_status":"closed","ping_status":"closed","template":"","meta":{"footnotes":""},"class_list":["post-7440","page","type-page","status-publish","hentry"],"_links":{"self":[{"href":"https:\/\/www.meditation-marseille.org\/wordpress\/wp-json\/wp\/v2\/pages\/7440","targetHints":{"allow":["GET"]}}],"collection":[{"href":"https:\/\/www.meditation-marseille.org\/wordpress\/wp-json\/wp\/v2\/pages"}],"about":[{"href":"https:\/\/www.meditation-marseille.org\/wordpress\/wp-json\/wp\/v2\/types\/page"}],"author":[{"embeddable":true,"href":"https:\/\/www.meditation-marseille.org\/wordpress\/wp-json\/wp\/v2\/users\/1"}],"replies":[{"embeddable":true,"href":"https:\/\/www.meditation-marseille.org\/wordpress\/wp-json\/wp\/v2\/comments?post=7440"}],"version-history":[{"count":21,"href":"https:\/\/www.meditation-marseille.org\/wordpress\/wp-json\/wp\/v2\/pages\/7440\/revisions"}],"predecessor-version":[{"id":8349,"href":"https:\/\/www.meditation-marseille.org\/wordpress\/wp-json\/wp\/v2\/pages\/7440\/revisions\/8349"}],"wp:attachment":[{"href":"https:\/\/www.meditation-marseille.org\/wordpress\/wp-json\/wp\/v2\/media?parent=7440"}],"curies":[{"name":"wp","href":"https:\/\/api.w.org\/{rel}","templated":true}]}}