{"id":7369,"date":"2025-07-20T11:27:15","date_gmt":"2025-07-20T09:27:15","guid":{"rendered":"https:\/\/www.meditation-marseille.org\/wordpress\/?page_id=7369"},"modified":"2025-07-20T11:33:52","modified_gmt":"2025-07-20T09:33:52","slug":"dons","status":"publish","type":"page","link":"https:\/\/www.meditation-marseille.org\/wordpress\/dons\/","title":{"rendered":"Comment nous aider ?"},"content":{"rendered":"\n<h4 class=\"wp-block-heading\"><strong>Offrir votre temps<\/strong><\/h4>\n\n\n<div class=\"wp-block-image\">\n<figure class=\"alignright is-resized\"><img loading=\"lazy\" decoding=\"async\" width=\"910\" height=\"569\" src=\"https:\/\/www.meditation-marseille.org\/wordpress\/wp-content\/uploads\/2014\/01\/feeling-love-heart-donation.jpg\" alt=\"feeling-love-heart-donation\" class=\"wp-image-6313\" style=\"width:195px;height:auto\" srcset=\"https:\/\/www.meditation-marseille.org\/wordpress\/wp-content\/uploads\/2014\/01\/feeling-love-heart-donation.jpg 910w, https:\/\/www.meditation-marseille.org\/wordpress\/wp-content\/uploads\/2014\/01\/feeling-love-heart-donation-300x187.jpg 300w\" sizes=\"auto, (max-width: 910px) 100vw, 910px\" \/><\/figure>\n<\/div>\n\n\n<p>Il y a toujours du travail \u00e0 faire dans les centres et si vous voulez aider vous serez toujours les bienvenus. M\u00eame si vous n\u2019avez pas de comp\u00e9tence particuli\u00e8re, il y a du nettoyage, du rangement, de l\u2019affichage et d\u2019autres choses simples pour lesquelles vous pouvez apporter votre aide.<\/p>\n\n\n\n<h4 class=\"wp-block-heading\"><strong><strong>Contribuer financi\u00e8rement<\/strong><\/strong><\/h4>\n\n\n\n<div class=\"wp-block-buttons is-layout-flex wp-block-buttons-is-layout-flex\">\n<div class=\"wp-block-button\"><a class=\"wp-block-button__link wp-element-button\" href=\"https:\/\/www.helloasso.com\/associations\/centre-bouddhiste-kadampa-menlha\/formulaires\/1\">Don en ligne<\/a><\/div>\n<\/div>\n\n\n\n<div style=\"height:23px\" aria-hidden=\"true\" class=\"wp-block-spacer\"><\/div>\n\n\n\n<p>Le centre fonctionne gr\u00e2ce aux \u00e9v\u00e9nements organis\u00e9s mais surtout gr\u00e2ce \u00e0 votre g\u00e9n\u00e9rosit\u00e9. L\u2019association a de nombreux frais fixes et des am\u00e9liorations que nous souhaitons r\u00e9aliser: une nouvelle rampe d\u2019acc\u00e8s \u00e0 la salle de m\u00e9ditation,\u00a0une ventilation\u00a0et un escalier d\u2019acc\u00e8s au sous-sol.<br>Si vous le souhaitez, vous pouvez faire un don ponctuel ou r\u00e9gulier. Pour se faire, vous pouvez contacter notre directrice administrative en envoyant un email \u00e0 <a href=\"https:\/\/www.meditation-marseille.org\/wordpress\/dons\/centre.menlha@gmail.com\">centre.menlha@gmail.com<\/a><\/p>\n\n\n\n<p>Vous pouvez aussi envoyer un ch\u00e8que\u00a0<strong>\u00e0 l\u2019ordre du Centre Bouddhiste Kadampa Menlha<\/strong>\u00a0\u00e0 l\u2019adresse suivante :<br><strong>Centre Bouddhiste Kadampa Menlha<\/strong><br>8 place Pierre Roux, 13005 Marseille<\/p>\n\n\n\n<p><\/p>\n\n\n\n<h4 class=\"wp-block-heading\"><strong><strong>D\u00e9fiscalisation<\/strong><\/strong><\/h4>\n\n\n\n<p>Reconnu association loi 1901 et loi 1905, le Centre Bouddhiste Kadampa Menlha est habilit\u00e9 \u00e0 \u00e9diter des re\u00e7us fiscaux. Vos dons sont donc d\u00e9fiscalisables \u00e0 hauteur de 66%.<\/p>\n\n\n\n<p><strong>Merci de tout c\u0153ur de votre g\u00e9n\u00e9rosit\u00e9 et de&nbsp;permettre ainsi au Dharma&nbsp;de s\u2019\u00e9panouir dans notre r\u00e9gion.<\/strong><\/p>\n","protected":false},"excerpt":{"rendered":"<p>Offrir votre temps Il y a toujours du travail \u00e0 faire dans les centres et si vous voulez aider vous serez toujours les bienvenus. M\u00eame si vous n\u2019avez pas de <a class=\"more-link\" href=\"https:\/\/www.meditation-marseille.org\/wordpress\/dons\/\">Continue Reading &rarr;<\/a><\/p>\n","protected":false},"author":1,"featured_media":0,"parent":0,"menu_order":0,"comment_status":"closed","ping_status":"closed","template":"","meta":{"footnotes":""},"class_list":["post-7369","page","type-page","status-publish","hentry"],"_links":{"self":[{"href":"https:\/\/www.meditation-marseille.org\/wordpress\/wp-json\/wp\/v2\/pages\/7369","targetHints":{"allow":["GET"]}}],"collection":[{"href":"https:\/\/www.meditation-marseille.org\/wordpress\/wp-json\/wp\/v2\/pages"}],"about":[{"href":"https:\/\/www.meditation-marseille.org\/wordpress\/wp-json\/wp\/v2\/types\/page"}],"author":[{"embeddable":true,"href":"https:\/\/www.meditation-marseille.org\/wordpress\/wp-json\/wp\/v2\/users\/1"}],"replies":[{"embeddable":true,"href":"https:\/\/www.meditation-marseille.org\/wordpress\/wp-json\/wp\/v2\/comments?post=7369"}],"version-history":[{"count":5,"href":"https:\/\/www.meditation-marseille.org\/wordpress\/wp-json\/wp\/v2\/pages\/7369\/revisions"}],"predecessor-version":[{"id":7377,"href":"https:\/\/www.meditation-marseille.org\/wordpress\/wp-json\/wp\/v2\/pages\/7369\/revisions\/7377"}],"wp:attachment":[{"href":"https:\/\/www.meditation-marseille.org\/wordpress\/wp-json\/wp\/v2\/media?parent=7369"}],"curies":[{"name":"wp","href":"https:\/\/api.w.org\/{rel}","templated":true}]}}