{"id":7141,"date":"2025-02-23T10:48:29","date_gmt":"2025-02-23T09:48:29","guid":{"rendered":"https:\/\/www.meditation-marseille.org\/wordpress\/?page_id=7141"},"modified":"2025-02-23T10:48:30","modified_gmt":"2025-02-23T09:48:30","slug":"atelier-meditation-sortir-du-monde-des-illusions-la-sagesse-de-la-vacuite","status":"publish","type":"page","link":"https:\/\/www.meditation-marseille.org\/wordpress\/atelier-meditation-sortir-du-monde-des-illusions-la-sagesse-de-la-vacuite\/","title":{"rendered":"Atelier m\u00e9ditation : Sortir du monde des illusions, la sagesse de la vacuit\u00e9"},"content":{"rendered":"\n<h4 class=\"wp-block-heading\">Samedi 1er mars de 14h30 \u00e0 17h30<\/h4>\n\n\n\n<div style=\"height:25px\" aria-hidden=\"true\" class=\"wp-block-spacer\"><\/div>\n\n\n\n<div class=\"wp-block-buttons is-layout-flex wp-block-buttons-is-layout-flex\">\n<div class=\"wp-block-button\"><a class=\"wp-block-button__link wp-element-button\" href=\"https:\/\/www.billetweb.fr\/atelier-meditation-vacuite\">Inscription<\/a><\/div>\n<\/div>\n\n\n\n<div style=\"height:23px\" aria-hidden=\"true\" class=\"wp-block-spacer\"><\/div>\n\n\n<div class=\"wp-block-image\">\n<figure class=\"alignright size-full is-resized\"><img loading=\"lazy\" decoding=\"async\" width=\"624\" height=\"416\" src=\"https:\/\/www.meditation-marseille.org\/wordpress\/wp-content\/uploads\/2025\/02\/NKT_Meditation_0060-low.jpg\" alt=\"\" class=\"wp-image-7142\" style=\"width:309px;height:auto\" srcset=\"https:\/\/www.meditation-marseille.org\/wordpress\/wp-content\/uploads\/2025\/02\/NKT_Meditation_0060-low.jpg 624w, https:\/\/www.meditation-marseille.org\/wordpress\/wp-content\/uploads\/2025\/02\/NKT_Meditation_0060-low-300x200.jpg 300w\" sizes=\"auto, (max-width: 624px) 100vw, 624px\" \/><\/figure>\n<\/div>\n\n\n<p>\u2666 Durant cet atelier, l&rsquo;enseignante Gu\u00e8n Kelsang Lhassang partagera les profonds enseignements de Bouddha sur la vacuit\u00e9.<br>La vacuit\u00e9 est la mani\u00e8re dont les choses existent r\u00e9ellement, par opposition \u00e0 la mani\u00e8re dont nous les percevons habituellement.<br>Quand nous aurons r\u00e9alis\u00e9 la vacuit\u00e9, toute souffrance cessera et nous ferons alors l&rsquo;exp\u00e9rience d&rsquo;un bonheur profond et durable.<\/p>\n\n\n\n<p>\u2666 Ces demi journ\u00e9es \u00e0 th\u00e8mes sont l&rsquo;occasion de se poser pour m\u00e9diter et d\u00e9couvrir les conseils que nous donne Bouddha pour am\u00e9liorer notre quotidien et trouver le bonheur.<\/p>\n\n\n\n<h4 class=\"wp-block-heading\">D\u00e9roul\u00e9 de l&rsquo;atelier<\/h4>\n\n\n\n<ul class=\"wp-block-list\">\n<li>L&rsquo;apr\u00e8s-midi est d\u00e9coup\u00e9 en deux demi s\u00e9ances de 1h15, avec une pause collation de 30 minutes entre les deux.<\/li>\n\n\n\n<li>Durant l&rsquo;atelier, un enseignement est donn\u00e9 et deux m\u00e9ditations seront guid\u00e9es, une premi\u00e8re pour se d\u00e9tendre et apaiser notre esprit, la deuxi\u00e8me sur le th\u00e8me de l&rsquo;enseignement.<\/li>\n\n\n\n<li>Il est possible de s&rsquo;asseoir sur une chaise ou sur un coussin selon votre pr\u00e9f\u00e9rence. <\/li>\n<\/ul>\n\n\n\n<h4 class=\"wp-block-heading\">Infos pratiques<\/h4>\n\n\n\n<p>\u2705 Dur\u00e9e : 3h (avec une pause)<br>\u2705 Inscription en ligne conseill\u00e9e. Tout le monde est bienvenu, aucun pr\u00e9-requis.<br>\u2705 Tarif propos\u00e9 : 15\u20ac \/ tarif r\u00e9duit : 10\u20ac. Personne n&rsquo;est refus\u00e9 pour manque d&rsquo;argent.<br>\u2705 Enseignements accessibles \u00e0 tous niveaux. Il n&rsquo;est pas n\u00e9cessaire de connaitre la m\u00e9ditation pour venir.<br>\u2705 Lieu : <a title=\"Afficher sur Google Maps\" href=\"https:\/\/www.google.fr\/maps\/place\/8+Place+Pierre+Roux,+13005+Marseille\/@43.2859579,5.3923894,16.5z\/data=!4m5!3m4!1s0x12c9bf5615461b51:0x1fa339ce849dfc59!8m2!3d43.2856424!4d5.3952217\" target=\"_blank\" rel=\"noopener\">8 Place Pierre Roux, 13 005 Marseille (5 min m\u00e9tro Baille)<\/a>.<\/p>\n\n\n\n<div class=\"wp-block-buttons is-layout-flex wp-block-buttons-is-layout-flex\">\n<div class=\"wp-block-button is-style-fill\"><a class=\"wp-block-button__link wp-element-button\" href=\"https:\/\/www.billetweb.fr\/atelier-meditation-vacuite\">Inscription<\/a><\/div>\n<\/div>\n\n\n\n<p><\/p>\n\n\n\n<h4 class=\"wp-block-heading\">Qui va animer cet atelier ? <\/h4>\n\n\n<div class=\"wp-block-image\">\n<figure class=\"alignright\"><img loading=\"lazy\" decoding=\"async\" width=\"199\" height=\"300\" src=\"http:\/\/www.meditation-marseille.org\/wordpress\/wp-content\/uploads\/2013\/12\/BERG9863-199x300.jpg\" alt=\"\" class=\"wp-image-3581\" srcset=\"https:\/\/www.meditation-marseille.org\/wordpress\/wp-content\/uploads\/2013\/12\/BERG9863-199x300.jpg 199w, https:\/\/www.meditation-marseille.org\/wordpress\/wp-content\/uploads\/2013\/12\/BERG9863.jpg 423w\" sizes=\"auto, (max-width: 199px) 100vw, 199px\" \/><\/figure>\n<\/div>\n\n\n<p><strong>Gu\u00e8n Kelsang Lhassang<\/strong> est l\u2019enseignante principale du Centre Bouddhiste Kadampa de Marseille.<\/p>\n\n\n\n<p>Elle nous transmet les enseignements de Bouddha avec patience et douceur en nous donnant des conseils pratiques pour nous permettre de d\u00e9velopper nos qualit\u00e9s et surmonter nos difficult\u00e9s.<\/p>\n\n\n\n<p>Gu\u00e8n Kelsang Lhassang pratique le Bouddhisme Kadampa depuis 20 ans et a re\u00e7u l\u2019ordination en 2007.<\/p>\n\n\n\n<hr class=\"wp-block-separator has-alpha-channel-opacity\"\/>\n\n\n\n<p><span style=\"font-size: 14pt;\">N\u2019h\u00e9sitez pas \u00e0 consulter<\/span> <span style=\"font-size: 14pt;\"><a title=\"Calendrier des enseignements\" href=\"http:\/\/www.meditation-marseille.org\/wordpress\/calendrier-des-enseignements\/\">le calendrier complet des activit\u00e9s du centre<\/a>.<\/span><\/p>\n","protected":false},"excerpt":{"rendered":"<p>Samedi 1er mars de 14h30 \u00e0 17h30 \u2666 Durant cet atelier, l&rsquo;enseignante Gu\u00e8n Kelsang Lhassang partagera les profonds enseignements de Bouddha sur la vacuit\u00e9.La vacuit\u00e9 est la mani\u00e8re dont les <a class=\"more-link\" href=\"https:\/\/www.meditation-marseille.org\/wordpress\/atelier-meditation-sortir-du-monde-des-illusions-la-sagesse-de-la-vacuite\/\">Continue Reading &rarr;<\/a><\/p>\n","protected":false},"author":1,"featured_media":0,"parent":0,"menu_order":0,"comment_status":"closed","ping_status":"closed","template":"","meta":{"footnotes":""},"class_list":["post-7141","page","type-page","status-publish","hentry"],"_links":{"self":[{"href":"https:\/\/www.meditation-marseille.org\/wordpress\/wp-json\/wp\/v2\/pages\/7141","targetHints":{"allow":["GET"]}}],"collection":[{"href":"https:\/\/www.meditation-marseille.org\/wordpress\/wp-json\/wp\/v2\/pages"}],"about":[{"href":"https:\/\/www.meditation-marseille.org\/wordpress\/wp-json\/wp\/v2\/types\/page"}],"author":[{"embeddable":true,"href":"https:\/\/www.meditation-marseille.org\/wordpress\/wp-json\/wp\/v2\/users\/1"}],"replies":[{"embeddable":true,"href":"https:\/\/www.meditation-marseille.org\/wordpress\/wp-json\/wp\/v2\/comments?post=7141"}],"version-history":[{"count":1,"href":"https:\/\/www.meditation-marseille.org\/wordpress\/wp-json\/wp\/v2\/pages\/7141\/revisions"}],"predecessor-version":[{"id":7144,"href":"https:\/\/www.meditation-marseille.org\/wordpress\/wp-json\/wp\/v2\/pages\/7141\/revisions\/7144"}],"wp:attachment":[{"href":"https:\/\/www.meditation-marseille.org\/wordpress\/wp-json\/wp\/v2\/media?parent=7141"}],"curies":[{"name":"wp","href":"https:\/\/api.w.org\/{rel}","templated":true}]}}