{"id":7044,"date":"2025-01-03T15:08:14","date_gmt":"2025-01-03T14:08:14","guid":{"rendered":"https:\/\/www.meditation-marseille.org\/wordpress\/?page_id=7044"},"modified":"2026-01-15T10:50:21","modified_gmt":"2026-01-15T09:50:21","slug":"meditation-et-repas-pres-davignon","status":"publish","type":"page","link":"https:\/\/www.meditation-marseille.org\/wordpress\/meditation-et-repas-pres-davignon\/","title":{"rendered":"M\u00e9ditation et repas pr\u00e8s d&rsquo;Avignon"},"content":{"rendered":"\n<h4 class=\"wp-block-heading\">Un samedi par mois de 10h00 \u00e0 13h00<\/h4>\n\n\n\n<div class=\"wp-block-buttons is-layout-flex wp-block-buttons-is-layout-flex\">\n<div class=\"wp-block-button\"><a class=\"wp-block-button__link wp-element-button\" href=\"https:\/\/www.helloasso.com\/associations\/centre-bouddhiste-kadampa-menlha\/evenements\/meditation-avignon-1\">Inscription<\/a><\/div>\n<\/div>\n\n\n\n<p><\/p>\n\n\n\n<figure class=\"wp-block-image size-large\"><img loading=\"lazy\" decoding=\"async\" width=\"1024\" height=\"536\" src=\"https:\/\/www.meditation-marseille.org\/wordpress\/wp-content\/uploads\/2025\/12\/2025-01-01-affiche-FB-Avignon-2048x1072-1-1024x536.jpg\" alt=\"\" class=\"wp-image-7874\" srcset=\"https:\/\/www.meditation-marseille.org\/wordpress\/wp-content\/uploads\/2025\/12\/2025-01-01-affiche-FB-Avignon-2048x1072-1-1024x536.jpg 1024w, https:\/\/www.meditation-marseille.org\/wordpress\/wp-content\/uploads\/2025\/12\/2025-01-01-affiche-FB-Avignon-2048x1072-1-300x157.jpg 300w, https:\/\/www.meditation-marseille.org\/wordpress\/wp-content\/uploads\/2025\/12\/2025-01-01-affiche-FB-Avignon-2048x1072-1-768x402.jpg 768w, https:\/\/www.meditation-marseille.org\/wordpress\/wp-content\/uploads\/2025\/12\/2025-01-01-affiche-FB-Avignon-2048x1072-1-1536x804.jpg 1536w, https:\/\/www.meditation-marseille.org\/wordpress\/wp-content\/uploads\/2025\/12\/2025-01-01-affiche-FB-Avignon-2048x1072-1.jpg 2048w\" sizes=\"auto, (max-width: 1024px) 100vw, 1024px\" \/><\/figure>\n\n\n\n<p><\/p>\n\n\n\n<h4 class=\"wp-block-heading\">D\u00e9roul\u00e9 des ateliers<\/h4>\n\n\n\n<p>Ces matin\u00e9es comportent une partie enseignement, format conf\u00e9rence, ainsi que des m\u00e9ditations guid\u00e9es.<br>Tout le monde peut participer, aucun pr\u00e9requis n\u00e9cessaire, m\u00eame si vous n&rsquo;avez jamais m\u00e9dit\u00e9.<br>L&rsquo;atelier est suivi d&rsquo;un repas collectif pour ceux qui le souhaitent, chacun peut apporter de la nourriture v\u00e9g\u00e9tarienne et sans alcool \u00e0 partager.<\/p>\n\n\n\n<h4 class=\"wp-block-heading\">Programme de janvier \u00e0 juin 2026 :<\/h4>\n\n\n\n<p>&#8211; Samedi 31 janvier : D\u00e9couvrir la sagesse de la vacuit\u00e9<br>&#8211; Samedi 28 f\u00e9vrier : Changer son karma<br>&#8211; Samedi 28 mars: Booster notre concentration<br>&#8211; Samedi 11 avril : Apprendre \u00e0 dire non<br>&#8211; Samedi 30 mai : D\u00e9passer ses peurs et aller de l&rsquo;avant<br>&#8211; Weekend du 13 &amp; 14 juin : retraite guid\u00e9e de m\u00e9ditation (inscriptions \u00e0 venir)<\/p>\n\n\n\n<h4 class=\"wp-block-heading\">Infos<\/h4>\n\n\n\n<p class=\"has-text-align-left\">\u2705 Tout le monde est bienvenu. Accessible \u00e0 tous niveaux, y compris pour les d\u00e9butants.<br>\u2705 Tarif propos\u00e9 : 15\u20ac \/ tarif r\u00e9duit : 10\u20ac. Personne n\u2019est refus\u00e9 pour manque d\u2019argent.<br>\u2705 Lieu : JRC : 592 route de la Roque, 84210 Althen des paluds<br>\u2705Plus d&rsquo;informations : 06 07 30 17 40<\/p>\n\n\n\n<p><\/p>\n\n\n\n<h4 class=\"wp-block-heading\">Deux enseignants pour ces matin\u00e9es<\/h4>\n\n\n<div class=\"wp-block-image\">\n<figure class=\"alignleft size-large is-resized\"><a href=\"https:\/\/www.meditation-marseille.org\/wordpress\/wp-content\/uploads\/2025\/12\/Marlise-2-scaled.jpg\"><img loading=\"lazy\" decoding=\"async\" width=\"683\" height=\"1024\" src=\"https:\/\/www.meditation-marseille.org\/wordpress\/wp-content\/uploads\/2025\/12\/Marlise-2-683x1024.jpg\" alt=\"\" class=\"wp-image-8344\" style=\"aspect-ratio:0.6669945892769307;width:209px;height:auto\" srcset=\"https:\/\/www.meditation-marseille.org\/wordpress\/wp-content\/uploads\/2025\/12\/Marlise-2-683x1024.jpg 683w, https:\/\/www.meditation-marseille.org\/wordpress\/wp-content\/uploads\/2025\/12\/Marlise-2-200x300.jpg 200w, https:\/\/www.meditation-marseille.org\/wordpress\/wp-content\/uploads\/2025\/12\/Marlise-2-768x1152.jpg 768w, https:\/\/www.meditation-marseille.org\/wordpress\/wp-content\/uploads\/2025\/12\/Marlise-2-1024x1536.jpg 1024w, https:\/\/www.meditation-marseille.org\/wordpress\/wp-content\/uploads\/2025\/12\/Marlise-2-1365x2048.jpg 1365w, https:\/\/www.meditation-marseille.org\/wordpress\/wp-content\/uploads\/2025\/12\/Marlise-2-scaled.jpg 1707w\" sizes=\"auto, (max-width: 683px) 100vw, 683px\" \/><\/a><\/figure>\n<\/div>\n\n\n<div class=\"wp-block-group is-nowrap is-layout-flex wp-container-core-group-is-layout-ad2f72ca wp-block-group-is-layout-flex\">\n<p><strong>Marlise Anthonioz <\/strong>est l&rsquo;enseignante principale du Centre Bouddhiste Kadampa de Lyon. Elle pratique le bouddhisme depuis une quinzaine d\u2019ann\u00e9es.<br><br>En 2023 elle a suivi la formation sp\u00e9ciale des enseignants au centre m\u00e8re de la tradition Kadampa en Angleterre.<br><br>Sa foi, son amour pour les autres et son \u00e9nergie sont une in\u00e9puisable source d\u2019inspiration pour nous&nbsp;tous.<\/p>\n<\/div>\n\n\n\n<div style=\"height:23px\" aria-hidden=\"true\" class=\"wp-block-spacer\"><\/div>\n\n\n<div class=\"wp-block-image\">\n<figure class=\"alignleft size-full is-resized\"><img loading=\"lazy\" decoding=\"async\" width=\"800\" height=\"800\" src=\"https:\/\/www.meditation-marseille.org\/wordpress\/wp-content\/uploads\/2025\/08\/PXL_20221203_140821357.PORTRAIT-Copie-Copie-Copie.jpg\" alt=\"\" class=\"wp-image-7509\" style=\"width:179px;height:auto\" srcset=\"https:\/\/www.meditation-marseille.org\/wordpress\/wp-content\/uploads\/2025\/08\/PXL_20221203_140821357.PORTRAIT-Copie-Copie-Copie.jpg 800w, https:\/\/www.meditation-marseille.org\/wordpress\/wp-content\/uploads\/2025\/08\/PXL_20221203_140821357.PORTRAIT-Copie-Copie-Copie-300x300.jpg 300w, https:\/\/www.meditation-marseille.org\/wordpress\/wp-content\/uploads\/2025\/08\/PXL_20221203_140821357.PORTRAIT-Copie-Copie-Copie-150x150.jpg 150w, https:\/\/www.meditation-marseille.org\/wordpress\/wp-content\/uploads\/2025\/08\/PXL_20221203_140821357.PORTRAIT-Copie-Copie-Copie-768x768.jpg 768w\" sizes=\"auto, (max-width: 800px) 100vw, 800px\" \/><\/figure>\n<\/div>\n\n\n<p><strong>Pierre Bassahon<\/strong> \u00e9tudie le programme fondamental et pratique le bouddhisme Kadampa depuis plusieurs ann\u00e9es.<br>Il est appr\u00e9ci\u00e9 pour son enthousiasme, la clart\u00e9 et la profondeur de ses enseignements.&nbsp;Pierre enseigne \u00e0 Avignon et M\u00e2con.<\/p>\n\n\n\n<div style=\"height:51px\" aria-hidden=\"true\" class=\"wp-block-spacer\"><\/div>\n\n\n\n<h4 class=\"wp-block-heading\">Pourquoi m\u00e9diter ?<\/h4>\n\n\n\n<p><em>Si notre esprit est en paix, nous serons lib\u00e9r\u00e9s des soucis et des souffrances mentales et nous conna\u00eetrons ainsi le vrai bonheur. Mais si notre esprit n\u2019est pas en paix, il nous sera tr\u00e8s difficile d\u2019\u00eatre heureux, m\u00eame si nous vivons dans les meilleures conditions.<\/em><\/p>\n\n\n\n<p><em>Si nous nous entra\u00eenons \u00e0 la m\u00e9ditation, notre esprit va progressivement devenir de plus en plus paisible, et nous conna\u00eetrons une forme de bonheur de plus en plus pure. Finalement nous serons capables d\u2019\u00eatre tout le temps heureux, m\u00eame dans les situations les plus difficiles.<\/em><\/p>\n","protected":false},"excerpt":{"rendered":"<p>Un samedi par mois de 10h00 \u00e0 13h00 D\u00e9roul\u00e9 des ateliers Ces matin\u00e9es comportent une partie enseignement, format conf\u00e9rence, ainsi que des m\u00e9ditations guid\u00e9es.Tout le monde peut participer, aucun pr\u00e9requis <a class=\"more-link\" href=\"https:\/\/www.meditation-marseille.org\/wordpress\/meditation-et-repas-pres-davignon\/\">Continue Reading &rarr;<\/a><\/p>\n","protected":false},"author":1,"featured_media":0,"parent":0,"menu_order":0,"comment_status":"closed","ping_status":"closed","template":"","meta":{"footnotes":""},"class_list":["post-7044","page","type-page","status-publish","hentry"],"_links":{"self":[{"href":"https:\/\/www.meditation-marseille.org\/wordpress\/wp-json\/wp\/v2\/pages\/7044","targetHints":{"allow":["GET"]}}],"collection":[{"href":"https:\/\/www.meditation-marseille.org\/wordpress\/wp-json\/wp\/v2\/pages"}],"about":[{"href":"https:\/\/www.meditation-marseille.org\/wordpress\/wp-json\/wp\/v2\/types\/page"}],"author":[{"embeddable":true,"href":"https:\/\/www.meditation-marseille.org\/wordpress\/wp-json\/wp\/v2\/users\/1"}],"replies":[{"embeddable":true,"href":"https:\/\/www.meditation-marseille.org\/wordpress\/wp-json\/wp\/v2\/comments?post=7044"}],"version-history":[{"count":22,"href":"https:\/\/www.meditation-marseille.org\/wordpress\/wp-json\/wp\/v2\/pages\/7044\/revisions"}],"predecessor-version":[{"id":8058,"href":"https:\/\/www.meditation-marseille.org\/wordpress\/wp-json\/wp\/v2\/pages\/7044\/revisions\/8058"}],"wp:attachment":[{"href":"https:\/\/www.meditation-marseille.org\/wordpress\/wp-json\/wp\/v2\/media?parent=7044"}],"curies":[{"name":"wp","href":"https:\/\/api.w.org\/{rel}","templated":true}]}}