{"id":70,"date":"2014-01-19T11:06:45","date_gmt":"2014-01-19T10:06:45","guid":{"rendered":"http:\/\/wp.meditation-marseille.org\/?page_id=70"},"modified":"2017-12-23T10:17:43","modified_gmt":"2017-12-23T09:17:43","slug":"qui-est-bouddha","status":"publish","type":"page","link":"https:\/\/www.meditation-marseille.org\/wordpress\/qui-est-bouddha\/","title":{"rendered":"Qui est Bouddha ?"},"content":{"rendered":"<p style=\"text-align: justify;\"><img loading=\"lazy\" decoding=\"async\" class=\"alignleft  wp-image-1602\" style=\"border: 0px;\" src=\"http:\/\/www.meditation-marseille.org\/wordpress\/wp-content\/uploads\/2014\/01\/Buddha-Shakyamuni-3_transparent-1019x1024.png\" alt=\"Buddha Shakyamuni 3_transparent\" width=\"249\" height=\"250\" srcset=\"https:\/\/www.meditation-marseille.org\/wordpress\/wp-content\/uploads\/2014\/01\/Buddha-Shakyamuni-3_transparent-1019x1024.png 1019w, https:\/\/www.meditation-marseille.org\/wordpress\/wp-content\/uploads\/2014\/01\/Buddha-Shakyamuni-3_transparent-150x150.png 150w, https:\/\/www.meditation-marseille.org\/wordpress\/wp-content\/uploads\/2014\/01\/Buddha-Shakyamuni-3_transparent-298x300.png 298w\" sizes=\"auto, (max-width: 249px) 100vw, 249px\" \/>D&rsquo;une fa\u00e7on g\u00e9n\u00e9rale, le terme <em>bouddha<\/em> d\u00e9signe un <em>\u00eatre \u00e9veill\u00e9<\/em>, quelqu&rsquo;un qui s&rsquo;est \u00e9veill\u00e9 du sommeil de l&rsquo;ignorance et voit les choses telles qu&rsquo;elles sont r\u00e9ellement. Un bouddha est une personne compl\u00e8tement lib\u00e9r\u00e9e de tous les d\u00e9fauts de l&rsquo;esprit et de toutes les obstructions mentales. Autrefois, de nombreuses personnes sont devenues des bouddhas et de nombreuses personnes deviendront des bouddhas \u00e0 l&rsquo;avenir.<\/p>\n<p>Il n&rsquo;y a rien que Bouddha ne connaisse. Parce qu&rsquo;il s&rsquo;est \u00e9veill\u00e9 du sommeil de l&rsquo;ignorance et a \u00e9limin\u00e9 toutes les obstructions de son esprit, il conna\u00eet absolument tout le pass\u00e9, le pr\u00e9sent et le futur, directement et simultan\u00e9ment. En outre, Bouddha a une immense compassion, totalement impartiale, qui embrasse tous les \u00eatres vivants sans discrimination. Il les aide tous sans exception en se manifestant sous de multiples formes \u00e0 travers l&rsquo;univers et en b\u00e9nissant leur esprit.<\/p>\n<p style=\"text-align: justify;\">En recevant les b\u00e9n\u00e9dictions de Bouddha, tous les<img loading=\"lazy\" decoding=\"async\" class=\" wp-image-2650 alignright\" style=\"border: 0px;\" src=\"http:\/\/www.meditation-marseille.org\/wordpress\/wp-content\/uploads\/2014\/01\/Shantideva-268x300.png\" alt=\"Shantideva\" width=\"219\" height=\"244\" srcset=\"https:\/\/www.meditation-marseille.org\/wordpress\/wp-content\/uploads\/2014\/01\/Shantideva-268x300.png 268w, https:\/\/www.meditation-marseille.org\/wordpress\/wp-content\/uploads\/2014\/01\/Shantideva-914x1024.png 914w, https:\/\/www.meditation-marseille.org\/wordpress\/wp-content\/uploads\/2014\/01\/Shantideva.png 1778w\" sizes=\"auto, (max-width: 219px) 100vw, 219px\" \/> \u00eatres, m\u00eame l&rsquo;animal le plus infime, ont parfois des \u00e9tats d&rsquo;esprit paisibles et vertueux. Finalement, tous vont rencontrer une \u00e9manation de Bouddha, sous la forme d&rsquo;un guide spirituel, et auront la possibilit\u00e9 de s&rsquo;engager sur la voie de la lib\u00e9ration et de l&rsquo;illumination. Comme l&rsquo;a dit le grand \u00e9rudit bouddhiste indien Nagardjouna : \u00ab Il n&rsquo;existe pas une seule personne qui n&rsquo;ait re\u00e7u l&rsquo;aide de Bouddha. \u00bb<\/p>\n<p style=\"text-align: justify;\">Il est impossible de d\u00e9crire toutes les qualit\u00e9s d\u2019un bouddha. La compassion, la sagesse et le pouvoir d\u2019un bouddha sont inconcevables. Plus rien ne lui obscurcissant l\u2019esprit, il voit tous les ph\u00e9nom\u00e8nes dans tout l\u2019univers aussi clairement qu\u2019il voit un joyau dans le creux de sa main. Par la force de sa compassion, un bouddha accomplit spontan\u00e9ment ce qui est appropri\u00e9 pour aider les autres.<\/p>\n","protected":false},"excerpt":{"rendered":"<p>D&rsquo;une fa\u00e7on g\u00e9n\u00e9rale, le terme bouddha d\u00e9signe un \u00eatre \u00e9veill\u00e9, quelqu&rsquo;un qui s&rsquo;est \u00e9veill\u00e9 du sommeil de l&rsquo;ignorance et voit les choses telles qu&rsquo;elles sont r\u00e9ellement. Un bouddha est une <a class=\"more-link\" href=\"https:\/\/www.meditation-marseille.org\/wordpress\/qui-est-bouddha\/\">Continue Reading &rarr;<\/a><\/p>\n","protected":false},"author":1,"featured_media":0,"parent":0,"menu_order":0,"comment_status":"closed","ping_status":"closed","template":"","meta":{"footnotes":""},"class_list":["post-70","page","type-page","status-publish","hentry"],"_links":{"self":[{"href":"https:\/\/www.meditation-marseille.org\/wordpress\/wp-json\/wp\/v2\/pages\/70","targetHints":{"allow":["GET"]}}],"collection":[{"href":"https:\/\/www.meditation-marseille.org\/wordpress\/wp-json\/wp\/v2\/pages"}],"about":[{"href":"https:\/\/www.meditation-marseille.org\/wordpress\/wp-json\/wp\/v2\/types\/page"}],"author":[{"embeddable":true,"href":"https:\/\/www.meditation-marseille.org\/wordpress\/wp-json\/wp\/v2\/users\/1"}],"replies":[{"embeddable":true,"href":"https:\/\/www.meditation-marseille.org\/wordpress\/wp-json\/wp\/v2\/comments?post=70"}],"version-history":[{"count":9,"href":"https:\/\/www.meditation-marseille.org\/wordpress\/wp-json\/wp\/v2\/pages\/70\/revisions"}],"predecessor-version":[{"id":2651,"href":"https:\/\/www.meditation-marseille.org\/wordpress\/wp-json\/wp\/v2\/pages\/70\/revisions\/2651"}],"wp:attachment":[{"href":"https:\/\/www.meditation-marseille.org\/wordpress\/wp-json\/wp\/v2\/media?parent=70"}],"curies":[{"name":"wp","href":"https:\/\/api.w.org\/{rel}","templated":true}]}}