{"id":67,"date":"2014-01-19T11:05:46","date_gmt":"2014-01-19T10:05:46","guid":{"rendered":"http:\/\/wp.meditation-marseille.org\/?page_id=67"},"modified":"2017-10-01T22:00:05","modified_gmt":"2017-10-01T20:00:05","slug":"quest-ce-que-le-bouddhisme","status":"publish","type":"page","link":"https:\/\/www.meditation-marseille.org\/wordpress\/quest-ce-que-le-bouddhisme\/","title":{"rendered":"Qu&rsquo;est-ce que le bouddhisme ?"},"content":{"rendered":"<p style=\"text-align: justify;\"><img loading=\"lazy\" decoding=\"async\" class=\"alignleft size-medium wp-image-1372\" style=\"border: 0px;\" src=\"http:\/\/www.meditation-marseille.org\/wordpress\/wp-content\/uploads\/2014\/01\/art-bs3-frnt_2-211x300.jpg\" alt=\"art-bs3-frnt_2\" width=\"211\" height=\"300\" srcset=\"https:\/\/www.meditation-marseille.org\/wordpress\/wp-content\/uploads\/2014\/01\/art-bs3-frnt_2-211x300.jpg 211w, https:\/\/www.meditation-marseille.org\/wordpress\/wp-content\/uploads\/2014\/01\/art-bs3-frnt_2.jpg 418w\" sizes=\"auto, (max-width: 211px) 100vw, 211px\" \/>Le fondateur du bouddhisme est Bouddha Shakyamouni, qui v\u00e9cut et enseigna en Inde il y a environ deux mille cinq cents ans. Depuis, des millions de personnes dans le monde entier ont suivi la voie spirituelle qu\u2019il a r\u00e9v\u00e9l\u00e9e.<\/p>\n<p style=\"text-align: justify;\">Le mode de vie bouddhiste empreint de paix, d\u2019amour, de compassion et de sagesse est toujours autant d&rsquo;actualit\u00e9 aujourd\u2019hui qu\u2019il l\u2019\u00e9tait dans l\u2019Inde ancienne.<\/p>\n<p style=\"text-align: justify;\">Bouddha a expliqu\u00e9 que tous nos probl\u00e8mes et souffrances proviennent de nos \u00e9tats d\u2019esprit confus et n\u00e9gatifs, et que tout notre bonheur et notre bonne fortune viennent d\u2019\u00e9tats d\u2019esprit sereins et positifs.<\/p>\n<p style=\"text-align: justify;\">Il a enseign\u00e9 les m\u00e9thodes gr\u00e2ce auxquelles nous pouvons surmonter graduellement nos \u00e9tats d\u2019esprits n\u00e9gatifs tels que la col\u00e8re, la jalousie et l&rsquo;ignorance, et d\u00e9velopper les \u00e9tats d\u2019esprit positifs, l&rsquo;amour, la compassion et la sagesse. Gr\u00e2ce \u00e0 cela, nous arriverons \u00e0 conna\u00eetre une paix et un bonheur durables.<\/p>\n<p style=\"text-align: justify;\">Ces m\u00e9thodes sont utiles \u00e0 tous, quels que soient notre pays, notre \u00e2ge, nos conditions sociales, etc. Une fois que nous les aurons mises en pratique nous-m\u00eames, nous pourrons les transmettre aux autres afin qu\u2019ils puissent, eux aussi, en retirer les bienfaits.<\/p>\n<p style=\"text-align: justify;\"><a title=\"Le bouddhisme Kadampa\" href=\"http:\/\/www.meditation-marseille.org\/wordpress\/le-bouddhisme-kadampa\/\"><span style=\"color: #3366ff;\">Pour en savoir plus sur le bouddhisme Kadampa.<\/span><\/a><\/p>\n","protected":false},"excerpt":{"rendered":"<p>Le fondateur du bouddhisme est Bouddha Shakyamouni, qui v\u00e9cut et enseigna en Inde il y a environ deux mille cinq cents ans. Depuis, des millions de personnes dans le monde <a class=\"more-link\" href=\"https:\/\/www.meditation-marseille.org\/wordpress\/quest-ce-que-le-bouddhisme\/\">Continue Reading &rarr;<\/a><\/p>\n","protected":false},"author":1,"featured_media":0,"parent":0,"menu_order":0,"comment_status":"closed","ping_status":"closed","template":"","meta":{"footnotes":""},"class_list":["post-67","page","type-page","status-publish","hentry"],"_links":{"self":[{"href":"https:\/\/www.meditation-marseille.org\/wordpress\/wp-json\/wp\/v2\/pages\/67","targetHints":{"allow":["GET"]}}],"collection":[{"href":"https:\/\/www.meditation-marseille.org\/wordpress\/wp-json\/wp\/v2\/pages"}],"about":[{"href":"https:\/\/www.meditation-marseille.org\/wordpress\/wp-json\/wp\/v2\/types\/page"}],"author":[{"embeddable":true,"href":"https:\/\/www.meditation-marseille.org\/wordpress\/wp-json\/wp\/v2\/users\/1"}],"replies":[{"embeddable":true,"href":"https:\/\/www.meditation-marseille.org\/wordpress\/wp-json\/wp\/v2\/comments?post=67"}],"version-history":[{"count":14,"href":"https:\/\/www.meditation-marseille.org\/wordpress\/wp-json\/wp\/v2\/pages\/67\/revisions"}],"predecessor-version":[{"id":2436,"href":"https:\/\/www.meditation-marseille.org\/wordpress\/wp-json\/wp\/v2\/pages\/67\/revisions\/2436"}],"wp:attachment":[{"href":"https:\/\/www.meditation-marseille.org\/wordpress\/wp-json\/wp\/v2\/media?parent=67"}],"curies":[{"name":"wp","href":"https:\/\/api.w.org\/{rel}","templated":true}]}}