{"id":6638,"date":"2024-07-07T19:29:12","date_gmt":"2024-07-07T17:29:12","guid":{"rendered":"https:\/\/www.meditation-marseille.org\/wordpress\/?page_id=6638"},"modified":"2026-04-21T21:03:46","modified_gmt":"2026-04-21T19:03:46","slug":"meditations-et-enseignements-a-marseille","status":"publish","type":"page","link":"https:\/\/www.meditation-marseille.org\/wordpress\/meditations-et-enseignements-a-marseille\/","title":{"rendered":"M\u00e9ditations et enseignements \u00e0 Marseille"},"content":{"rendered":"\n<h4 class=\"wp-block-heading\">Le lundi \u00e0 19h30, dur\u00e9e : 1h30 min<\/h4>\n\n\n\n<div style=\"height:24px\" aria-hidden=\"true\" class=\"wp-block-spacer\"><\/div>\n\n\n\n<div class=\"wp-block-group\"><div class=\"wp-block-group__inner-container is-layout-constrained wp-block-group-is-layout-constrained\">\n<div class=\"wp-block-media-text alignwide is-stacked-on-mobile is-vertically-aligned-top style=&quot;border: 0px;&quot;\" style=\"grid-template-columns:40% auto\"><figure class=\"wp-block-media-text__media\"><img loading=\"lazy\" decoding=\"async\" width=\"750\" height=\"804\" src=\"https:\/\/www.meditation-marseille.org\/wordpress\/wp-content\/uploads\/2024\/07\/NKT_Meditation_0132-Copie.jpg\" alt=\"\" class=\"wp-image-6639 size-full\" srcset=\"https:\/\/www.meditation-marseille.org\/wordpress\/wp-content\/uploads\/2024\/07\/NKT_Meditation_0132-Copie.jpg 750w, https:\/\/www.meditation-marseille.org\/wordpress\/wp-content\/uploads\/2024\/07\/NKT_Meditation_0132-Copie-280x300.jpg 280w\" sizes=\"auto, (max-width: 750px) 100vw, 750px\" \/><\/figure><div class=\"wp-block-media-text__content\">\n<p>Ces s\u00e9ances sont id\u00e9ales pour d\u00e9couvrir la m\u00e9ditation, progresser dans cette pratique et d\u00e9couvrir des m\u00e9thodes efficaces pour \u00eatre plus serein dans notre vie.<\/p>\n\n\n\n<p>Chaque s\u00e9ance comporte une partie enseignement \u00e0 th\u00e8me (voir plus bas pour les titres de chaque s\u00e9ance) et deux m\u00e9ditations guid\u00e9es. <\/p>\n\n\n\n<p>Tout le monde est bienvenu ! <\/p>\n<\/div><\/div>\n\n\n\n<div style=\"height:17px\" aria-hidden=\"true\" class=\"wp-block-spacer\"><\/div>\n\n\n\n<p>\u2705&nbsp;S\u00e9ances autonomes de 1h30, sans r\u00e9servation.<br>\u2705&nbsp;Tarif propos\u00e9 : 8\u20ac \/ tarif r\u00e9duit : 5\u20ac. Personne n&rsquo;est refus\u00e9 pour manque d&rsquo;argent.<br>\u2705&nbsp; S\u00e9ances ouvertes \u00e0 toutes et tous<br>\u2705&nbsp;Lieu :&nbsp;<a href=\"https:\/\/goo.gl\/FsCASY\" target=\"_blank\" rel=\"noreferrer noopener\">Centre Bouddhiste Kadampa Menlha, 8 Place Pierre Roux&nbsp; \u00e0 Marseille<\/a>&nbsp;(5 min m\u00e9tro Baille)<\/p>\n\n\n\n<hr class=\"wp-block-separator has-alpha-channel-opacity\"\/>\n\n\n\n<h4 class=\"wp-block-heading\">Programme de janvier \u00e0 juin 2026<\/h4>\n\n\n\n<div style=\"height:25px\" aria-hidden=\"true\" class=\"wp-block-spacer\"><\/div>\n\n\n\n<div style=\"height:12px\" aria-hidden=\"true\" class=\"wp-block-spacer\"><\/div>\n\n\n\n<p><strong>Janvier<\/strong><br>lundi 5 janvier : Apprendre \u00e0 vivre dans le respect<br>lundi 12 janvier : Comment am\u00e9liorer notre concentration ?<br>lundi 19 janvier : Faire grandir notre sagesse<br>lundi 26 janvier : Qu&rsquo;est ce que le tantra bouddhiste ?<br><br><strong>F\u00e9vrier<\/strong><br>lundi 2 f\u00e9vrier : Une autre approche pour \u00eatre heureux<br>lundi 09 f\u00e9vrier : D\u00e9couvrir notre potentiel<br>lundi 16 f\u00e9vrier : Changer notre mani\u00e8re de voir les autres<br>lundi 23 f\u00e9vrier : Faire grandir notre compassion<br><br><strong>Mars<\/strong><br>lundi 2 mars : R\u00e9aliser notre potentiel<br>lundi 09 mars : Pratiquer le don sans attente<br>lundi 16 mars : Donner de la place aux autres<br>lundi 23 mars : L&rsquo;art du l\u00e2cher prise<br>lundi 30 mars : S&rsquo;encourager au quotidien<br><br><strong>Avril<\/strong><br>\u26a0\ufe0f lundi 6 avril : Pas de cours (festival fran\u00e7ais au CMK)<br>lundi 13 avril : D\u00e9velopper un esprit clair<br>lundi 20 avril : La sagesse de faire les bons choix<br>lundi 27 avril : D\u00e9couvrir notre v\u00e9ritable nature<br><br><strong>Mai<\/strong><br>lundi 4 mai : D\u00e9couvrir la v\u00e9ritable nature des choses<br>lundi 11 mai : Suivre l&rsquo;exemple de Bouddha<br>lundi 18 mai : Comment am\u00e9liorer nos m\u00e9ditations<br>\u26a0\ufe0f lundi 25 mai : Pas de cours (festival de printemps)<br><br><strong>Juin<\/strong><br>lundi 1er juin : Rassembler les bonnes conditions pour progresser<br>lundi 08 juin : Comment d\u00e9passer la jalousie<br>lundi 15 juin : D\u00e9gonfler l&rsquo;\u00e9go<br>lundi 22 juin : Transformer nos gal\u00e8res en opportunit\u00e9s<br>lundi 29 juin : Faire preuve de sagesse au quotidien<\/p>\n\n\n\n<p><\/p>\n\n\n\n<p>N&rsquo;h\u00e9sitez pas \u00e0 consulter <a href=\"http:\/\/www.meditation-marseille.org\/wordpress\/calendrier-des-enseignements\/\">le calendrier complet des activit\u00e9s du centre<\/a>.<\/p>\n\n\n\n<hr class=\"wp-block-separator has-alpha-channel-opacity\"\/>\n<\/div><\/div>\n\n\n\n<h4 class=\"wp-block-heading\">Qui va animer ces enseignements ?  <\/h4>\n\n\n\n<div class=\"wp-block-media-text has-media-on-the-right is-stacked-on-mobile is-vertically-aligned-center is-image-fill-element\" style=\"grid-template-columns:auto 30%\"><div class=\"wp-block-media-text__content\">\n<p><\/p>\n\n\n\n<p><strong>Gu\u00e8n Kelsang Lhassang<\/strong> est l\u2019enseignante principale du Centre Bouddhiste Kadampa de Marseille.<br><br>Elle nous transmet les enseignements de Bouddha avec patience et douceur en nous donnant des conseils pratiques pour nous permettre de d\u00e9velopper nos qualit\u00e9s et surmonter nos difficult\u00e9s.<br><br>Gu\u00e8n Kelsang Lhassang pratique le Bouddhisme Kadampa depuis pr\u00e8s de 20 ans et a re\u00e7u l\u2019ordination en 2007.<\/p>\n<\/div><figure class=\"wp-block-media-text__media\"><img loading=\"lazy\" decoding=\"async\" width=\"765\" height=\"1024\" src=\"https:\/\/www.meditation-marseille.org\/wordpress\/wp-content\/uploads\/2025\/12\/Guen-Kelsang-Lhassang-2025-765x1024.jpg\" alt=\"\" class=\"wp-image-7792 size-full\" style=\"object-position:49% 32%\" srcset=\"https:\/\/www.meditation-marseille.org\/wordpress\/wp-content\/uploads\/2025\/12\/Guen-Kelsang-Lhassang-2025-765x1024.jpg 765w, https:\/\/www.meditation-marseille.org\/wordpress\/wp-content\/uploads\/2025\/12\/Guen-Kelsang-Lhassang-2025-224x300.jpg 224w, https:\/\/www.meditation-marseille.org\/wordpress\/wp-content\/uploads\/2025\/12\/Guen-Kelsang-Lhassang-2025-768x1028.jpg 768w, https:\/\/www.meditation-marseille.org\/wordpress\/wp-content\/uploads\/2025\/12\/Guen-Kelsang-Lhassang-2025.jpg 983w\" sizes=\"auto, (max-width: 765px) 100vw, 765px\" \/><\/figure><\/div>\n\n\n\n<p><\/p>\n","protected":false},"excerpt":{"rendered":"<p>Le lundi \u00e0 19h30, dur\u00e9e : 1h30 min Ces s\u00e9ances sont id\u00e9ales pour d\u00e9couvrir la m\u00e9ditation, progresser dans cette pratique et d\u00e9couvrir des m\u00e9thodes efficaces pour \u00eatre plus serein dans <a class=\"more-link\" href=\"https:\/\/www.meditation-marseille.org\/wordpress\/meditations-et-enseignements-a-marseille\/\">Continue Reading &rarr;<\/a><\/p>\n","protected":false},"author":1,"featured_media":0,"parent":0,"menu_order":0,"comment_status":"closed","ping_status":"closed","template":"","meta":{"footnotes":""},"class_list":["post-6638","page","type-page","status-publish","hentry"],"_links":{"self":[{"href":"https:\/\/www.meditation-marseille.org\/wordpress\/wp-json\/wp\/v2\/pages\/6638","targetHints":{"allow":["GET"]}}],"collection":[{"href":"https:\/\/www.meditation-marseille.org\/wordpress\/wp-json\/wp\/v2\/pages"}],"about":[{"href":"https:\/\/www.meditation-marseille.org\/wordpress\/wp-json\/wp\/v2\/types\/page"}],"author":[{"embeddable":true,"href":"https:\/\/www.meditation-marseille.org\/wordpress\/wp-json\/wp\/v2\/users\/1"}],"replies":[{"embeddable":true,"href":"https:\/\/www.meditation-marseille.org\/wordpress\/wp-json\/wp\/v2\/comments?post=6638"}],"version-history":[{"count":12,"href":"https:\/\/www.meditation-marseille.org\/wordpress\/wp-json\/wp\/v2\/pages\/6638\/revisions"}],"predecessor-version":[{"id":8347,"href":"https:\/\/www.meditation-marseille.org\/wordpress\/wp-json\/wp\/v2\/pages\/6638\/revisions\/8347"}],"wp:attachment":[{"href":"https:\/\/www.meditation-marseille.org\/wordpress\/wp-json\/wp\/v2\/media?parent=6638"}],"curies":[{"name":"wp","href":"https:\/\/api.w.org\/{rel}","templated":true}]}}