{"id":64,"date":"2014-01-19T11:04:33","date_gmt":"2014-01-19T10:04:33","guid":{"rendered":"http:\/\/wp.meditation-marseille.org\/?page_id=64"},"modified":"2020-02-09T10:27:26","modified_gmt":"2020-02-09T09:27:26","slug":"le-bouddhisme-kadampa","status":"publish","type":"page","link":"https:\/\/www.meditation-marseille.org\/wordpress\/le-bouddhisme-kadampa\/","title":{"rendered":"Le bouddhisme Kadampa"},"content":{"rendered":"<p><iframe loading=\"lazy\" src=\"https:\/\/www.youtube.com\/embed\/b3h7ic4nLaY\" width=\"560\" height=\"315\" frameborder=\"0\" allowfullscreen=\"allowfullscreen\"><\/iframe><\/p>\n<p style=\"text-align: justify;\">Le bouddhisme Kadampa est une \u00e9cole du bouddhisme Mahayana fond\u00e9e par le grand ma\u00eetre bouddhiste indien, <a title=\"En savoir plus sur Atisha\" href=\"http:\/\/kadampa.org\/fr\/buddhism\/atisha3\" target=\"_blank\">Atisha <\/a>(982-1054).<\/p>\n<p style=\"text-align: justify;\">Ses pratiquants sont con<img loading=\"lazy\" decoding=\"async\" class=\"alignleft wp-image-1111\" style=\"border: 0px;\" src=\"http:\/\/www.meditation-marseille.org\/wordpress\/wp-content\/uploads\/2014\/01\/Atisha.jpg\" alt=\"Atisha\" width=\"172\" height=\"221\" \/>nus sous le nom de \u00ab\u00a0kadampas\u00a0\u00bb. \u00ab\u00a0ka\u00a0\u00bb signifie \u00ab\u00a0parole\u00a0\u00bb et se r\u00e9f\u00e8re aux enseignements de Bouddha ; \u00ab\u00a0dam\u00a0\u00bb se r\u00e9f\u00e8re aux instructions sp\u00e9ciales d&rsquo;Atisha, appel\u00e9es \u00ab\u00a0Les \u00e9tapes de la voie de l&rsquo;illumination\u00a0\u00bb, ou <em>Lamrim<\/em> ; et \u00ab\u00a0pa\u00a0\u00bb d\u00e9signe les personnes qui mettent en pratique ces enseignements. <img loading=\"lazy\" decoding=\"async\" class=\"wp-image-2430 alignright\" style=\"border: 0px;\" src=\"http:\/\/www.meditation-marseille.org\/wordpress\/wp-content\/uploads\/2014\/01\/art-jtk4-frnt_1.jpg\" alt=\"\" width=\"178\" height=\"245\" \/>Les kadampas sont donc des pratiquants qui consid\u00e8rent les enseignements de Bouddha comme des instructions personnelles et les mettent en pratique en suivant les instructions du Lamrim.<\/p>\n<p style=\"text-align: justify;\">La tradition Kadampa fut plus tard largement r\u00e9pandue au Tibet par <a title=\"En savoir plus sur Dj\u00e9 Tsongkhapa\" href=\"http:\/\/kadampa.org\/fr\/buddhism\/dje-tsongkhapa\" target=\"_blank\">Dj\u00e9 Tsongkhapa<\/a> et ses disciples, connus sous le nom de <em>nouveaux kadampas<\/em>.<\/p>\n<p style=\"text-align: justify;\">N&rsquo;h\u00e9sitez pas \u00e0 t\u00e9l\u00e9charger le <a href=\"http:\/\/www.meditation-marseille.org\/wordpress\/wp-content\/uploads\/2015\/04\/Le_bouddhisme_kadampa.pdf\" target=\"_blank\">livret de pr\u00e9sentation de la tradition Kadampa<\/a>.<\/p>\n<p style=\"text-align: justify;\"><span style=\"font-family: arial, helvetica, sans-serif; font-size: 16px;\"><strong><span style=\"color: #993300;\">Transformer les activit\u00e9s quotidiennes en la voie<\/span><\/strong><\/span><\/p>\n<p style=\"text-align: justify;\">Les bouddhistes kadampas sont encourag\u00e9s \u00e0 utiliser les enseignements de Bouddha en tant que m\u00e9thodes pratiques afin de transformer les activit\u00e9s quotidiennes en la voie qui m\u00e8ne \u00e0 l&rsquo;\u00e9veil. Par des m\u00e9ditations quotidiennes, ils incorporent leur compr\u00e9hension de tous les enseignements de Bouddha dans leur pratique du Lamrim (\u00e9tapes de la voie). Puis ils utilisent leur exp\u00e9rience dans la vie de tous les jours.<\/p>\n<p style=\"text-align: justify;\">Les grands enseignants kadampas sont renomm\u00e9s non seulement pour leur \u00e9rudition, mais \u00e9galement pour leur puret\u00e9 et sinc\u00e9rit\u00e9 exemplaires.<\/p>\n<p style=\"text-align: justify;\"><span style=\"font-family: arial, helvetica, sans-serif; font-size: 16px; color: #993300;\"><strong>La lign\u00e9e<\/strong><\/span><\/p>\n<p style=\"text-align: justify;\"><img loading=\"lazy\" decoding=\"async\" class=\"wp-image-2511 size-medium alignright\" style=\"border: 0px;\" src=\"http:\/\/www.meditation-marseille.org\/wordpress\/wp-content\/uploads\/2014\/01\/Geshe-Kelsang-Gyatso-ASSETy5mbfwtoihhawr-Copie-220x300.jpg\" alt=\"Geshe Kelsang Gyatso ASSETy5mbfwtoihhawr - Copie\" width=\"220\" height=\"300\" srcset=\"https:\/\/www.meditation-marseille.org\/wordpress\/wp-content\/uploads\/2014\/01\/Geshe-Kelsang-Gyatso-ASSETy5mbfwtoihhawr-Copie-220x300.jpg 220w, https:\/\/www.meditation-marseille.org\/wordpress\/wp-content\/uploads\/2014\/01\/Geshe-Kelsang-Gyatso-ASSETy5mbfwtoihhawr-Copie-752x1024.jpg 752w\" sizes=\"auto, (max-width: 220px) 100vw, 220px\" \/>Ces enseignements ainsi que les b\u00e9n\u00e9dictions qui les accompagnent, ont \u00e9t\u00e9 transmises d\u2019enseignant \u00e0 disciple, se r\u00e9pandant d\u2019abord dans une grande partie de l\u2019Asie, et aujourd\u2019hui dans de nombreux pays occidentaux.<\/p>\n<p style=\"text-align: justify;\">Les enseignements de Bouddha, ou <em>dharma<\/em>, sont compar\u00e9s \u00e0 une roue qui se d\u00e9place de pays en pays, s&rsquo;adaptant \u00e0 l\u2019environnement et aux inclinations karmiques de leurs habitants.<\/p>\n<p style=\"text-align: justify;\">Les formes ext\u00e9rieures de la pr\u00e9sentation du bouddhisme peuvent changer selon les diff\u00e9rentes cultures et soci\u00e9t\u00e9s, mais son authenticit\u00e9 essentielle est assur\u00e9e par la continuit\u00e9 d\u2019une lign\u00e9e ininterrompue de pratiquants accomplis.<\/p>\n<p style=\"text-align: justify;\"><strong><span style=\"color: #993300; font-family: arial, helvetica, sans-serif; font-size: 16px;\">Le bouddhisme Kadampa moderne<\/span><\/strong><\/p>\n<p style=\"text-align: justify;\">Gr\u00e2ce aux activit\u00e9s et au d\u00e9vouement du c\u00e9l\u00e8bre ma\u00eetre bouddh<img loading=\"lazy\" decoding=\"async\" class=\"wp-image-2431 alignleft\" style=\"border: 0px;\" src=\"http:\/\/www.meditation-marseille.org\/wordpress\/wp-content\/uploads\/2014\/01\/dharma-wheel-gold_1.jpg\" alt=\"\" width=\"225\" height=\"133\" \/>iste,\u00a0<a title=\"V\u00e9n\u00e9rable Gu\u00e9sh\u00e9 Kelsang Gyatso\" href=\"http:\/\/www.meditation-marseille.org\/wordpress\/venerable-gueshe-kelsang-gyatso\/\">V\u00e9n\u00e9rable Gu\u00e9sh\u00e9\u00a0Kelsang Gyatso<\/a>, le bouddhisme Kadampa s\u2019est r\u00e9pandu dans de nombreux pays ces derni\u00e8res ann\u00e9es.<\/p>\n<p style=\"text-align: justify;\">Gu\u00e9sh\u00e9 Kelsang a travaill\u00e9 sans rel\u00e2che pour r\u00e9pandre le bouddhisme Kadampa \u00e0 travers le monde en donnant des enseignements, en \u00e9crivant des textes profonds sur le bouddhisme Kadampa, et en fondant la Nouvelle Tradition Kadampa, l&rsquo;Union internationale du bouddhisme Kadampa.<\/p>\n","protected":false},"excerpt":{"rendered":"<p>Le bouddhisme Kadampa est une \u00e9cole du bouddhisme Mahayana fond\u00e9e par le grand ma\u00eetre bouddhiste indien, Atisha (982-1054). Ses pratiquants sont connus sous le nom de \u00ab\u00a0kadampas\u00a0\u00bb. \u00ab\u00a0ka\u00a0\u00bb signifie \u00ab\u00a0parole\u00a0\u00bb <a class=\"more-link\" href=\"https:\/\/www.meditation-marseille.org\/wordpress\/le-bouddhisme-kadampa\/\">Continue Reading &rarr;<\/a><\/p>\n","protected":false},"author":1,"featured_media":0,"parent":0,"menu_order":0,"comment_status":"closed","ping_status":"closed","template":"","meta":{"footnotes":""},"class_list":["post-64","page","type-page","status-publish","hentry"],"_links":{"self":[{"href":"https:\/\/www.meditation-marseille.org\/wordpress\/wp-json\/wp\/v2\/pages\/64","targetHints":{"allow":["GET"]}}],"collection":[{"href":"https:\/\/www.meditation-marseille.org\/wordpress\/wp-json\/wp\/v2\/pages"}],"about":[{"href":"https:\/\/www.meditation-marseille.org\/wordpress\/wp-json\/wp\/v2\/types\/page"}],"author":[{"embeddable":true,"href":"https:\/\/www.meditation-marseille.org\/wordpress\/wp-json\/wp\/v2\/users\/1"}],"replies":[{"embeddable":true,"href":"https:\/\/www.meditation-marseille.org\/wordpress\/wp-json\/wp\/v2\/comments?post=64"}],"version-history":[{"count":24,"href":"https:\/\/www.meditation-marseille.org\/wordpress\/wp-json\/wp\/v2\/pages\/64\/revisions"}],"predecessor-version":[{"id":4423,"href":"https:\/\/www.meditation-marseille.org\/wordpress\/wp-json\/wp\/v2\/pages\/64\/revisions\/4423"}],"wp:attachment":[{"href":"https:\/\/www.meditation-marseille.org\/wordpress\/wp-json\/wp\/v2\/media?parent=64"}],"curies":[{"name":"wp","href":"https:\/\/api.w.org\/{rel}","templated":true}]}}