{"id":6105,"date":"2023-09-17T12:13:02","date_gmt":"2023-09-17T10:13:02","guid":{"rendered":"http:\/\/www.meditation-marseille.org\/wordpress\/?page_id=6105"},"modified":"2026-02-28T19:37:37","modified_gmt":"2026-02-28T18:37:37","slug":"pass-meditation","status":"publish","type":"page","link":"https:\/\/www.meditation-marseille.org\/wordpress\/pass-meditation\/","title":{"rendered":"Cartes et pass m\u00e9ditation"},"content":{"rendered":"\n<h4 class=\"wp-block-heading\">Diff\u00e9rentes formules pour diff\u00e9rents besoins<\/h4>\n\n\n\n<p>Pour tous les cours d\u2019enseignement et m\u00e9ditation, il est possible de participer aux s\u00e9ances de votre choix. L&rsquo;inscription n&rsquo;est pas obligatoire et il n&rsquo;est pas n\u00e9cessaire de s&rsquo;engager ou d&rsquo;adh\u00e9rer \u00e0 l&rsquo;association.<\/p>\n\n\n\n<p><\/p>\n\n\n\n<p>Pour ceux qui veulent venir r\u00e9guli\u00e8rement, le centre propose 3 formules possibles pour faire des \u00e9conomies :<\/p>\n\n\n\n<div class=\"wp-block-media-text is-stacked-on-mobile is-vertically-aligned-top\" style=\"grid-template-columns:44% auto\"><figure class=\"wp-block-media-text__media\"><img loading=\"lazy\" decoding=\"async\" width=\"1024\" height=\"1024\" src=\"https:\/\/www.meditation-marseille.org\/wordpress\/wp-content\/uploads\/2024\/07\/2024-09-01-insta-pass-meditation-generique-2-1024x1024.jpg\" alt=\"\" class=\"wp-image-6711 size-full\" srcset=\"https:\/\/www.meditation-marseille.org\/wordpress\/wp-content\/uploads\/2024\/07\/2024-09-01-insta-pass-meditation-generique-2-1024x1024.jpg 1024w, https:\/\/www.meditation-marseille.org\/wordpress\/wp-content\/uploads\/2024\/07\/2024-09-01-insta-pass-meditation-generique-2-300x300.jpg 300w, https:\/\/www.meditation-marseille.org\/wordpress\/wp-content\/uploads\/2024\/07\/2024-09-01-insta-pass-meditation-generique-2-150x150.jpg 150w, https:\/\/www.meditation-marseille.org\/wordpress\/wp-content\/uploads\/2024\/07\/2024-09-01-insta-pass-meditation-generique-2-768x768.jpg 768w, https:\/\/www.meditation-marseille.org\/wordpress\/wp-content\/uploads\/2024\/07\/2024-09-01-insta-pass-meditation-generique-2.jpg 1122w\" sizes=\"auto, (max-width: 1024px) 100vw, 1024px\" \/><\/figure><div class=\"wp-block-media-text__content\">\n<h3 class=\"wp-block-heading\">Le pass m\u00e9ditation<\/h3>\n\n\n\n<p>Pass d&rsquo;un mois avec acc\u00e8s illimit\u00e9 \u00e0 tous les cours (hors PF), streaming et stages du weekend inclus. Tarif r\u00e9duit pour les \u00e9v\u00e8nements exceptionnels. Tout mois commenc\u00e9 reste cependant d\u00fb.<\/p>\n\n\n\n<p>Tarif normal : 45\u20ac \/ tarif r\u00e9duit : 35\u20ac.<\/p>\n<\/div><\/div>\n\n\n\n<div style=\"height:18px\" aria-hidden=\"true\" class=\"wp-block-spacer\"><\/div>\n\n\n\n<div class=\"wp-block-media-text is-stacked-on-mobile is-vertically-aligned-top\" style=\"grid-template-columns:42% auto\"><figure class=\"wp-block-media-text__media\"><img loading=\"lazy\" decoding=\"async\" width=\"590\" height=\"688\" src=\"https:\/\/www.meditation-marseille.org\/wordpress\/wp-content\/uploads\/2024\/07\/pexels-olly-3794246-libre-de-droit-sur-pexels-Copie.jpg\" alt=\"\" class=\"wp-image-6709 size-full\" srcset=\"https:\/\/www.meditation-marseille.org\/wordpress\/wp-content\/uploads\/2024\/07\/pexels-olly-3794246-libre-de-droit-sur-pexels-Copie.jpg 590w, https:\/\/www.meditation-marseille.org\/wordpress\/wp-content\/uploads\/2024\/07\/pexels-olly-3794246-libre-de-droit-sur-pexels-Copie-257x300.jpg 257w\" sizes=\"auto, (max-width: 590px) 100vw, 590px\" \/><\/figure><div class=\"wp-block-media-text__content\">\n<h3 class=\"wp-block-heading\">Le pass streaming<\/h3>\n\n\n\n<p>Pass d\u2019un mois pour l\u2019acc\u00e8s aux cours en streaming uniquement.<br>Les cours en streaming sont propos\u00e9s les mercredis \u00e0 18h30 (dur\u00e9e 1h) en direct uniquement (pas de replay)<\/p>\n\n\n\n<p>Tarif normal : 30\u20ac \/ tarif r\u00e9duit : 25\u20ac<\/p>\n<\/div><\/div>\n\n\n\n<p><\/p>\n\n\n\n<h3 class=\"wp-block-heading\">Acheter un pass m\u00e9ditation ou streaming en ligne<\/h3>\n\n\n\n<div style=\"height:10px\" aria-hidden=\"true\" class=\"wp-block-spacer\"><\/div>\n\n\n\n<div class=\"wp-block-buttons is-layout-flex wp-block-buttons-is-layout-flex\">\n<div class=\"wp-block-button\"><a class=\"wp-block-button__link wp-element-button\" href=\"https:\/\/www.helloasso.com\/associations\/centre-bouddhiste-kadampa-menlha\/boutiques\/pass-meditation-streaming-mars-2026\">Acheter un pass pour mars 2026<\/a><\/div>\n<\/div>\n\n\n\n<div style=\"height:10px\" aria-hidden=\"true\" class=\"wp-block-spacer\"><\/div>\n\n\n\n<div class=\"wp-block-buttons is-layout-flex wp-block-buttons-is-layout-flex\">\n<div class=\"wp-block-button\"><a class=\"wp-block-button__link wp-element-button\" href=\"https:\/\/www.helloasso.com\/associations\/centre-bouddhiste-kadampa-menlha\/boutiques\/pass-meditation-streaming-avril-2026\">Acheter un pass pour avril 2026<\/a><\/div>\n<\/div>\n\n\n\n<div style=\"height:10px\" aria-hidden=\"true\" class=\"wp-block-spacer\"><\/div>\n\n\n\n<div class=\"wp-block-buttons is-layout-flex wp-block-buttons-is-layout-flex\">\n<div class=\"wp-block-button\"><a class=\"wp-block-button__link wp-element-button\" href=\"https:\/\/www.helloasso.com\/associations\/centre-bouddhiste-kadampa-menlha\/boutiques\/pass-meditation-streaming-mai-2026\">Acheter un pass pour mai 2026<\/a><\/div>\n<\/div>\n\n\n\n<div style=\"height:10px\" aria-hidden=\"true\" class=\"wp-block-spacer\"><\/div>\n\n\n\n<div class=\"wp-block-buttons is-layout-flex wp-block-buttons-is-layout-flex\">\n<div class=\"wp-block-button\"><a class=\"wp-block-button__link wp-element-button\" href=\"https:\/\/www.helloasso.com\/associations\/centre-bouddhiste-kadampa-menlha\/boutiques\/pass-meditation-streaming-juin-juillet-2026\">Acheter un pass pour juin\/juillet 2026<\/a><\/div>\n<\/div>\n\n\n\n<div style=\"height:22px\" aria-hidden=\"true\" class=\"wp-block-spacer\"><\/div>\n\n\n\n<h5 class=\"wp-block-heading\">Faites un cours d&rsquo;essai gratuit :<\/h5>\n\n\n\n<p>Vous souhaitez essayer un cours avant de vous lancer ? N&rsquo;h\u00e9sitez plus : contactez nous pour recevoir votre lien gratuitement : <a href=\"mailto:info@meditation-marseille.org\" target=\"_blank\" rel=\"noreferrer noopener\">info@meditation-marseille.org<\/a><\/p>\n\n\n\n<p><\/p>\n\n\n\n<div style=\"height:30px\" aria-hidden=\"true\" class=\"wp-block-spacer\"><\/div>\n\n\n\n<div class=\"wp-block-media-text is-stacked-on-mobile is-vertically-aligned-top\" style=\"grid-template-columns:42% auto\"><figure class=\"wp-block-media-text__media\"><img loading=\"lazy\" decoding=\"async\" width=\"1024\" height=\"683\" src=\"https:\/\/www.meditation-marseille.org\/wordpress\/wp-content\/uploads\/2024\/07\/Stock_Malaga_2022_0289-1024x683.jpg\" alt=\"\" class=\"wp-image-6710 size-full\" srcset=\"https:\/\/www.meditation-marseille.org\/wordpress\/wp-content\/uploads\/2024\/07\/Stock_Malaga_2022_0289-1024x683.jpg 1024w, https:\/\/www.meditation-marseille.org\/wordpress\/wp-content\/uploads\/2024\/07\/Stock_Malaga_2022_0289-300x200.jpg 300w, https:\/\/www.meditation-marseille.org\/wordpress\/wp-content\/uploads\/2024\/07\/Stock_Malaga_2022_0289-768x512.jpg 768w, https:\/\/www.meditation-marseille.org\/wordpress\/wp-content\/uploads\/2024\/07\/Stock_Malaga_2022_0289-1536x1024.jpg 1536w, https:\/\/www.meditation-marseille.org\/wordpress\/wp-content\/uploads\/2024\/07\/Stock_Malaga_2022_0289-2048x1365.jpg 2048w\" sizes=\"auto, (max-width: 1024px) 100vw, 1024px\" \/><\/figure><div class=\"wp-block-media-text__content\">\n<h3 class=\"wp-block-heading\">La carte m\u00e9ditation<\/h3>\n\n\n\n<p>Carte \u00ab&nbsp;\u00e0 cocher&nbsp;\u00bb valable pour tous les cours de semaine (hors PF) et les ateliers du weekend. Stages du weekend, streaming et \u00e9v\u00e8nements exceptionnels, ne sont pas inclus. Validit\u00e9 illimit\u00e9e dans le temps. Achat au centre uniquement. <\/p>\n\n\n\n<p>Tarif normal : 40\u20ac \/ tarif r\u00e9duit : 30\u20ac<\/p>\n<\/div><\/div>\n\n\n\n<p><\/p>\n\n\n\n<h4 class=\"wp-block-heading\">Tout le monde est bienvenu<\/h4>\n\n\n\n<p>Quels que soient les activit\u00e9s, personne n&rsquo;est refus\u00e9 pour manque d&rsquo;argent.<br>N\u2019h\u00e9sitez pas \u00e0 nous contacter si n\u00e9cessaire : info@meditation-marseille.org<\/p>\n","protected":false},"excerpt":{"rendered":"<p>Diff\u00e9rentes formules pour diff\u00e9rents besoins Pour tous les cours d\u2019enseignement et m\u00e9ditation, il est possible de participer aux s\u00e9ances de votre choix. L&rsquo;inscription n&rsquo;est pas obligatoire et il n&rsquo;est pas <a class=\"more-link\" href=\"https:\/\/www.meditation-marseille.org\/wordpress\/pass-meditation\/\">Continue Reading &rarr;<\/a><\/p>\n","protected":false},"author":1,"featured_media":0,"parent":0,"menu_order":0,"comment_status":"closed","ping_status":"closed","template":"","meta":{"footnotes":""},"class_list":["post-6105","page","type-page","status-publish","hentry"],"_links":{"self":[{"href":"https:\/\/www.meditation-marseille.org\/wordpress\/wp-json\/wp\/v2\/pages\/6105","targetHints":{"allow":["GET"]}}],"collection":[{"href":"https:\/\/www.meditation-marseille.org\/wordpress\/wp-json\/wp\/v2\/pages"}],"about":[{"href":"https:\/\/www.meditation-marseille.org\/wordpress\/wp-json\/wp\/v2\/types\/page"}],"author":[{"embeddable":true,"href":"https:\/\/www.meditation-marseille.org\/wordpress\/wp-json\/wp\/v2\/users\/1"}],"replies":[{"embeddable":true,"href":"https:\/\/www.meditation-marseille.org\/wordpress\/wp-json\/wp\/v2\/comments?post=6105"}],"version-history":[{"count":34,"href":"https:\/\/www.meditation-marseille.org\/wordpress\/wp-json\/wp\/v2\/pages\/6105\/revisions"}],"predecessor-version":[{"id":8225,"href":"https:\/\/www.meditation-marseille.org\/wordpress\/wp-json\/wp\/v2\/pages\/6105\/revisions\/8225"}],"wp:attachment":[{"href":"https:\/\/www.meditation-marseille.org\/wordpress\/wp-json\/wp\/v2\/media?parent=6105"}],"curies":[{"name":"wp","href":"https:\/\/api.w.org\/{rel}","templated":true}]}}