{"id":5526,"date":"2022-07-07T21:34:06","date_gmt":"2022-07-07T19:34:06","guid":{"rendered":"http:\/\/www.meditation-marseille.org\/wordpress\/?page_id=5526"},"modified":"2025-12-16T19:58:20","modified_gmt":"2025-12-16T18:58:20","slug":"festival-international-ete","status":"publish","type":"page","link":"https:\/\/www.meditation-marseille.org\/wordpress\/festival-international-ete\/","title":{"rendered":"Festival international d&rsquo;\u00e9t\u00e9"},"content":{"rendered":"\n<h4 class=\"wp-block-heading\">Du 24 juillet au 8 ao\u00fbt 2026 au Centre de M\u00e9ditation Kadampa Mandjoushri en Angleterre<\/h4>\n\n\n\n<figure class=\"wp-block-image size-large\"><a href=\"https:\/\/kadampafestivals.org\/fr\/ete\"><img loading=\"lazy\" decoding=\"async\" width=\"1024\" height=\"427\" src=\"https:\/\/www.meditation-marseille.org\/wordpress\/wp-content\/uploads\/2025\/12\/FR-Summer-2026-Festival-Banners-ENG-Pop-Under-2160x900-1-1024x427.png\" alt=\"\" class=\"wp-image-7748\" srcset=\"https:\/\/www.meditation-marseille.org\/wordpress\/wp-content\/uploads\/2025\/12\/FR-Summer-2026-Festival-Banners-ENG-Pop-Under-2160x900-1-1024x427.png 1024w, https:\/\/www.meditation-marseille.org\/wordpress\/wp-content\/uploads\/2025\/12\/FR-Summer-2026-Festival-Banners-ENG-Pop-Under-2160x900-1-300x125.png 300w, https:\/\/www.meditation-marseille.org\/wordpress\/wp-content\/uploads\/2025\/12\/FR-Summer-2026-Festival-Banners-ENG-Pop-Under-2160x900-1-768x320.png 768w, https:\/\/www.meditation-marseille.org\/wordpress\/wp-content\/uploads\/2025\/12\/FR-Summer-2026-Festival-Banners-ENG-Pop-Under-2160x900-1-1536x640.png 1536w, https:\/\/www.meditation-marseille.org\/wordpress\/wp-content\/uploads\/2025\/12\/FR-Summer-2026-Festival-Banners-ENG-Pop-Under-2160x900-1.png 2048w\" sizes=\"auto, (max-width: 1024px) 100vw, 1024px\" \/><\/a><\/figure>\n\n\n\n<div style=\"height:25px\" aria-hidden=\"true\" class=\"wp-block-spacer\"><\/div>\n\n\n\n<div class=\"wp-block-buttons is-layout-flex wp-block-buttons-is-layout-flex\">\n<div class=\"wp-block-button\"><a class=\"wp-block-button__link wp-element-button\">Inscription \u00e0 venir<\/a><\/div>\n<\/div>\n\n\n\n<div style=\"height:23px\" aria-hidden=\"true\" class=\"wp-block-spacer\"><\/div>\n\n\n\n<h5 class=\"wp-block-heading has-text-color has-link-color wp-elements-8c1bfa8786ae1e48cc1a558aa3a828c1\" style=\"color:#1b5f87\">ENSEIGNEMENTS SUR LES \u00c9TAPES DE LA VOIE, LE LAMRIM &amp; TRANSMISSIONS DE POUVOIR DU TANTRA DU YOGA SUPR\u00caME ET COMMENTAIRES<\/h5>\n\n\n\n<p><\/p>\n\n\n\n<h5 class=\"wp-block-heading\">SEMAINE 1 : Enseignements sur le Lamrim Kadam \u2013 Les \u00c9tapes de la Voie de l&rsquo;Illumination<\/h5>\n\n\n\n<p><\/p>\n\n\n<div class=\"wp-block-image\">\n<figure class=\"alignleft size-large is-resized\"><img loading=\"lazy\" decoding=\"async\" width=\"1024\" height=\"904\" src=\"https:\/\/www.meditation-marseille.org\/wordpress\/wp-content\/uploads\/2025\/12\/Je-Tsongkhapa-Statue-2-Copie-3-1024x904.jpg\" alt=\"\" class=\"wp-image-7879\" style=\"width:257px;height:auto\" srcset=\"https:\/\/www.meditation-marseille.org\/wordpress\/wp-content\/uploads\/2025\/12\/Je-Tsongkhapa-Statue-2-Copie-3-1024x904.jpg 1024w, https:\/\/www.meditation-marseille.org\/wordpress\/wp-content\/uploads\/2025\/12\/Je-Tsongkhapa-Statue-2-Copie-3-300x265.jpg 300w, https:\/\/www.meditation-marseille.org\/wordpress\/wp-content\/uploads\/2025\/12\/Je-Tsongkhapa-Statue-2-Copie-3-768x678.jpg 768w, https:\/\/www.meditation-marseille.org\/wordpress\/wp-content\/uploads\/2025\/12\/Je-Tsongkhapa-Statue-2-Copie-3.jpg 1450w\" sizes=\"auto, (max-width: 1024px) 100vw, 1024px\" \/><\/figure>\n<\/div>\n\n\n<p>Les instructions du Lamrim constituent l&rsquo;essentiel des enseignements de Bouddha. En int\u00e9grant ces instructions dans notre vie quotidienne, nous pouvons apprendre \u00e0 contr\u00f4ler notre esprit et \u00e0 toujours garder une bonne motivation dans notre c\u0153ur. Cela rendra toutes nos actions quotidiennes pures et pleines de sens et, \u00e0 mesure que nous ferons l&rsquo;exp\u00e9rience d&rsquo;\u00e9tats d&rsquo;esprit de plus en plus paisibles, nous d\u00e9couvrirons le bonheur supr\u00eame de l&rsquo;illumination. Cette semaine sera aussi une pr\u00e9paration parfaite pour recevoir les transmissions de pouvoir du Tantra du Yoga Supr\u00eame.<\/p>\n\n\n\n<p><\/p>\n\n\n\n<h5 class=\"wp-block-heading\">SEMAINE 2 : Transmissions de pouvoir du Mandala du Corps de H\u00e9rouka et de Vajrayogini avec Gu\u00e8n-la Kelsang Jampa<\/h5>\n\n\n\n<p><\/p>\n\n\n<div class=\"wp-block-image\">\n<figure class=\"alignright size-full is-resized\"><img loading=\"lazy\" decoding=\"async\" width=\"1920\" height=\"1280\" src=\"https:\/\/www.meditation-marseille.org\/wordpress\/wp-content\/uploads\/2025\/12\/465043169_958763959618826_4750593157102810658_n.jpg\" alt=\"\" class=\"wp-image-7749\" style=\"width:333px;height:auto\" srcset=\"https:\/\/www.meditation-marseille.org\/wordpress\/wp-content\/uploads\/2025\/12\/465043169_958763959618826_4750593157102810658_n.jpg 1920w, https:\/\/www.meditation-marseille.org\/wordpress\/wp-content\/uploads\/2025\/12\/465043169_958763959618826_4750593157102810658_n-300x200.jpg 300w, https:\/\/www.meditation-marseille.org\/wordpress\/wp-content\/uploads\/2025\/12\/465043169_958763959618826_4750593157102810658_n-1024x683.jpg 1024w, https:\/\/www.meditation-marseille.org\/wordpress\/wp-content\/uploads\/2025\/12\/465043169_958763959618826_4750593157102810658_n-768x512.jpg 768w, https:\/\/www.meditation-marseille.org\/wordpress\/wp-content\/uploads\/2025\/12\/465043169_958763959618826_4750593157102810658_n-1536x1024.jpg 1536w\" sizes=\"auto, (max-width: 1920px) 100vw, 1920px\" \/><\/figure>\n<\/div>\n\n\n<p>Le Tantra du Yoga Supr\u00eame est une m\u00e9thode sp\u00e9ciale pour atteindre la pleine illumination en une courte vie. L&rsquo;essence m\u00eame du Tantra du Yoga Supr\u00eame se trouve dans les pratiques de H\u00e9rouka et de Vajrayogini.<\/p>\n\n\n\n<p>Gu\u00e8n-la Kelsang Jampa accordera les transmissions de pouvoir de H\u00e9rouka et de Vajrayogini qui nous transmettent les b\u00e9n\u00e9dictions sp\u00e9ciales de ces Bouddhas. Il donnera ensuite des enseignements clairs et pratiques sur la mani\u00e8re d&rsquo;entrer et de progresser sur cette voie rapide pleine de f\u00e9licit\u00e9 vers l&rsquo;illumination \u2013 le but ultime de notre vie humaine.<\/p>\n\n\n\n<p><\/p>\n\n\n\n<h4 class=\"wp-block-heading\">Qui peut participer ?<\/h4>\n\n\n\n<ul class=\"wp-block-list\">\n<li>Cet \u00e9v\u00e9nement est ouvert et accessible \u00e0 tous : il n\u2019est pas n\u00e9cessaire d\u2019avoir d\u00e9j\u00e0 pratiqu\u00e9 la m\u00e9ditation, d\u2019avoir d\u00e9j\u00e0 re\u00e7u des enseignements, ni d\u2019\u00eatre bouddhiste pour y assister.<\/li>\n\n\n\n<li>Si vous avez des questions, n\u2019h\u00e9sitez pas \u00e0 nous contacter.<\/li>\n<\/ul>\n\n\n\n<p><\/p>\n\n\n\n<h4 class=\"wp-block-heading\">Participation en streaming<\/h4>\n\n\n<div class=\"wp-block-image\">\n<figure class=\"alignleft size-full is-resized\"><img loading=\"lazy\" decoding=\"async\" width=\"796\" height=\"595\" src=\"https:\/\/www.meditation-marseille.org\/wordpress\/wp-content\/uploads\/2025\/09\/Streaming.png\" alt=\"\" class=\"wp-image-7580\" style=\"width:299px;height:auto\" srcset=\"https:\/\/www.meditation-marseille.org\/wordpress\/wp-content\/uploads\/2025\/09\/Streaming.png 796w, https:\/\/www.meditation-marseille.org\/wordpress\/wp-content\/uploads\/2025\/09\/Streaming-300x224.png 300w, https:\/\/www.meditation-marseille.org\/wordpress\/wp-content\/uploads\/2025\/09\/Streaming-768x574.png 768w\" sizes=\"auto, (max-width: 796px) 100vw, 796px\" \/><\/figure>\n<\/div>\n\n\n<ul class=\"wp-block-list\">\n<li>L&rsquo;int\u00e9gralit\u00e9 du festival est accessible en streaming.<\/li>\n\n\n\n<li>Pour ceux qui ont r\u00e9serv\u00e9 leur participation en ligne, chaque enseignement et s\u00e9ance de m\u00e9ditation sera disponible en direct selon le programme du festival et en vid\u00e9o \u00e0 la demande peu apr\u00e8s la fin de la s\u00e9ance en direct.<\/li>\n\n\n\n<li>Traduction : le festival sera donn\u00e9 en anglais et les vid\u00e9os comprendront l&rsquo;option d&rsquo;\u00e9couter les enseignements en fran\u00e7ais.<\/li>\n<\/ul>\n\n\n\n<p><\/p>\n\n\n\n<h4 class=\"wp-block-heading\">Qui va animer ce festival ?<\/h4>\n\n\n<div class=\"wp-block-image\">\n<figure class=\"alignright size-full is-resized\"><img loading=\"lazy\" decoding=\"async\" width=\"1701\" height=\"1701\" src=\"https:\/\/www.meditation-marseille.org\/wordpress\/wp-content\/uploads\/2025\/12\/Gen-la-Jampa.jpg\" alt=\"\" class=\"wp-image-7765\" style=\"width:237px;height:auto\" srcset=\"https:\/\/www.meditation-marseille.org\/wordpress\/wp-content\/uploads\/2025\/12\/Gen-la-Jampa.jpg 1701w, https:\/\/www.meditation-marseille.org\/wordpress\/wp-content\/uploads\/2025\/12\/Gen-la-Jampa-300x300.jpg 300w, https:\/\/www.meditation-marseille.org\/wordpress\/wp-content\/uploads\/2025\/12\/Gen-la-Jampa-1024x1024.jpg 1024w, https:\/\/www.meditation-marseille.org\/wordpress\/wp-content\/uploads\/2025\/12\/Gen-la-Jampa-150x150.jpg 150w, https:\/\/www.meditation-marseille.org\/wordpress\/wp-content\/uploads\/2025\/12\/Gen-la-Jampa-768x768.jpg 768w, https:\/\/www.meditation-marseille.org\/wordpress\/wp-content\/uploads\/2025\/12\/Gen-la-Jampa-1536x1536.jpg 1536w\" sizes=\"auto, (max-width: 1701px) 100vw, 1701px\" \/><\/figure>\n<\/div>\n\n\n<p><strong>Gu\u00e8n-la Kelsang Jampa<\/strong> est le directeur spirituel adjoint de la Nouvelle Tradition Kadampa et l\u2019enseignant principal du centre de retraite du Grand Canyon. Moine bouddhiste am\u00e9ricain, il a d\u00e9cid\u00e9 de consacrer sa vie aux autres en les aidant \u00e0 r\u00e9soudre leurs probl\u00e8mes quotidiens par la pratique de la m\u00e9ditation et du bouddhisme moderne. Gu\u00e8n-la Jampa est un \u00e9tudiant de V\u00e9n\u00e9rable Gu\u00e9sh\u00e9 Kelsang Gyatso depuis de nombreuses ann\u00e9es. Sous la direction de Gu\u00e9sh\u00e9-la, il a d\u00e9j\u00e0 enseign\u00e9 dans la majorit\u00e9 des grandes villes \u00e0 travers les Etats-Unis ainsi que lors d\u2019\u00e9v\u00e9nements internationaux. Gu\u00e8n-la est tr\u00e8s appr\u00e9ci\u00e9 pour ses enseignements clairs et inspirants, et pour sa capacit\u00e9 \u00e0 toucher le c\u0153ur des gens gr\u00e2ce \u00e0 sa sinc\u00e9rit\u00e9 et \u00e0 sa bienveillance.<\/p>\n","protected":false},"excerpt":{"rendered":"<p>Du 24 juillet au 8 ao\u00fbt 2026 au Centre de M\u00e9ditation Kadampa Mandjoushri en Angleterre ENSEIGNEMENTS SUR LES \u00c9TAPES DE LA VOIE, LE LAMRIM &amp; TRANSMISSIONS DE POUVOIR DU TANTRA <a class=\"more-link\" href=\"https:\/\/www.meditation-marseille.org\/wordpress\/festival-international-ete\/\">Continue Reading &rarr;<\/a><\/p>\n","protected":false},"author":1,"featured_media":0,"parent":0,"menu_order":0,"comment_status":"closed","ping_status":"closed","template":"","meta":{"footnotes":""},"class_list":["post-5526","page","type-page","status-publish","hentry"],"_links":{"self":[{"href":"https:\/\/www.meditation-marseille.org\/wordpress\/wp-json\/wp\/v2\/pages\/5526","targetHints":{"allow":["GET"]}}],"collection":[{"href":"https:\/\/www.meditation-marseille.org\/wordpress\/wp-json\/wp\/v2\/pages"}],"about":[{"href":"https:\/\/www.meditation-marseille.org\/wordpress\/wp-json\/wp\/v2\/types\/page"}],"author":[{"embeddable":true,"href":"https:\/\/www.meditation-marseille.org\/wordpress\/wp-json\/wp\/v2\/users\/1"}],"replies":[{"embeddable":true,"href":"https:\/\/www.meditation-marseille.org\/wordpress\/wp-json\/wp\/v2\/comments?post=5526"}],"version-history":[{"count":29,"href":"https:\/\/www.meditation-marseille.org\/wordpress\/wp-json\/wp\/v2\/pages\/5526\/revisions"}],"predecessor-version":[{"id":7895,"href":"https:\/\/www.meditation-marseille.org\/wordpress\/wp-json\/wp\/v2\/pages\/5526\/revisions\/7895"}],"wp:attachment":[{"href":"https:\/\/www.meditation-marseille.org\/wordpress\/wp-json\/wp\/v2\/media?parent=5526"}],"curies":[{"name":"wp","href":"https:\/\/api.w.org\/{rel}","templated":true}]}}