{"id":5143,"date":"2021-05-29T22:51:58","date_gmt":"2021-05-29T20:51:58","guid":{"rendered":"http:\/\/www.meditation-marseille.org\/wordpress\/?page_id=5143"},"modified":"2021-05-29T22:57:12","modified_gmt":"2021-05-29T20:57:12","slug":"journee-sur-le-tantra","status":"publish","type":"page","link":"https:\/\/www.meditation-marseille.org\/wordpress\/journee-sur-le-tantra\/","title":{"rendered":"Journ\u00e9e sur le tantra (en pr\u00e9sentiel)"},"content":{"rendered":"<h2 style=\"font-weight: bold; color: #2a598c;\"><span style=\"font-size: 14pt;\">Dimanche 20 juin 2021 \u00e0 partir de 10h<br \/>\n<\/span><\/h2>\n<p><img loading=\"lazy\" decoding=\"async\" class=\"wp-image-5145 aligncenter\" src=\"http:\/\/www.meditation-marseille.org\/wordpress\/wp-content\/uploads\/2021\/05\/2021-06-25_Affiches-Instagram-atelier-tantra-1024x1024.jpg\" alt=\"2021-06-25_Affiches Instagram - atelier tantra\" width=\"481\" height=\"481\" \/><\/p>\n<h4>10h00-13h00 : Introduction au tantra<\/h4>\n<p style=\"text-align: justify;\">Lors de la matin\u00e9e (10h-13h), Kelsang Lhassang nous proposera une introduction au tantra enseign\u00e9 par Bouddha.<\/p>\n<p style=\"text-align: justify;\"><em>Dans ses enseignements du soutra, Bouddha nous encourage grandement \u00e0 accomplir l&rsquo;objectif ultime de la vie humaine. Cet objectif sera atteint rapidement gr\u00e2ce \u00e0 la pratique du tantra. Le tantra, \u00e9galement appel\u00e9 <span class=\"x01---Italic\">mantra secret<\/span> ou <span class=\"x01---Italic\">Vajrayana<\/span>, est une m\u00e9thode sp\u00e9ciale pour purifier notre monde, nous-m\u00eame, nos plaisirs et nos activit\u00e9s. Si nous mettons cette m\u00e9thode en pratique, nous atteindrons tr\u00e8s rapidement l&rsquo;illumination<\/em><\/p>\n<p>\u2705 Ouvert \u00e0 tous mais sujet technique. Nous contacter pour plus d&rsquo;informations ou en cas de doutes.<br \/>\n\u2705 Plus d&rsquo;informations : <a href=\"mailto:epc@meditation-marseille.org\">epc@meditation-marseille.org<\/a> \/ T\u00e9l : 09 83 04 55 46 (non surtax\u00e9) ou 06 78 22 40 50<br \/>\n\u2705 Tarif : 15\u20ac \/ tarif r\u00e9duit : 10\u20ac \/ tarif PF : 8\u20ac<\/p>\n<h4 style=\"text-align: justify;\">14h30-17h : pr\u00e9paration aux transmissions du tantra du yoga supr\u00eame<\/h4>\n<p style=\"text-align: justify;\">L&rsquo;apr\u00e8s-midi sera consacr\u00e9e aux personnes d\u00e9sirant recevoir les transmissions du tantra du yoga supr\u00eame lors du festival international d&rsquo;\u00e9t\u00e9 2021.<\/p>\n<p style=\"text-align: justify;\">&#8211; 14h30-15h30 : enseignement<br \/>\n&#8211; 16h00-17h00 : s\u00e9ance questions r\u00e9ponses<\/p>\n<p>\u2705 Inscription obligatoire : <a href=\"mailto:epc@meditation-marseille.org\">epc@meditation-marseille.org<\/a> \/ T\u00e9l : 09 83 04 55 46 (non surtax\u00e9) ou 06 78 22 40 50<br \/>\n\u2705 Tarif : participation libre<\/p>\n","protected":false},"excerpt":{"rendered":"<p>Dimanche 20 juin 2021 \u00e0 partir de 10h 10h00-13h00 : Introduction au tantra Lors de la matin\u00e9e (10h-13h), Kelsang Lhassang nous proposera une introduction au tantra enseign\u00e9 par Bouddha. Dans <a class=\"more-link\" href=\"https:\/\/www.meditation-marseille.org\/wordpress\/journee-sur-le-tantra\/\">Continue Reading &rarr;<\/a><\/p>\n","protected":false},"author":1,"featured_media":0,"parent":0,"menu_order":0,"comment_status":"closed","ping_status":"closed","template":"","meta":{"footnotes":""},"class_list":["post-5143","page","type-page","status-publish","hentry"],"_links":{"self":[{"href":"https:\/\/www.meditation-marseille.org\/wordpress\/wp-json\/wp\/v2\/pages\/5143","targetHints":{"allow":["GET"]}}],"collection":[{"href":"https:\/\/www.meditation-marseille.org\/wordpress\/wp-json\/wp\/v2\/pages"}],"about":[{"href":"https:\/\/www.meditation-marseille.org\/wordpress\/wp-json\/wp\/v2\/types\/page"}],"author":[{"embeddable":true,"href":"https:\/\/www.meditation-marseille.org\/wordpress\/wp-json\/wp\/v2\/users\/1"}],"replies":[{"embeddable":true,"href":"https:\/\/www.meditation-marseille.org\/wordpress\/wp-json\/wp\/v2\/comments?post=5143"}],"version-history":[{"count":10,"href":"https:\/\/www.meditation-marseille.org\/wordpress\/wp-json\/wp\/v2\/pages\/5143\/revisions"}],"predecessor-version":[{"id":5157,"href":"https:\/\/www.meditation-marseille.org\/wordpress\/wp-json\/wp\/v2\/pages\/5143\/revisions\/5157"}],"wp:attachment":[{"href":"https:\/\/www.meditation-marseille.org\/wordpress\/wp-json\/wp\/v2\/media?parent=5143"}],"curies":[{"name":"wp","href":"https:\/\/api.w.org\/{rel}","templated":true}]}}