{"id":472,"date":"2014-04-21T09:45:57","date_gmt":"2014-04-21T08:45:57","guid":{"rendered":"http:\/\/www.meditation-marseille.org\/wordpress\/?page_id=472"},"modified":"2017-10-01T22:03:57","modified_gmt":"2017-10-01T20:03:57","slug":"le-projet-international-des-temples","status":"publish","type":"page","link":"https:\/\/www.meditation-marseille.org\/wordpress\/le-projet-international-des-temples\/","title":{"rendered":"Le Projet International des Temples"},"content":{"rendered":"<p style=\"font-weight: normal; color: #676767; text-align: justify;\">Le <a title=\"Plus d'informations sur le Projet International des Temples\" href=\"http:\/\/kadampa.org\/fr\/temples\/projet-international-de-temples\" target=\"_blank\">Projet International de Temples (PIT)<\/a> a \u00e9t\u00e9 cr\u00e9\u00e9 par\u00a0Gu\u00e9sh\u00e9 Kelsang Gyatso, pour r\u00e9pondre \u00e0 ce besoin fondamental de bonheur et de paix que nous avons tous.\u00a0Ce projet vise \u00e0 la cr\u00e9ation de lieux qui favorisent le d\u00e9veloppement de notre paix int\u00e9rieure et de notre bonheur : temples d&rsquo;architecture traditionnelle, centres de m\u00e9ditation et de retraites, h\u00f4tels kadampas, \u00e9coles kadampas et Caf\u00e9s pour la paix dans le monde. Le PIT permet \u00e9galement la diffusion des livres des\u00a0<a style=\"font-weight: inherit; font-style: inherit; color: #2a598c;\" href=\"http:\/\/www.tharpa.com\/fr\/\">Editions Tharpa<\/a>.<br \/>\nCes lieux d\u00e9di\u00e9s \u00e0 la paix dans le monde sont ouverts \u00e0 tous et chacun peut y appr\u00e9cier la s\u00e9r\u00e9nit\u00e9 qu&rsquo;ils procurent.<\/p>\n<blockquote>\n<p style=\"text-align: center;\">C&rsquo;est seulement en \u00e9tablissant la paix dans notre propre esprit et en aidant les autres \u00e0 faire de m\u00eame que nous pouvons esp\u00e9rer parvenir \u00e0 la paix dans le monde.<br \/>\n&#8211;\u00a0V\u00e9n\u00e9rable Gu\u00e9sh\u00e9 Kelsang Gyatso.<\/p>\n<p style=\"text-align: center;\">\n<\/blockquote>\n<p style=\"font-weight: normal; color: #676767; text-align: justify;\"><strong>Comment soutenir ce projet ?\u00a0<\/strong><br \/>\n&#8211; en participant aux activit\u00e9s du CMK France (tous les b\u00e9n\u00e9fices sont revers\u00e9s au fond pour le PIT)<br \/>\n&#8211; en faisant un don \u00e0 l\u2019attention du PIT<br \/>\n&#8211; en aidant les centres bouddhistes kadampas<\/p>\n<p style=\"font-weight: normal; color: #676767;\"><img loading=\"lazy\" decoding=\"async\" class=\"size-large wp-image-1672 aligncenter\" style=\"border: 0px;\" src=\"http:\/\/www.meditation-marseille.org\/wordpress\/wp-content\/uploads\/2014\/04\/Manhjushri-Temple-1024x490.jpg\" alt=\"manhjushri-temple\" width=\"754\" height=\"360\" srcset=\"https:\/\/www.meditation-marseille.org\/wordpress\/wp-content\/uploads\/2014\/04\/Manhjushri-Temple-1024x490.jpg 1024w, https:\/\/www.meditation-marseille.org\/wordpress\/wp-content\/uploads\/2014\/04\/Manhjushri-Temple-300x143.jpg 300w\" sizes=\"auto, (max-width: 754px) 100vw, 754px\" \/><\/p>\n","protected":false},"excerpt":{"rendered":"<p>Le Projet International de Temples (PIT) a \u00e9t\u00e9 cr\u00e9\u00e9 par\u00a0Gu\u00e9sh\u00e9 Kelsang Gyatso, pour r\u00e9pondre \u00e0 ce besoin fondamental de bonheur et de paix que nous avons tous.\u00a0Ce projet vise \u00e0 <a class=\"more-link\" href=\"https:\/\/www.meditation-marseille.org\/wordpress\/le-projet-international-des-temples\/\">Continue Reading &rarr;<\/a><\/p>\n","protected":false},"author":1,"featured_media":0,"parent":0,"menu_order":0,"comment_status":"closed","ping_status":"closed","template":"","meta":{"footnotes":""},"class_list":["post-472","page","type-page","status-publish","hentry"],"_links":{"self":[{"href":"https:\/\/www.meditation-marseille.org\/wordpress\/wp-json\/wp\/v2\/pages\/472","targetHints":{"allow":["GET"]}}],"collection":[{"href":"https:\/\/www.meditation-marseille.org\/wordpress\/wp-json\/wp\/v2\/pages"}],"about":[{"href":"https:\/\/www.meditation-marseille.org\/wordpress\/wp-json\/wp\/v2\/types\/page"}],"author":[{"embeddable":true,"href":"https:\/\/www.meditation-marseille.org\/wordpress\/wp-json\/wp\/v2\/users\/1"}],"replies":[{"embeddable":true,"href":"https:\/\/www.meditation-marseille.org\/wordpress\/wp-json\/wp\/v2\/comments?post=472"}],"version-history":[{"count":11,"href":"https:\/\/www.meditation-marseille.org\/wordpress\/wp-json\/wp\/v2\/pages\/472\/revisions"}],"predecessor-version":[{"id":2437,"href":"https:\/\/www.meditation-marseille.org\/wordpress\/wp-json\/wp\/v2\/pages\/472\/revisions\/2437"}],"wp:attachment":[{"href":"https:\/\/www.meditation-marseille.org\/wordpress\/wp-json\/wp\/v2\/media?parent=472"}],"curies":[{"name":"wp","href":"https:\/\/api.w.org\/{rel}","templated":true}]}}