{"id":42,"date":"2014-01-19T10:49:48","date_gmt":"2014-01-19T09:49:48","guid":{"rendered":"http:\/\/wp.meditation-marseille.org\/?page_id=42"},"modified":"2026-03-21T23:33:06","modified_gmt":"2026-03-21T22:33:06","slug":"le-programme-general","status":"publish","type":"page","link":"https:\/\/www.meditation-marseille.org\/wordpress\/le-programme-general\/","title":{"rendered":"Le Programme G\u00e9n\u00e9ral"},"content":{"rendered":"\n<h1 class=\"wp-block-heading\"><span style=\"font-family: arial, helvetica, sans-serif; color: #3366ff;\"><strong><span style=\"font-size: 20px;\">Un programme accessible \u00e0 tous<br>\n<\/span><\/strong><\/span><\/h1>\n\n\n<div class=\"wp-block-image\">\n<figure class=\"alignleft is-resized\"><img loading=\"lazy\" decoding=\"async\" width=\"290\" height=\"300\" src=\"http:\/\/www.meditation-marseille.org\/wordpress\/wp-content\/uploads\/2014\/01\/Guri-Sumati-Buddha-Heruka-2_motifs_flower-290x300.png\" alt=\"\" class=\"wp-image-2745\" style=\"width:173px;height:auto\" srcset=\"https:\/\/www.meditation-marseille.org\/wordpress\/wp-content\/uploads\/2014\/01\/Guri-Sumati-Buddha-Heruka-2_motifs_flower-290x300.png 290w, https:\/\/www.meditation-marseille.org\/wordpress\/wp-content\/uploads\/2014\/01\/Guri-Sumati-Buddha-Heruka-2_motifs_flower.png 988w\" sizes=\"auto, (max-width: 290px) 100vw, 290px\" \/><\/figure>\n<\/div>\n\n\n<p>Ces cours sont des soir\u00e9es d&rsquo;enseignement et de m\u00e9ditation destin\u00e9es aussi bien aux d\u00e9butants qu&rsquo;aux pratiquants plus avanc\u00e9s. Il n&rsquo;y a pas besoin d&rsquo;\u00eatre bouddhiste pour y assister.<\/p>\n\n\n\n<p>Ils comprennent\u00a0une m\u00e9ditation pour se d\u00e9tendre, un enseignement par th\u00e8me, et une m\u00e9ditation sp\u00e9cifique\u00a0li\u00e9e \u00e0 l&rsquo;enseignement. Apr\u00e8s le cours, une\u00a0collation\u00a0est propos\u00e9e, c&rsquo;est alors un moment convivial o\u00f9 nous pouvons \u00e9changer notre exp\u00e9rience, poser des questions \u00e0 l&rsquo;enseignant, ou simplement partager un moment avec des amis.<\/p>\n\n\n<div class=\"wp-block-image\">\n<figure class=\"alignright size-large is-resized\"><img loading=\"lazy\" decoding=\"async\" width=\"1024\" height=\"585\" src=\"https:\/\/www.meditation-marseille.org\/wordpress\/wp-content\/uploads\/2026\/03\/Photo-PG-Copie-1024x585.jpg\" alt=\"\" class=\"wp-image-8256\" style=\"aspect-ratio:1.750396559050382;width:392px;height:auto\" srcset=\"https:\/\/www.meditation-marseille.org\/wordpress\/wp-content\/uploads\/2026\/03\/Photo-PG-Copie-1024x585.jpg 1024w, https:\/\/www.meditation-marseille.org\/wordpress\/wp-content\/uploads\/2026\/03\/Photo-PG-Copie-300x171.jpg 300w, https:\/\/www.meditation-marseille.org\/wordpress\/wp-content\/uploads\/2026\/03\/Photo-PG-Copie-768x439.jpg 768w, https:\/\/www.meditation-marseille.org\/wordpress\/wp-content\/uploads\/2026\/03\/Photo-PG-Copie-1536x878.jpg 1536w, https:\/\/www.meditation-marseille.org\/wordpress\/wp-content\/uploads\/2026\/03\/Photo-PG-Copie-2048x1170.jpg 2048w\" sizes=\"auto, (max-width: 1024px) 100vw, 1024px\" \/><\/figure>\n<\/div>\n\n\n<p><\/p>\n\n\n\n<p>Ces cours offrent des explications sur la pens\u00e9e, la m\u00e9ditation et l\u2019art de vivre bouddhistes. L\u2019objectif de ces cours est d\u2019apprendre \u00e0 m\u00e9diter et \u00e0 utiliser l\u2019enseignement de Bouddha pour r\u00e9soudre nos probl\u00e8mes quotidiens et trouver le bonheur que nous recherchons.<\/p>\n\n\n\n<p>Le programme g\u00e9n\u00e9ral inclut aussi des \u00e9v\u00e9nements exceptionnels le weekend comme par exemple, des journ\u00e9es-ateliers ou des courtes retraites. Des enseignements et des pratiques sur des th\u00e8mes plus avanc\u00e9s du soutra et du tantra sont \u00e9galement organis\u00e9s.<\/p>\n\n\n\n<p><span style=\"font-size: 14pt;\">N&rsquo;h\u00e9sitez pas \u00e0 consulter <a title=\"Consulter le programme des enseignements\" href=\"http:\/\/www.meditation-marseille.org\/wordpress\/?page_id=16\">le programme des enseignements \u00e0&nbsp;<b><span style=\"color: #3366ff;\"><span style=\"color: #3366ff;\">Marseille<\/span><\/span>.<\/b><\/a><\/span><\/p>\n","protected":false},"excerpt":{"rendered":"<p>Un programme accessible \u00e0 tous Ces cours sont des soir\u00e9es d&rsquo;enseignement et de m\u00e9ditation destin\u00e9es aussi bien aux d\u00e9butants qu&rsquo;aux pratiquants plus avanc\u00e9s. Il n&rsquo;y a pas besoin d&rsquo;\u00eatre bouddhiste <a class=\"more-link\" href=\"https:\/\/www.meditation-marseille.org\/wordpress\/le-programme-general\/\">Continue Reading &rarr;<\/a><\/p>\n","protected":false},"author":1,"featured_media":0,"parent":0,"menu_order":0,"comment_status":"closed","ping_status":"closed","template":"","meta":{"footnotes":""},"class_list":["post-42","page","type-page","status-publish","hentry"],"_links":{"self":[{"href":"https:\/\/www.meditation-marseille.org\/wordpress\/wp-json\/wp\/v2\/pages\/42","targetHints":{"allow":["GET"]}}],"collection":[{"href":"https:\/\/www.meditation-marseille.org\/wordpress\/wp-json\/wp\/v2\/pages"}],"about":[{"href":"https:\/\/www.meditation-marseille.org\/wordpress\/wp-json\/wp\/v2\/types\/page"}],"author":[{"embeddable":true,"href":"https:\/\/www.meditation-marseille.org\/wordpress\/wp-json\/wp\/v2\/users\/1"}],"replies":[{"embeddable":true,"href":"https:\/\/www.meditation-marseille.org\/wordpress\/wp-json\/wp\/v2\/comments?post=42"}],"version-history":[{"count":34,"href":"https:\/\/www.meditation-marseille.org\/wordpress\/wp-json\/wp\/v2\/pages\/42\/revisions"}],"predecessor-version":[{"id":8257,"href":"https:\/\/www.meditation-marseille.org\/wordpress\/wp-json\/wp\/v2\/pages\/42\/revisions\/8257"}],"wp:attachment":[{"href":"https:\/\/www.meditation-marseille.org\/wordpress\/wp-json\/wp\/v2\/media?parent=42"}],"curies":[{"name":"wp","href":"https:\/\/api.w.org\/{rel}","templated":true}]}}