{"id":3681,"date":"2019-03-01T20:49:44","date_gmt":"2019-03-01T19:49:44","guid":{"rendered":"http:\/\/www.meditation-marseille.org\/wordpress\/?page_id=3681"},"modified":"2024-04-28T14:53:12","modified_gmt":"2024-04-28T12:53:12","slug":"prieres-adressees-au-bouddha-de-la-medecine","status":"publish","type":"page","link":"https:\/\/www.meditation-marseille.org\/wordpress\/evenements\/prieres-adressees-au-bouddha-de-la-medecine\/","title":{"rendered":"Pri\u00e8res adress\u00e9es au Bouddha de la M\u00e9decine"},"content":{"rendered":"<h2 style=\"font-weight: bold; color: #2a598c;\"><span style=\"font-size: 14pt;\">Dimanche 5 mai 2024 \u00e0 15h00<br \/>\n<\/span><\/h2>\n<p style=\"text-align: justify;\"><img loading=\"lazy\" decoding=\"async\" class=\"alignright wp-image-399 \" style=\"border: 0px;\" src=\"http:\/\/www.meditation-marseille.org\/wordpress\/wp-content\/uploads\/2014\/03\/media6-medicine-buddha-292x300.png\" alt=\"\" width=\"245\" height=\"251\" srcset=\"https:\/\/www.meditation-marseille.org\/wordpress\/wp-content\/uploads\/2014\/03\/media6-medicine-buddha-292x300.png 292w, https:\/\/www.meditation-marseille.org\/wordpress\/wp-content\/uploads\/2014\/03\/media6-medicine-buddha-999x1024.png 999w\" sizes=\"auto, (max-width: 245px) 100vw, 245px\" \/><!--StartFragment--><\/p>\n<p style=\"text-align: justify;\">\u2638 Pri\u00e8res chant\u00e9es avec m\u00e9ditation et r\u00e9citation de mantras.<\/p>\n<p style=\"text-align: justify;\">\u2638 Le Bouddha de la M\u00e9decine est un bouddha docteur. Sa fonction est de d\u00e9livrer les \u00eatres vivants, en leur accordant ses b\u00e9n\u00e9dictions qui les gu\u00e9rissent de toutes les maladies ext\u00e9rieures et int\u00e9rieures.<\/p>\n<p style=\"text-align: justify;\">\u2638 En nous en remettant avec sinc\u00e9rit\u00e9 au Bouddha de la M\u00e9decine, nous pouvons \u00eatre gu\u00e9ris de graves maladies physiques et mentales, et \u00eatre prot\u00e9g\u00e9s contre de nombreux autres dangers et obstacles.<\/p>\n<p>\u2705 Dur\u00e9e : 1h<br \/>\n\u2705 Tarif : gratuit et sans r\u00e9servation<br \/>\n\u2705 Tout le monde est bienvenu, il n&rsquo;est pas n\u00e9cessaire d&rsquo;\u00eatre bouddhiste pour participer<\/p>\n<p>Lieu : 8 Place Pierre Roux, 13005 Marseille<\/p>\n","protected":false},"excerpt":{"rendered":"<p>Dimanche 5 mai 2024 \u00e0 15h00 \u2638 Pri\u00e8res chant\u00e9es avec m\u00e9ditation et r\u00e9citation de mantras. \u2638 Le Bouddha de la M\u00e9decine est un bouddha docteur. Sa fonction est de d\u00e9livrer <a class=\"more-link\" href=\"https:\/\/www.meditation-marseille.org\/wordpress\/evenements\/prieres-adressees-au-bouddha-de-la-medecine\/\">Continue Reading &rarr;<\/a><\/p>\n","protected":false},"author":1,"featured_media":0,"parent":61,"menu_order":5,"comment_status":"closed","ping_status":"closed","template":"","meta":{"footnotes":""},"class_list":["post-3681","page","type-page","status-publish","hentry"],"_links":{"self":[{"href":"https:\/\/www.meditation-marseille.org\/wordpress\/wp-json\/wp\/v2\/pages\/3681","targetHints":{"allow":["GET"]}}],"collection":[{"href":"https:\/\/www.meditation-marseille.org\/wordpress\/wp-json\/wp\/v2\/pages"}],"about":[{"href":"https:\/\/www.meditation-marseille.org\/wordpress\/wp-json\/wp\/v2\/types\/page"}],"author":[{"embeddable":true,"href":"https:\/\/www.meditation-marseille.org\/wordpress\/wp-json\/wp\/v2\/users\/1"}],"replies":[{"embeddable":true,"href":"https:\/\/www.meditation-marseille.org\/wordpress\/wp-json\/wp\/v2\/comments?post=3681"}],"version-history":[{"count":20,"href":"https:\/\/www.meditation-marseille.org\/wordpress\/wp-json\/wp\/v2\/pages\/3681\/revisions"}],"predecessor-version":[{"id":6557,"href":"https:\/\/www.meditation-marseille.org\/wordpress\/wp-json\/wp\/v2\/pages\/3681\/revisions\/6557"}],"up":[{"embeddable":true,"href":"https:\/\/www.meditation-marseille.org\/wordpress\/wp-json\/wp\/v2\/pages\/61"}],"wp:attachment":[{"href":"https:\/\/www.meditation-marseille.org\/wordpress\/wp-json\/wp\/v2\/media?parent=3681"}],"curies":[{"name":"wp","href":"https:\/\/api.w.org\/{rel}","templated":true}]}}