{"id":3404,"date":"2018-10-22T18:30:03","date_gmt":"2018-10-22T16:30:03","guid":{"rendered":"http:\/\/www.meditation-marseille.org\/wordpress\/?page_id=3404"},"modified":"2024-12-27T01:31:02","modified_gmt":"2024-12-27T00:31:02","slug":"prieres-pour-la-paix-dans-le-monde","status":"publish","type":"page","link":"https:\/\/www.meditation-marseille.org\/wordpress\/prieres-pour-la-paix-dans-le-monde\/","title":{"rendered":"Pri\u00e8res pour la paix dans le monde"},"content":{"rendered":"\n<h5 class=\"wp-block-heading\"><\/h5>\n\n\n\n<p>Lieu : <a href=\"https:\/\/www.google.fr\/maps\/place\/8+Place+Pierre+Roux,+13005+Marseille\/@43.2859579,5.3923894,16.5z\/data=!4m5!3m4!1s0x12c9bf5615461b51:0x1fa339ce849dfc59!8m2!3d43.2856424!4d5.3952217\" target=\"_blank\" rel=\"noreferrer noopener\">8 Place Pierre Roux, 13005 Marseille (5 min m\u00e9tro Baille)<\/a>.<\/p>\n\n\n\n<figure class=\"wp-block-image size-large\"><img loading=\"lazy\" decoding=\"async\" width=\"1024\" height=\"544\" src=\"https:\/\/www.meditation-marseille.org\/wordpress\/wp-content\/uploads\/2024\/03\/Prieres-paix-dans-le-monde-generique-1024x544.jpg\" alt=\"\" class=\"wp-image-6523\" srcset=\"https:\/\/www.meditation-marseille.org\/wordpress\/wp-content\/uploads\/2024\/03\/Prieres-paix-dans-le-monde-generique-1024x544.jpg 1024w, https:\/\/www.meditation-marseille.org\/wordpress\/wp-content\/uploads\/2024\/03\/Prieres-paix-dans-le-monde-generique-300x159.jpg 300w, https:\/\/www.meditation-marseille.org\/wordpress\/wp-content\/uploads\/2024\/03\/Prieres-paix-dans-le-monde-generique-768x408.jpg 768w, https:\/\/www.meditation-marseille.org\/wordpress\/wp-content\/uploads\/2024\/03\/Prieres-paix-dans-le-monde-generique-1536x817.jpg 1536w, https:\/\/www.meditation-marseille.org\/wordpress\/wp-content\/uploads\/2024\/03\/Prieres-paix-dans-le-monde-generique-2048x1089.jpg 2048w, https:\/\/www.meditation-marseille.org\/wordpress\/wp-content\/uploads\/2024\/03\/Prieres-paix-dans-le-monde-generique-754x400.jpg 754w\" sizes=\"auto, (max-width: 1024px) 100vw, 1024px\" \/><\/figure>\n\n\n<p>Conseils pour une vie heureuse suivis de pri\u00e8res chant\u00e9es pour la paix dans le monde.<\/p>\n<p>Inclut une m\u00e9ditation guid\u00e9e, un enseignement et des pri\u00e8res chant\u00e9es.<\/p>\n<p style=\"text-align: left;\"><em><span style=\"color: #003366;\">C\u2019est seulement en cr\u00e9ant la paix \u00e0 l\u2019int\u00e9rieur de notre propre esprit et en aidant les autres \u00e0 faire de m\u00eame, que nous pouvons esp\u00e9rer accomplir la paix dans ce monde.<\/span> <\/em><\/p>\n<p style=\"text-align: right;\">Gu\u00e9sh\u00e9 Kelsang Gyatso.<\/p>\n<p>\u2705 Dur\u00e9e : 1h<br \/>\u2705 Tarif : gratuit et sans r\u00e9servation<br \/>\u2705 Vous avez envie de la paix dans le monde ? Alors venez ! \u262e \ud83d\ude42<\/p>\n<hr \/>\n<p style=\"text-align: justify;\"><strong><img loading=\"lazy\" decoding=\"async\" class=\"alignright wp-image-3581 \" style=\"border: 0px;\" src=\"http:\/\/www.meditation-marseille.org\/wordpress\/wp-content\/uploads\/2013\/12\/BERG9863-199x300.jpg\" alt=\"\" width=\"131\" height=\"194\" \/>Gu\u00e8n Kelsang Lhassang<\/strong> est l\u2019enseignante principale du Centre Bouddhiste Kadampa de Marseille.<\/p>\n<p style=\"text-align: justify;\">Elle nous transmet les enseignements de Bouddha avec patience et douceur en nous donnant des conseils pratiques pour nous permettre de d\u00e9velopper nos qualit\u00e9s et surmonter nos difficult\u00e9s.<\/p>\n<p style=\"text-align: justify;\">Kelsang Lhassang pratique le Bouddhisme Kadampa depuis 18 ans et a re\u00e7u l\u2019ordination en 2007.<\/p>\n<hr \/>","protected":false},"excerpt":{"rendered":"<p>Lieu : 8 Place Pierre Roux, 13005 Marseille (5 min m\u00e9tro Baille). Conseils pour une vie heureuse suivis de pri\u00e8res chant\u00e9es pour la paix dans le monde. Inclut une m\u00e9ditation <a class=\"more-link\" href=\"https:\/\/www.meditation-marseille.org\/wordpress\/prieres-pour-la-paix-dans-le-monde\/\">Continue Reading &rarr;<\/a><\/p>\n","protected":false},"author":1,"featured_media":0,"parent":0,"menu_order":0,"comment_status":"closed","ping_status":"closed","template":"","meta":{"footnotes":""},"class_list":["post-3404","page","type-page","status-publish","hentry"],"_links":{"self":[{"href":"https:\/\/www.meditation-marseille.org\/wordpress\/wp-json\/wp\/v2\/pages\/3404","targetHints":{"allow":["GET"]}}],"collection":[{"href":"https:\/\/www.meditation-marseille.org\/wordpress\/wp-json\/wp\/v2\/pages"}],"about":[{"href":"https:\/\/www.meditation-marseille.org\/wordpress\/wp-json\/wp\/v2\/types\/page"}],"author":[{"embeddable":true,"href":"https:\/\/www.meditation-marseille.org\/wordpress\/wp-json\/wp\/v2\/users\/1"}],"replies":[{"embeddable":true,"href":"https:\/\/www.meditation-marseille.org\/wordpress\/wp-json\/wp\/v2\/comments?post=3404"}],"version-history":[{"count":42,"href":"https:\/\/www.meditation-marseille.org\/wordpress\/wp-json\/wp\/v2\/pages\/3404\/revisions"}],"predecessor-version":[{"id":7035,"href":"https:\/\/www.meditation-marseille.org\/wordpress\/wp-json\/wp\/v2\/pages\/3404\/revisions\/7035"}],"wp:attachment":[{"href":"https:\/\/www.meditation-marseille.org\/wordpress\/wp-json\/wp\/v2\/media?parent=3404"}],"curies":[{"name":"wp","href":"https:\/\/api.w.org\/{rel}","templated":true}]}}