{"id":1908,"date":"2018-01-08T19:59:27","date_gmt":"2018-01-08T18:59:27","guid":{"rendered":"http:\/\/www.meditation-marseille.org\/wordpress\/?page_id=1908"},"modified":"2025-05-22T22:29:14","modified_gmt":"2025-05-22T20:29:14","slug":"journee-denseignement","status":"publish","type":"page","link":"https:\/\/www.meditation-marseille.org\/wordpress\/evenements\/journee-denseignement\/","title":{"rendered":"Journ\u00e9e d&rsquo;enseignement et m\u00e9ditation : Esprit concentr\u00e9, esprit apais\u00e9"},"content":{"rendered":"\n<h4 class=\"wp-block-heading\">Samedi 14 juin \u00e0 partir de 9h30<\/h4>\n\n\n\n<h6 class=\"wp-block-heading\">Lieu : Centre Bouddhiste Kadampa de Marseille : 8 place Pierre Roux, 13005 Marseille<\/h6>\n\n\n\n<p><\/p>\n\n\n\n<div class=\"wp-block-buttons is-layout-flex wp-block-buttons-is-layout-flex\">\n<div class=\"wp-block-button\"><a class=\"wp-block-button__link wp-element-button\" href=\"https:\/\/www.billetweb.fr\/conference-meditation\">Inscription<\/a><\/div>\n<\/div>\n\n\n\n<hr class=\"wp-block-separator has-alpha-channel-opacity\"\/>\n\n\n<div class=\"wp-block-image\">\n<figure class=\"alignright size-large is-resized\"><img decoding=\"async\" src=\"https:\/\/www.meditation-marseille.org\/wordpress\/wp-content\/uploads\/2025\/05\/2025-06-14-insta-journee-DSN-3-2-1024x1024.jpg\" alt=\"\" class=\"wp-image-7261\" style=\"width:369px;height:auto\"\/><\/figure>\n<\/div>\n\n<p style=\"font-weight: normal; font-style: normal; color: #4e4e4e;\"><span style=\"font-size: 14pt;\"><span style=\"font-size: 12pt;\">Nous aurons le plaisir de passer une journ\u00e9e avec <strong>Gu\u00e8n Kelsang Eupam\u00e9<\/strong> qui enseignera sur le th\u00e8me : <em>Esprit concentr\u00e9, esprit apais\u00e9.<\/em><\/span><\/span><\/p>\n<p>Au cours de cette journ\u00e9e d\u2019enseignement, Gu\u00e8n Kelsang Eupam\u00e9 partagera avec nous son exp\u00e9rience pour am\u00e9liorer notre concentration et faire l\u2019exp\u00e9rience de m\u00e9ditations apaisantes et transformatrices. <br \/>Avec un esprit de plus en plus apais\u00e9, nous ferons l&rsquo;exp\u00e9rience d&rsquo;un bonheur de plus en plus profond et authentique. <\/p>\n<p style=\"font-weight: normal; font-style: normal; color: #4e4e4e;\"><span style=\"font-size: 14pt;\"><span style=\"font-size: 12pt;\">\u2705<\/span>\u00a0<\/span><span style=\"text-decoration: underline;\">Lieu<\/span> : <a title=\"Google Maps\" href=\"https:\/\/goo.gl\/FsCASY\" target=\"_blank\" rel=\"noopener\"><span style=\"color: #3366ff;\"><span style=\"color: #3366ff;\">Centre Bouddhiste Kadampa Menlha, 8 Place Pierre Roux\u00a0 \u00e0 Marseille<\/span><\/span><\/a> (5 min m\u00e9tro Baille)<br \/>\u2705 Repas: un repas v\u00e9g\u00e9tarien vous sera propos\u00e9 le midi<br \/>\u2705 Participation sugg\u00e9r\u00e9e :<br \/>&#8211; Participation propos\u00e9e avec repas : 30\u20ac \/ tarif r\u00e9duit : 25\u20ac<br \/>&#8211; Participation propos\u00e9e sans repas : 25\u20ac \/ tarif r\u00e9duit : 20\u20ac<br \/>Personne n&rsquo;est refus\u00e9 pour manque d&rsquo;argent.<\/p>\n<p style=\"font-weight: normal; font-style: normal; color: #4e4e4e;\"><strong style=\"text-align: justify;\">Gu\u00e8n Kelsang Eupam\u00e9<\/strong><span style=\"text-align: justify;\">, moine bouddhiste depuis plus de 23 ans, est l&rsquo;enseignant principal du <a href=\"http:\/\/www.kadampafrance.org\/\">Centre de M\u00e9ditation Kadampa France<\/a> et le directeur spirituel national de la Nouvelle Tradition Kadampa en France. Il nous montre avec bon c\u0153ur comment utiliser de mani\u00e8re pratique la sagesse des enseignements de Bouddha dans notre vie moderne.<\/span><\/p>\n<p>Si vous souhaitez annuler votre r\u00e9servation, merci de nous l&rsquo;indiquer par email : <a href=\"mailto:info@meditation-marseille.org\">info@meditation-marseille.org<\/a><\/p>\n\n\n<div class=\"wp-block-buttons is-layout-flex wp-block-buttons-is-layout-flex\">\n<div class=\"wp-block-button\"><a class=\"wp-block-button__link wp-element-button\" href=\"https:\/\/www.billetweb.fr\/conference-meditation\">Inscription<\/a><\/div>\n<\/div>\n","protected":false},"excerpt":{"rendered":"<p>Samedi 14 juin \u00e0 partir de 9h30 Lieu : Centre Bouddhiste Kadampa de Marseille : 8 place Pierre Roux, 13005 Marseille Nous aurons le plaisir de passer une journ\u00e9e avec <a class=\"more-link\" href=\"https:\/\/www.meditation-marseille.org\/wordpress\/evenements\/journee-denseignement\/\">Continue Reading &rarr;<\/a><\/p>\n","protected":false},"author":1,"featured_media":0,"parent":61,"menu_order":0,"comment_status":"closed","ping_status":"closed","template":"","meta":{"footnotes":""},"class_list":["post-1908","page","type-page","status-publish","hentry"],"_links":{"self":[{"href":"https:\/\/www.meditation-marseille.org\/wordpress\/wp-json\/wp\/v2\/pages\/1908","targetHints":{"allow":["GET"]}}],"collection":[{"href":"https:\/\/www.meditation-marseille.org\/wordpress\/wp-json\/wp\/v2\/pages"}],"about":[{"href":"https:\/\/www.meditation-marseille.org\/wordpress\/wp-json\/wp\/v2\/types\/page"}],"author":[{"embeddable":true,"href":"https:\/\/www.meditation-marseille.org\/wordpress\/wp-json\/wp\/v2\/users\/1"}],"replies":[{"embeddable":true,"href":"https:\/\/www.meditation-marseille.org\/wordpress\/wp-json\/wp\/v2\/comments?post=1908"}],"version-history":[{"count":29,"href":"https:\/\/www.meditation-marseille.org\/wordpress\/wp-json\/wp\/v2\/pages\/1908\/revisions"}],"predecessor-version":[{"id":7280,"href":"https:\/\/www.meditation-marseille.org\/wordpress\/wp-json\/wp\/v2\/pages\/1908\/revisions\/7280"}],"up":[{"embeddable":true,"href":"https:\/\/www.meditation-marseille.org\/wordpress\/wp-json\/wp\/v2\/pages\/61"}],"wp:attachment":[{"href":"https:\/\/www.meditation-marseille.org\/wordpress\/wp-json\/wp\/v2\/media?parent=1908"}],"curies":[{"name":"wp","href":"https:\/\/api.w.org\/{rel}","templated":true}]}}