{"id":1813,"date":"2016-12-10T21:35:04","date_gmt":"2016-12-10T20:35:04","guid":{"rendered":"http:\/\/www.meditation-marseille.org\/wordpress\/?page_id=1813"},"modified":"2025-12-06T16:55:37","modified_gmt":"2025-12-06T15:55:37","slug":"le-futur-centre-menlha-a-marseille","status":"publish","type":"page","link":"https:\/\/www.meditation-marseille.org\/wordpress\/le-futur-centre-menlha-a-marseille\/","title":{"rendered":"Le Centre Menlha \u00e0 Marseille"},"content":{"rendered":"\n<h5 class=\"wp-block-heading\">L&rsquo;histoire du centre<\/h5>\n\n\n\n<p><\/p>\n\n\n\n<p><span style=\"color: #444444;\"><span style=\"font-weight: normal; font-style: inherit;\">Le Centre Menlha est membre de la Nouvelle Tradition Kadampa &#8211; Union Internationale du Bouddhisme Kadampa<\/span><\/span>. <br>Le centre a \u00e9t\u00e9 situ\u00e9 \u00e0 plusieurs lieux dans Marseille au fil des ann\u00e9es. <br>Depuis 2017, le centre est situ\u00e9 dans un magnifique local ouvert au public, situ\u00e9 8 place Pierre Roux dans le 5\u00e8me arrondissement de Marseille \u00e0 5 min \u00e0 pieds du m\u00e9tro Baille. <br><\/p>\n\n\n\n<figure class=\"wp-block-gallery has-nested-images columns-default is-cropped wp-block-gallery-1 is-layout-flex wp-block-gallery-is-layout-flex\">\n<figure class=\"wp-block-image size-large\"><a href=\"https:\/\/www.meditation-marseille.org\/wordpress\/wp-content\/uploads\/2025\/12\/20230315-Marseille-1.webp\"><img loading=\"lazy\" decoding=\"async\" width=\"818\" height=\"745\" data-id=\"7817\" src=\"https:\/\/www.meditation-marseille.org\/wordpress\/wp-content\/uploads\/2025\/12\/20230315-Marseille-1.webp\" alt=\"\" class=\"wp-image-7817\" srcset=\"https:\/\/www.meditation-marseille.org\/wordpress\/wp-content\/uploads\/2025\/12\/20230315-Marseille-1.webp 818w, https:\/\/www.meditation-marseille.org\/wordpress\/wp-content\/uploads\/2025\/12\/20230315-Marseille-1-300x273.webp 300w, https:\/\/www.meditation-marseille.org\/wordpress\/wp-content\/uploads\/2025\/12\/20230315-Marseille-1-768x699.webp 768w\" sizes=\"auto, (max-width: 818px) 100vw, 818px\" \/><\/a><\/figure>\n\n\n\n<figure class=\"wp-block-image size-large\"><a href=\"https:\/\/www.meditation-marseille.org\/wordpress\/wp-content\/uploads\/2025\/12\/IMG_20190203_161646-scaled-1.jpg\"><img loading=\"lazy\" decoding=\"async\" width=\"1024\" height=\"768\" data-id=\"7818\" src=\"https:\/\/www.meditation-marseille.org\/wordpress\/wp-content\/uploads\/2025\/12\/IMG_20190203_161646-scaled-1-1024x768.jpg\" alt=\"\" class=\"wp-image-7818\" srcset=\"https:\/\/www.meditation-marseille.org\/wordpress\/wp-content\/uploads\/2025\/12\/IMG_20190203_161646-scaled-1-1024x768.jpg 1024w, https:\/\/www.meditation-marseille.org\/wordpress\/wp-content\/uploads\/2025\/12\/IMG_20190203_161646-scaled-1-300x225.jpg 300w, https:\/\/www.meditation-marseille.org\/wordpress\/wp-content\/uploads\/2025\/12\/IMG_20190203_161646-scaled-1-768x576.jpg 768w, https:\/\/www.meditation-marseille.org\/wordpress\/wp-content\/uploads\/2025\/12\/IMG_20190203_161646-scaled-1-1536x1152.jpg 1536w, https:\/\/www.meditation-marseille.org\/wordpress\/wp-content\/uploads\/2025\/12\/IMG_20190203_161646-scaled-1-2048x1536.jpg 2048w\" sizes=\"auto, (max-width: 1024px) 100vw, 1024px\" \/><\/a><\/figure>\n<\/figure>\n\n\n\n<figure class=\"wp-block-gallery has-nested-images columns-default is-cropped wp-block-gallery-2 is-layout-flex wp-block-gallery-is-layout-flex\">\n<figure class=\"wp-block-image size-large\"><a href=\"https:\/\/www.meditation-marseille.org\/wordpress\/wp-content\/uploads\/2025\/12\/Autel-1.jpeg\"><img loading=\"lazy\" decoding=\"async\" width=\"1024\" height=\"576\" data-id=\"7820\" src=\"https:\/\/www.meditation-marseille.org\/wordpress\/wp-content\/uploads\/2025\/12\/Autel-1-1024x576.jpeg\" alt=\"\" class=\"wp-image-7820\" srcset=\"https:\/\/www.meditation-marseille.org\/wordpress\/wp-content\/uploads\/2025\/12\/Autel-1-1024x576.jpeg 1024w, https:\/\/www.meditation-marseille.org\/wordpress\/wp-content\/uploads\/2025\/12\/Autel-1-300x169.jpeg 300w, https:\/\/www.meditation-marseille.org\/wordpress\/wp-content\/uploads\/2025\/12\/Autel-1-768x432.jpeg 768w, https:\/\/www.meditation-marseille.org\/wordpress\/wp-content\/uploads\/2025\/12\/Autel-1-1536x864.jpeg 1536w, https:\/\/www.meditation-marseille.org\/wordpress\/wp-content\/uploads\/2025\/12\/Autel-1.jpeg 1600w\" sizes=\"auto, (max-width: 1024px) 100vw, 1024px\" \/><\/a><\/figure>\n\n\n\n<figure class=\"wp-block-image size-large\"><a href=\"https:\/\/www.meditation-marseille.org\/wordpress\/wp-content\/uploads\/2025\/12\/WhatsApp-Image-2025-12-05-at-23.03.04-1.jpeg\"><img loading=\"lazy\" decoding=\"async\" width=\"1024\" height=\"576\" data-id=\"7819\" src=\"https:\/\/www.meditation-marseille.org\/wordpress\/wp-content\/uploads\/2025\/12\/WhatsApp-Image-2025-12-05-at-23.03.04-1-1024x576.jpeg\" alt=\"\" class=\"wp-image-7819\" srcset=\"https:\/\/www.meditation-marseille.org\/wordpress\/wp-content\/uploads\/2025\/12\/WhatsApp-Image-2025-12-05-at-23.03.04-1-1024x576.jpeg 1024w, https:\/\/www.meditation-marseille.org\/wordpress\/wp-content\/uploads\/2025\/12\/WhatsApp-Image-2025-12-05-at-23.03.04-1-300x169.jpeg 300w, https:\/\/www.meditation-marseille.org\/wordpress\/wp-content\/uploads\/2025\/12\/WhatsApp-Image-2025-12-05-at-23.03.04-1-768x432.jpeg 768w, https:\/\/www.meditation-marseille.org\/wordpress\/wp-content\/uploads\/2025\/12\/WhatsApp-Image-2025-12-05-at-23.03.04-1-1536x864.jpeg 1536w, https:\/\/www.meditation-marseille.org\/wordpress\/wp-content\/uploads\/2025\/12\/WhatsApp-Image-2025-12-05-at-23.03.04-1.jpeg 1600w\" sizes=\"auto, (max-width: 1024px) 100vw, 1024px\" \/><\/a><\/figure>\n<\/figure>\n\n\n\n<p>L&rsquo;esp\u00e8ce m\u00e9ditation comporte des chaises et des coussins avec tapis pour que tout le monde puisse \u00eatre confortable. Rien besoin d&rsquo;apporter de votre c\u00f4t\u00e9. <\/p>\n\n\n\n<h5 class=\"wp-block-heading\">Comment se rendre au Centre Menlha ?<\/h5>\n\n\n\n<p><\/p>\n\n\n\n<p>\ud83d\udccc Adresse du Centre Bouddhiste Kadampa Menlha : <a href=\"https:\/\/www.google.fr\/maps\/place\/Centre+Bouddhiste+Kadampa+Menlha\/@43.2872544,5.3935675,15.25z\/data=!4m5!3m4!1s0x12c9bf5615461b51:0xd41939f19316f461!8m2!3d43.2856424!4d5.3952217\" target=\"_blank\" rel=\"noreferrer noopener\">8 place Pierre Roux, 13005 Marseille<\/a> (5 min du m\u00e9tro Baille).<br>\ud83d\udccc <strong>&nbsp;Depuis la gare Saint-Charles :<\/strong> Prendre le m\u00e9tro ligne 1 (ligne bleue) direction <em>La Fourrag\u00e8re<\/em> et descendre 5 stations plus loin : arr\u00eat Baille.<br>\ud83d\udccc <strong>&nbsp;Venir en voiture :<\/strong> Vous trouverez des places rue Saint-\u00c9tienne (gratuit sur le d\u00e9but de la rue, payant avant 19h00 sur le reste) ; place Pierre Roux (payant avant 19h00) ; rue Roger Brun (payant avant 19h00)<\/p>\n\n\n<div class=\"wp-block-image\">\n<figure class=\"alignleft\"><a href=\"https:\/\/www.google.fr\/maps\/place\/Centre+Bouddhiste+Kadampa+Menlha\/@43.2872544,5.3935675,15.25z\/data=!4m5!3m4!1s0x12c9bf5615461b51:0xd41939f19316f461!8m2!3d43.2856424!4d5.3952217\" target=\"_blank\" rel=\"noreferrer noopener\"><img loading=\"lazy\" decoding=\"async\" width=\"774\" height=\"498\" src=\"http:\/\/www.meditation-marseille.org\/wordpress\/wp-content\/uploads\/2014\/01\/plan-marseille.jpg\" alt=\"\" class=\"wp-image-2421\" srcset=\"https:\/\/www.meditation-marseille.org\/wordpress\/wp-content\/uploads\/2014\/01\/plan-marseille.jpg 774w, https:\/\/www.meditation-marseille.org\/wordpress\/wp-content\/uploads\/2014\/01\/plan-marseille-300x193.jpg 300w\" sizes=\"auto, (max-width: 774px) 100vw, 774px\" \/><\/a><\/figure>\n<\/div>\n\n\n<p><\/p>\n\n\n\n<div style=\"height:48px\" aria-hidden=\"true\" class=\"wp-block-spacer\"><\/div>\n\n\n\n<h5 class=\"wp-block-heading\">Espace boutique<\/h5>\n\n\n\n<p><\/p>\n\n\n\n<p><span style=\"color: #444444;\"><span style=\"font-weight: normal; font-style: inherit;\">Le centre dispose d&rsquo;un espace d&rsquo;accueil au rez-de-chauss\u00e9, avec un coin boutique o\u00f9 vous pouvez trouver des livres, CD\/MP3 de m\u00e9ditations, images de bouddhas, etc.<\/span><\/span><br>Paiement possible en esp\u00e8ces, ch\u00e8ques et carte bleue (quand la machine ne fait pas des siennes&#8230;)<br><\/p>\n\n\n<div class=\"wp-block-image\">\n<figure class=\"aligncenter size-large is-resized\"><img loading=\"lazy\" decoding=\"async\" width=\"1024\" height=\"768\" src=\"https:\/\/www.meditation-marseille.org\/wordpress\/wp-content\/uploads\/2016\/12\/IMG_20190203_161703-1024x768.jpg\" alt=\"Centre Menlha\" class=\"wp-image-3638\" style=\"width:458px;height:auto\" srcset=\"https:\/\/www.meditation-marseille.org\/wordpress\/wp-content\/uploads\/2016\/12\/IMG_20190203_161703-1024x768.jpg 1024w, https:\/\/www.meditation-marseille.org\/wordpress\/wp-content\/uploads\/2016\/12\/IMG_20190203_161703-300x225.jpg 300w\" sizes=\"auto, (max-width: 1024px) 100vw, 1024px\" \/><\/figure>\n<\/div>\n\n\n<p><span style=\"color: #444444;\"><span style=\"font-weight: normal; font-style: inherit;\"><br><br><\/span><\/span><\/p>\n\n\n\n<h5 class=\"wp-block-heading\">Accueil PMR et personnes malentendantes<\/h5>\n\n\n\n<p class=\"has-text-align-right\"><\/p>\n\n\n<div class=\"wp-block-image\">\n<figure class=\"alignleft is-resized\"><img loading=\"lazy\" decoding=\"async\" width=\"256\" height=\"256\" src=\"http:\/\/www.meditation-marseille.org\/wordpress\/wp-content\/uploads\/2016\/12\/preferences-desktop-accessibility-3.png\" alt=\"Acc\u00e8s PMR\" class=\"wp-image-3640\" style=\"width:214px;height:auto\" srcset=\"https:\/\/www.meditation-marseille.org\/wordpress\/wp-content\/uploads\/2016\/12\/preferences-desktop-accessibility-3.png 256w, https:\/\/www.meditation-marseille.org\/wordpress\/wp-content\/uploads\/2016\/12\/preferences-desktop-accessibility-3-150x150.png 150w\" sizes=\"auto, (max-width: 256px) 100vw, 256px\" \/><\/figure>\n<\/div>\n\n\n<p>Le centre permet l&rsquo;accueil des personnes en fauteuil roulant. Nous disposons d&rsquo;une rampe d&rsquo;acc\u00e8s ainsi que des toilettes aux normes PMR.<\/p>\n\n\n\n<p>Il n&rsquo;est pas possible d&rsquo;acc\u00e9der \u00e0 la salle de m\u00e9ditation en fauteuil, cependant, nous disposons d&rsquo;un syst\u00e8me de retransmission vid\u00e9o d\u00e9di\u00e9 \u00e0 l&rsquo;accueil des personnes \u00e0 mobilit\u00e9 r\u00e9duite, qui permet de suivre les enseignements au rez-de-chauss\u00e9.<\/p>\n\n\n\n<div class=\"wp-block-columns are-vertically-aligned-center is-layout-flex wp-container-core-columns-is-layout-9d6595d7 wp-block-columns-is-layout-flex\">\n<div class=\"wp-block-column is-vertically-aligned-center is-layout-flow wp-block-column-is-layout-flow\" style=\"flex-basis:100%\">\n<div class=\"wp-block-group is-content-justification-center is-nowrap is-layout-flex wp-container-core-group-is-layout-94bc23d7 wp-block-group-is-layout-flex\">\n<p> <\/p>\n<\/div>\n<\/div>\n<\/div>\n\n\n\n<p><\/p>\n\n\n<div class=\"wp-block-image\">\n<figure class=\"alignleft size-full is-resized\"><img loading=\"lazy\" decoding=\"async\" width=\"612\" height=\"612\" src=\"https:\/\/www.meditation-marseille.org\/wordpress\/wp-content\/uploads\/2025\/12\/Picto-malentendant-1.jpg\" alt=\"\" class=\"wp-image-7830\" style=\"width:214px;height:auto\" srcset=\"https:\/\/www.meditation-marseille.org\/wordpress\/wp-content\/uploads\/2025\/12\/Picto-malentendant-1.jpg 612w, https:\/\/www.meditation-marseille.org\/wordpress\/wp-content\/uploads\/2025\/12\/Picto-malentendant-1-300x300.jpg 300w, https:\/\/www.meditation-marseille.org\/wordpress\/wp-content\/uploads\/2025\/12\/Picto-malentendant-1-150x150.jpg 150w\" sizes=\"auto, (max-width: 612px) 100vw, 612px\" \/><\/figure>\n<\/div>\n\n\n<p>Le centre dispose d&rsquo;un appareil permettant aux personnes malentendantes appareill\u00e9es d&rsquo;\u00e9couter les enseignements confortablement.<br>Cependant, veuillez noter que, faute de personnes poss\u00e9dant cet appareillage dans notre entourage, nous n&rsquo;avons pas pu tester \u00e0 ce jour le bon fonctionnement de cette fonctionnalit\u00e9. Si vous \u00eates int\u00e9ress\u00e9s pour faire un test avec nous, n&rsquo;h\u00e9sitez pas \u00e0 nous contacter !<\/p>\n","protected":false},"excerpt":{"rendered":"<p>L&rsquo;histoire du centre Le Centre Menlha est membre de la Nouvelle Tradition Kadampa &#8211; Union Internationale du Bouddhisme Kadampa. Le centre a \u00e9t\u00e9 situ\u00e9 \u00e0 plusieurs lieux dans Marseille au <a class=\"more-link\" href=\"https:\/\/www.meditation-marseille.org\/wordpress\/le-futur-centre-menlha-a-marseille\/\">Continue Reading &rarr;<\/a><\/p>\n","protected":false},"author":1,"featured_media":0,"parent":0,"menu_order":0,"comment_status":"closed","ping_status":"closed","template":"","meta":{"footnotes":""},"class_list":["post-1813","page","type-page","status-publish","hentry"],"_links":{"self":[{"href":"https:\/\/www.meditation-marseille.org\/wordpress\/wp-json\/wp\/v2\/pages\/1813","targetHints":{"allow":["GET"]}}],"collection":[{"href":"https:\/\/www.meditation-marseille.org\/wordpress\/wp-json\/wp\/v2\/pages"}],"about":[{"href":"https:\/\/www.meditation-marseille.org\/wordpress\/wp-json\/wp\/v2\/types\/page"}],"author":[{"embeddable":true,"href":"https:\/\/www.meditation-marseille.org\/wordpress\/wp-json\/wp\/v2\/users\/1"}],"replies":[{"embeddable":true,"href":"https:\/\/www.meditation-marseille.org\/wordpress\/wp-json\/wp\/v2\/comments?post=1813"}],"version-history":[{"count":35,"href":"https:\/\/www.meditation-marseille.org\/wordpress\/wp-json\/wp\/v2\/pages\/1813\/revisions"}],"predecessor-version":[{"id":7835,"href":"https:\/\/www.meditation-marseille.org\/wordpress\/wp-json\/wp\/v2\/pages\/1813\/revisions\/7835"}],"wp:attachment":[{"href":"https:\/\/www.meditation-marseille.org\/wordpress\/wp-json\/wp\/v2\/media?parent=1813"}],"curies":[{"name":"wp","href":"https:\/\/api.w.org\/{rel}","templated":true}]}}