{"id":1126,"date":"2015-10-21T11:10:19","date_gmt":"2015-10-21T09:10:19","guid":{"rendered":"http:\/\/www.meditation-marseille.org\/wordpress\/?page_id=1126"},"modified":"2019-04-06T00:08:24","modified_gmt":"2019-04-05T22:08:24","slug":"1126-2","status":"publish","type":"page","link":"https:\/\/www.meditation-marseille.org\/wordpress\/1126-2\/","title":{"rendered":"Gu\u00e8n-la D\u00e9kyong et Gu\u00e8n-La Jampa"},"content":{"rendered":"<p style=\"text-align: justify;\"><strong><img loading=\"lazy\" decoding=\"async\" class=\"alignleft wp-image-2426 \" style=\"border: 0px;\" src=\"http:\/\/www.meditation-marseille.org\/wordpress\/wp-content\/uploads\/2015\/10\/GK-Dekyong-2014.jpg\" alt=\"GK-Dekyong-2014\" width=\"230\" height=\"303\" \/>Gu\u00e8n-la Kelsang Dekyong<\/strong> est la directrice spirituelle g\u00e9n\u00e9rale de la <a title=\"Le bouddhisme kadampa\" href=\"http:\/\/www.meditation-marseille.org\/wordpress\/le-bouddhisme-kadampa\/\">Nouvelle Tradition Kadampa \u2013 Union Internationale du Bouddhisme Kadampa<\/a> et l\u2019enseignante r\u00e9sidente au Manjushri KMC. C\u2019est une nonne bouddhiste moderne qui d\u00e9die sa vie \u00e0 aider les gens de tous les horizons \u00e0 atteindre le bonheur durable \u00e0 travers le d\u00e9veloppement de la paix mentale int\u00e9rieure.<\/p>\n<p style=\"text-align: justify;\">Elle pratique le bouddhisme et l\u2019\u00e9tudie avec <a title=\"V\u00e9n\u00e9rable Gu\u00e9sh\u00e9 Kelsang Gyatso\" href=\"http:\/\/www.meditation-marseille.org\/wordpress\/venerable-gueshe-kelsang-gyatso\/\">V\u00e9n\u00e9rable Gu\u00e9sh\u00e9 Kelsang Gyatso<\/a> depuis plus de trente ans, p\u00e9riode durant laquelle elle a inspir\u00e9 des milliers de personnes \u00e0 travers le monde gr\u00e2ce \u00e0 sa grande confiance sinc\u00e8re en son guide spirituel, en prenant ses enseignements \u00e0 c\u0153ur et les mettant en pratique dans tous les aspects de sa vie.<\/p>\n<p style=\"text-align: justify;\">Gu\u00e8n-la Dekyong est un ma\u00eetre bouddhiste tr\u00e8s exp\u00e9riment\u00e9 qui a enseign\u00e9 dans de nombreux centres \u00e0 l&rsquo;\u00e9chelle internationale. Avant sa nomination comme directrice\u00a0spirituelle g\u00e9n\u00e9rale, elle \u00e9tait directrice spirituelle nationale des \u00c9tats-Unis. Gu\u00e8n-la D\u00e9kyong enseigne lors de grands \u00e9v\u00e9nements \u00e0 travers le monde et est tr\u00e8s appr\u00e9ci\u00e9e pour sa capacit\u00e9 \u00e0 toucher le c\u0153ur des gens en montrant comment les enseignements de Bouddha sont directement li\u00e9s \u00e0 leur vie quotidienne.<\/p>\n<p style=\"text-align: justify;\">Gu\u00e8n-la a consacr\u00e9 sa vie \u00e0 faire connaitre et enseigner le bouddhisme Kadampa \u00e0 travers le monde par le d\u00e9veloppement de centres de m\u00e9ditation et temples dans autant de pays que possible, et elle fournit un soutien enthousiaste pour tous ceux qui participent \u00e0 ces projets.<\/p>\n<p style=\"text-align: justify;\"><img loading=\"lazy\" decoding=\"async\" class=\"wp-image-2427 alignright\" style=\"border: 0px;\" src=\"http:\/\/www.meditation-marseille.org\/wordpress\/wp-content\/uploads\/2015\/10\/gen-la-jampa-524x600.jpg\" alt=\"gen-la-jampa-524x600\" width=\"233\" height=\"265\" \/><strong>Gu\u00e8n-La Kelsang Jampa<\/strong> est depuis le 10 janvier 2016 le nouveau Directeur Spirituel Adjoint de la Nouvelle Tradition Kadampa.<\/p>\n<p style=\"text-align: justify;\">Gu\u00e8n-La Jampa est l\u2019enseignant r\u00e9sident du Centre de M\u00e9ditation Kadampa du Texas (USA). Il a \u00e9tudi\u00e9 aupr\u00e8s de Gu\u00e9sh\u00e9 Kelsang Gyatso pendant plusieurs ann\u00e9es et a enseign\u00e9 dans de nombreux centres \u00e0 l\u2019international.<\/p>\n<p style=\"text-align: justify;\">Gu\u00e8n-La Jampa est renomm\u00e9 pour ses enseignements clairs et inspirants et par son habilit\u00e9 \u00e0 toucher le c\u0153ur de ceux qui l\u2019\u00e9coutent gr\u00e2ce \u00e0 sa sinc\u00e9rit\u00e9 et \u00e0 son amour bienveillant.<\/p>\n","protected":false},"excerpt":{"rendered":"<p>Gu\u00e8n-la Kelsang Dekyong est la directrice spirituelle g\u00e9n\u00e9rale de la Nouvelle Tradition Kadampa \u2013 Union Internationale du Bouddhisme Kadampa et l\u2019enseignante r\u00e9sidente au Manjushri KMC. C\u2019est une nonne bouddhiste moderne <a class=\"more-link\" href=\"https:\/\/www.meditation-marseille.org\/wordpress\/1126-2\/\">Continue Reading &rarr;<\/a><\/p>\n","protected":false},"author":1,"featured_media":0,"parent":0,"menu_order":0,"comment_status":"closed","ping_status":"closed","template":"","meta":{"footnotes":""},"class_list":["post-1126","page","type-page","status-publish","hentry"],"_links":{"self":[{"href":"https:\/\/www.meditation-marseille.org\/wordpress\/wp-json\/wp\/v2\/pages\/1126","targetHints":{"allow":["GET"]}}],"collection":[{"href":"https:\/\/www.meditation-marseille.org\/wordpress\/wp-json\/wp\/v2\/pages"}],"about":[{"href":"https:\/\/www.meditation-marseille.org\/wordpress\/wp-json\/wp\/v2\/types\/page"}],"author":[{"embeddable":true,"href":"https:\/\/www.meditation-marseille.org\/wordpress\/wp-json\/wp\/v2\/users\/1"}],"replies":[{"embeddable":true,"href":"https:\/\/www.meditation-marseille.org\/wordpress\/wp-json\/wp\/v2\/comments?post=1126"}],"version-history":[{"count":14,"href":"https:\/\/www.meditation-marseille.org\/wordpress\/wp-json\/wp\/v2\/pages\/1126\/revisions"}],"predecessor-version":[{"id":3820,"href":"https:\/\/www.meditation-marseille.org\/wordpress\/wp-json\/wp\/v2\/pages\/1126\/revisions\/3820"}],"wp:attachment":[{"href":"https:\/\/www.meditation-marseille.org\/wordpress\/wp-json\/wp\/v2\/media?parent=1126"}],"curies":[{"name":"wp","href":"https:\/\/api.w.org\/{rel}","templated":true}]}}