{"id":11,"date":"2013-12-11T20:54:26","date_gmt":"2013-12-11T19:54:26","guid":{"rendered":"http:\/\/wp.meditation-marseille.org\/?page_id=11"},"modified":"2025-12-05T23:15:32","modified_gmt":"2025-12-05T22:15:32","slug":"lenseignante-residente","status":"publish","type":"page","link":"https:\/\/www.meditation-marseille.org\/wordpress\/lenseignante-residente\/","title":{"rendered":"L&rsquo;enseignante du Centre Menlha"},"content":{"rendered":"<div class=\"wp-block-image\">\n<figure class=\"alignright size-large is-resized\"><img loading=\"lazy\" decoding=\"async\" width=\"765\" height=\"1024\" src=\"https:\/\/www.meditation-marseille.org\/wordpress\/wp-content\/uploads\/2025\/12\/Guen-Kelsang-Lhassang-2025-765x1024.jpg\" alt=\"\" class=\"wp-image-7792\" style=\"width:234px;height:auto\" srcset=\"https:\/\/www.meditation-marseille.org\/wordpress\/wp-content\/uploads\/2025\/12\/Guen-Kelsang-Lhassang-2025-765x1024.jpg 765w, https:\/\/www.meditation-marseille.org\/wordpress\/wp-content\/uploads\/2025\/12\/Guen-Kelsang-Lhassang-2025-224x300.jpg 224w, https:\/\/www.meditation-marseille.org\/wordpress\/wp-content\/uploads\/2025\/12\/Guen-Kelsang-Lhassang-2025-768x1028.jpg 768w, https:\/\/www.meditation-marseille.org\/wordpress\/wp-content\/uploads\/2025\/12\/Guen-Kelsang-Lhassang-2025.jpg 983w\" sizes=\"auto, (max-width: 765px) 100vw, 765px\" \/><\/figure>\n<\/div>\n\n\n<p><strong>Gu\u00e8n Kelsang Lhassang<\/strong> est l&rsquo;enseignante r\u00e9sidente du Centre Menlha.<\/p>\n\n\n\n<p>Elle nous transmet les enseignements de Bouddha avec patience et douceur en nous donnant des conseils pratiques pour nous permettre de d\u00e9velopper nos qualit\u00e9s et surmonter nos difficult\u00e9s.<\/p>\n\n\n\n<p>Kelsang Lhassang pratique le Bouddhisme Kadampa depuis plus de 20 ans et a re\u00e7u l&rsquo;ordination en 2007. Elle a travaill\u00e9 pendant de nombreuses ann\u00e9es \u00e0 l&rsquo;h\u00f4pital en tant qu&rsquo;infirmi\u00e8re pu\u00e9ricultrice. Elle a \u00e9galement particip\u00e9 au d\u00e9veloppement du centre bouddhiste de Lille, en y donnant des enseignements.<\/p>\n\n\n<div class=\"wp-block-image\">\n<figure class=\"aligncenter size-large is-resized\"><img loading=\"lazy\" decoding=\"async\" width=\"1024\" height=\"576\" src=\"https:\/\/www.meditation-marseille.org\/wordpress\/wp-content\/uploads\/2025\/12\/Guen-Kelsang-Lhassang-1024x576.jpg\" alt=\"\" class=\"wp-image-7796\" style=\"width:638px;height:auto\" srcset=\"https:\/\/www.meditation-marseille.org\/wordpress\/wp-content\/uploads\/2025\/12\/Guen-Kelsang-Lhassang-1024x576.jpg 1024w, https:\/\/www.meditation-marseille.org\/wordpress\/wp-content\/uploads\/2025\/12\/Guen-Kelsang-Lhassang-300x169.jpg 300w, https:\/\/www.meditation-marseille.org\/wordpress\/wp-content\/uploads\/2025\/12\/Guen-Kelsang-Lhassang-768x432.jpg 768w, https:\/\/www.meditation-marseille.org\/wordpress\/wp-content\/uploads\/2025\/12\/Guen-Kelsang-Lhassang-1536x864.jpg 1536w, https:\/\/www.meditation-marseille.org\/wordpress\/wp-content\/uploads\/2025\/12\/Guen-Kelsang-Lhassang.jpg 1600w\" sizes=\"auto, (max-width: 1024px) 100vw, 1024px\" \/><\/figure>\n<\/div>\n\n\n<p><\/p>\n","protected":false},"excerpt":{"rendered":"<p>Gu\u00e8n Kelsang Lhassang est l&rsquo;enseignante r\u00e9sidente du Centre Menlha. Elle nous transmet les enseignements de Bouddha avec patience et douceur en nous donnant des conseils pratiques pour nous permettre de <a class=\"more-link\" href=\"https:\/\/www.meditation-marseille.org\/wordpress\/lenseignante-residente\/\">Continue Reading &rarr;<\/a><\/p>\n","protected":false},"author":1,"featured_media":0,"parent":0,"menu_order":0,"comment_status":"closed","ping_status":"closed","template":"","meta":{"footnotes":""},"class_list":["post-11","page","type-page","status-publish","hentry"],"_links":{"self":[{"href":"https:\/\/www.meditation-marseille.org\/wordpress\/wp-json\/wp\/v2\/pages\/11","targetHints":{"allow":["GET"]}}],"collection":[{"href":"https:\/\/www.meditation-marseille.org\/wordpress\/wp-json\/wp\/v2\/pages"}],"about":[{"href":"https:\/\/www.meditation-marseille.org\/wordpress\/wp-json\/wp\/v2\/types\/page"}],"author":[{"embeddable":true,"href":"https:\/\/www.meditation-marseille.org\/wordpress\/wp-json\/wp\/v2\/users\/1"}],"replies":[{"embeddable":true,"href":"https:\/\/www.meditation-marseille.org\/wordpress\/wp-json\/wp\/v2\/comments?post=11"}],"version-history":[{"count":25,"href":"https:\/\/www.meditation-marseille.org\/wordpress\/wp-json\/wp\/v2\/pages\/11\/revisions"}],"predecessor-version":[{"id":7798,"href":"https:\/\/www.meditation-marseille.org\/wordpress\/wp-json\/wp\/v2\/pages\/11\/revisions\/7798"}],"wp:attachment":[{"href":"https:\/\/www.meditation-marseille.org\/wordpress\/wp-json\/wp\/v2\/media?parent=11"}],"curies":[{"name":"wp","href":"https:\/\/api.w.org\/{rel}","templated":true}]}}