{"id":1049,"date":"2015-09-01T23:46:13","date_gmt":"2015-09-01T21:46:13","guid":{"rendered":"http:\/\/www.meditation-marseille.org\/wordpress\/?page_id=1049"},"modified":"2026-04-26T22:58:11","modified_gmt":"2026-04-26T20:58:11","slug":"calendrier-des-enseignements","status":"publish","type":"page","link":"https:\/\/www.meditation-marseille.org\/wordpress\/calendrier-des-enseignements\/","title":{"rendered":"Calendrier des activit\u00e9s"},"content":{"rendered":"\n<figure class=\"wp-block-image size-large\"><a href=\"https:\/\/www.meditation-marseille.org\/wordpress\/wp-content\/uploads\/2026\/04\/Capture-decran-2026-04-26-225710.png\"><img loading=\"lazy\" decoding=\"async\" width=\"1024\" height=\"827\" src=\"https:\/\/www.meditation-marseille.org\/wordpress\/wp-content\/uploads\/2026\/04\/Capture-decran-2026-04-26-225710-1024x827.png\" alt=\"\" class=\"wp-image-8377\" srcset=\"https:\/\/www.meditation-marseille.org\/wordpress\/wp-content\/uploads\/2026\/04\/Capture-decran-2026-04-26-225710-1024x827.png 1024w, https:\/\/www.meditation-marseille.org\/wordpress\/wp-content\/uploads\/2026\/04\/Capture-decran-2026-04-26-225710-300x242.png 300w, https:\/\/www.meditation-marseille.org\/wordpress\/wp-content\/uploads\/2026\/04\/Capture-decran-2026-04-26-225710-768x620.png 768w, https:\/\/www.meditation-marseille.org\/wordpress\/wp-content\/uploads\/2026\/04\/Capture-decran-2026-04-26-225710-1536x1240.png 1536w, https:\/\/www.meditation-marseille.org\/wordpress\/wp-content\/uploads\/2026\/04\/Capture-decran-2026-04-26-225710.png 1867w\" sizes=\"auto, (max-width: 1024px) 100vw, 1024px\" \/><\/a><\/figure>\n\n\n\n<figure class=\"wp-block-image size-large\"><a href=\"https:\/\/www.meditation-marseille.org\/wordpress\/wp-content\/uploads\/2026\/03\/Titres-avril-2026.png\"><img loading=\"lazy\" decoding=\"async\" width=\"1024\" height=\"994\" src=\"https:\/\/www.meditation-marseille.org\/wordpress\/wp-content\/uploads\/2026\/03\/Titres-avril-2026-1024x994.png\" alt=\"\" class=\"wp-image-8302\" srcset=\"https:\/\/www.meditation-marseille.org\/wordpress\/wp-content\/uploads\/2026\/03\/Titres-avril-2026-1024x994.png 1024w, https:\/\/www.meditation-marseille.org\/wordpress\/wp-content\/uploads\/2026\/03\/Titres-avril-2026-300x291.png 300w, https:\/\/www.meditation-marseille.org\/wordpress\/wp-content\/uploads\/2026\/03\/Titres-avril-2026-768x746.png 768w, https:\/\/www.meditation-marseille.org\/wordpress\/wp-content\/uploads\/2026\/03\/Titres-avril-2026.png 1103w\" sizes=\"auto, (max-width: 1024px) 100vw, 1024px\" \/><\/a><\/figure>\n\n\n\n<figure class=\"wp-block-image size-large\"><a href=\"https:\/\/www.meditation-marseille.org\/wordpress\/wp-content\/uploads\/2026\/04\/Capture-decran-2026-04-26-225739.png\"><img loading=\"lazy\" decoding=\"async\" width=\"1024\" height=\"909\" src=\"https:\/\/www.meditation-marseille.org\/wordpress\/wp-content\/uploads\/2026\/04\/Capture-decran-2026-04-26-225739-1024x909.png\" alt=\"\" class=\"wp-image-8379\" srcset=\"https:\/\/www.meditation-marseille.org\/wordpress\/wp-content\/uploads\/2026\/04\/Capture-decran-2026-04-26-225739-1024x909.png 1024w, https:\/\/www.meditation-marseille.org\/wordpress\/wp-content\/uploads\/2026\/04\/Capture-decran-2026-04-26-225739-300x266.png 300w, https:\/\/www.meditation-marseille.org\/wordpress\/wp-content\/uploads\/2026\/04\/Capture-decran-2026-04-26-225739-768x682.png 768w, https:\/\/www.meditation-marseille.org\/wordpress\/wp-content\/uploads\/2026\/04\/Capture-decran-2026-04-26-225739.png 1252w\" sizes=\"auto, (max-width: 1024px) 100vw, 1024px\" \/><\/a><\/figure>\n\n\n\n<div style=\"height:33px\" aria-hidden=\"true\" class=\"wp-block-spacer\"><\/div>\n\n\n\n<p><span style=\"font-size: 10pt;\">PG : <a href=\"http:\/\/www.meditation-marseille.org\/wordpress\/le-programme-general\/\">Programme G\u00e9n\u00e9ral (s\u00e9ance avec enseignement et m\u00e9ditation guid\u00e9e)<\/a> <\/span><br><span style=\"font-size: 10pt;\">PF : <a href=\"http:\/\/www.meditation-marseille.org\/wordpress\/le-programme-fondamental\/\">Programme Fondamental (cours avanc\u00e9 ouvert uniquement aux personnes inscrites)<\/a> <\/span><br><span style=\"font-size: 10pt;\">JES : <a href=\"http:\/\/www.meditation-marseille.org\/wordpress\/prieres\/\">Joyau Qui Exauce les Souhaits (pri\u00e8re chant\u00e9e)<\/a> <\/span><br><span style=\"font-size: 10pt;\">OGS : <a href=\"http:\/\/www.meditation-marseille.org\/wordpress\/prieres\/\">Offrande au Guide Spirituel <span style=\"font-size: 10pt;\">(<\/span>pri\u00e8re chant\u00e9e)<\/a> <\/span><br><span style=\"font-size: 10pt;\">TM : <a href=\"http:\/\/www.meditation-marseille.org\/wordpress\/prieres\/\">Tambour M\u00e9lodieux <span style=\"font-size: 10pt;\">(<\/span>pri\u00e8re chant\u00e9e)<\/a><\/span><\/p>\n","protected":false},"excerpt":{"rendered":"<p>PG : Programme G\u00e9n\u00e9ral (s\u00e9ance avec enseignement et m\u00e9ditation guid\u00e9e) PF : Programme Fondamental (cours avanc\u00e9 ouvert uniquement aux personnes inscrites) JES : Joyau Qui Exauce les Souhaits (pri\u00e8re chant\u00e9e) <a class=\"more-link\" href=\"https:\/\/www.meditation-marseille.org\/wordpress\/calendrier-des-enseignements\/\">Continue Reading &rarr;<\/a><\/p>\n","protected":false},"author":1,"featured_media":0,"parent":0,"menu_order":0,"comment_status":"closed","ping_status":"closed","template":"","meta":{"footnotes":""},"class_list":["post-1049","page","type-page","status-publish","hentry"],"_links":{"self":[{"href":"https:\/\/www.meditation-marseille.org\/wordpress\/wp-json\/wp\/v2\/pages\/1049","targetHints":{"allow":["GET"]}}],"collection":[{"href":"https:\/\/www.meditation-marseille.org\/wordpress\/wp-json\/wp\/v2\/pages"}],"about":[{"href":"https:\/\/www.meditation-marseille.org\/wordpress\/wp-json\/wp\/v2\/types\/page"}],"author":[{"embeddable":true,"href":"https:\/\/www.meditation-marseille.org\/wordpress\/wp-json\/wp\/v2\/users\/1"}],"replies":[{"embeddable":true,"href":"https:\/\/www.meditation-marseille.org\/wordpress\/wp-json\/wp\/v2\/comments?post=1049"}],"version-history":[{"count":54,"href":"https:\/\/www.meditation-marseille.org\/wordpress\/wp-json\/wp\/v2\/pages\/1049\/revisions"}],"predecessor-version":[{"id":8380,"href":"https:\/\/www.meditation-marseille.org\/wordpress\/wp-json\/wp\/v2\/pages\/1049\/revisions\/8380"}],"wp:attachment":[{"href":"https:\/\/www.meditation-marseille.org\/wordpress\/wp-json\/wp\/v2\/media?parent=1049"}],"curies":[{"name":"wp","href":"https:\/\/api.w.org\/{rel}","templated":true}]}}